{"id":816,"date":"2021-05-30T14:08:16","date_gmt":"2021-05-30T13:08:16","guid":{"rendered":"https:\/\/crypto.wordifysites.com\/?page_id=2"},"modified":"2025-09-12T15:52:15","modified_gmt":"2025-09-12T12:52:15","slug":"home","status":"publish","type":"page","link":"https:\/\/crmsystems.co.il\/es\/","title":{"rendered":"Home"},"content":{"rendered":"<div class=\"gb-container gb-container-190ba00e\"><div class=\"gb-inside-container\">\n<div class=\"gb-grid-wrapper gb-grid-wrapper-ef5d407f\">\n<div class=\"gb-grid-column gb-grid-column-69101d0b\"><div class=\"gb-container gb-container-69101d0b\"><div class=\"gb-inside-container\">\n\n<h1 class=\"wp-block-heading has-base-3-color has-text-color\">Implementaci\u00f3n y desarrollo de sistemas basados en Zoho para una gesti\u00f3n \u00f3ptima<\/h1>\n\n\n\n<p class=\"has-white-color has-text-color\"><strong>Cloud CRM Systems <\/strong>se especializa en dise\u00f1ar e implementar soluciones en la nube para marketing, ventas, servicio, operaciones y crecimiento empresarial. Nuestra plataforma principal es Zoho, con especial enfoque en <strong>Zoho CRM<\/strong>.<br><\/p>\n\n<\/div><\/div><\/div>\n\n<div class=\"gb-grid-column gb-grid-column-54106995\"><div class=\"gb-container gb-container-54106995\"><div class=\"gb-inside-container\">\n\n<figure class=\"wp-block-image size-large\"><img decoding=\"async\" src=\"http:\/\/crmsystems.co.il\/es\/wp-content\/uploads\/2021\/11\/main-concept.png\" alt=\"CRM Visualization\"\/><\/figure>\n\n<\/div><\/div><\/div>\n<\/div>\n<\/div><div class=\"gb-shapes\"><div class=\"gb-shape gb-shape-1\"><svg xmlns=\"http:\/\/www.w3.org\/2000\/svg\" viewBox=\"0 0 1200 130.3\" preserveAspectRatio=\"none\"><path d=\"M0 107.9l40-22.2c40-21.9 120-66.9 200-62.2 80 4.4 160 57.8 240 53.3C560 72 640 10.4 720 1.2S880 37 960 59c80 22.3 160 22.3 200 22.3h40v49H0v-22.4z\"\/><\/svg><\/div><\/div><\/div>\n\n<div class=\"gb-container gb-container-fdbd6300\"><div class=\"gb-inside-container\">\n<div class=\"gb-grid-wrapper gb-grid-wrapper-126af6dc\">\n<div class=\"gb-grid-column gb-grid-column-b910f0a6\"><div class=\"gb-container gb-container-b910f0a6\"><div class=\"gb-inside-container\">\n\n<figure class=\"wp-block-image size-large\"><img loading=\"lazy\" decoding=\"async\" width=\"1024\" height=\"450\" src=\"http:\/\/crmsystems.co.il\/es\/wp-content\/uploads\/2025\/01\/ZOHO_logo-1024x450.png\" alt=\"Zoho Logo\" class=\"wp-image-1326\" srcset=\"https:\/\/crmsystems.co.il\/es\/wp-content\/uploads\/2025\/01\/ZOHO_logo-1024x450.png 1024w, https:\/\/crmsystems.co.il\/es\/wp-content\/uploads\/2025\/01\/ZOHO_logo-300x132.png 300w, https:\/\/crmsystems.co.il\/es\/wp-content\/uploads\/2025\/01\/ZOHO_logo-768x338.png 768w, https:\/\/crmsystems.co.il\/es\/wp-content\/uploads\/2025\/01\/ZOHO_logo-1536x675.png 1536w, https:\/\/crmsystems.co.il\/es\/wp-content\/uploads\/2025\/01\/ZOHO_logo-2048x900.png 2048w\" sizes=\"auto, (max-width: 1024px) 100vw, 1024px\" \/><\/figure>\n\n<\/div><\/div><\/div>\n\n<div class=\"gb-grid-column gb-grid-column-32e1430d\"><div class=\"gb-container gb-container-32e1430d\"><div class=\"gb-inside-container\">\n\n<h2 class=\"gb-headline gb-headline-c6416161\"><span class=\"gb-icon\"><svg viewBox=\"0 0 80 42\" xmlns=\"http:\/\/www.w3.org\/2000\/svg\" data-name=\"subtract\"><path d=\"M0 20.06h80v1.87H0z\"><\/path><\/svg><\/span><span class=\"gb-headline-text\">La Infraestructura de Zoho<\/span><\/h2>\n\n\n\n<h2 class=\"gb-headline gb-headline-fcccb11c gb-headline-text\">Soluciones de gesti\u00f3n integradas<\/h2>\n\n\n\n<p>Zoho ofrece una infraestructura rica, confiable y flexible que nos permite construir soluciones de gesti\u00f3n excelentes para usted. La infraestructura incluye una capa de productos dedicados que se pueden adaptar f\u00e1cilmente a sus necesidades. Los productos de Zoho se basan en tecnolog\u00eda avanzada, r\u00e1pida y segura, que permite la conexi\u00f3n entre los diferentes productos y la construcci\u00f3n de soluciones integradas.<\/p>\n\n\n\n<p class=\"gb-headline gb-headline-7196996c\"><span class=\"gb-icon\"><svg aria-hidden=\"true\" role=\"img\" height=\"1em\" width=\"1em\" viewBox=\"0 0 256 512\" xmlns=\"http:\/\/www.w3.org\/2000\/svg\"><path fill=\"currentColor\" d=\"M224.3 273l-136 136c-9.4 9.4-24.6 9.4-33.9 0l-22.6-22.6c-9.4-9.4-9.4-24.6 0-33.9l96.4-96.4-96.4-96.4c-9.4-9.4-9.4-24.6 0-33.9L54.3 103c9.4-9.4 24.6-9.4 33.9 0l136 136c9.5 9.4 9.5 24.6.1 34z\"><\/path><\/svg><\/span><span class=\"gb-headline-text\"><strong>Soluciones de gesti\u00f3n para cada necesidad<\/strong><\/span><\/p>\n\n\n\n<p class=\"gb-headline gb-headline-d590db48\"><span class=\"gb-icon\"><svg aria-hidden=\"true\" role=\"img\" height=\"1em\" width=\"1em\" viewBox=\"0 0 256 512\" xmlns=\"http:\/\/www.w3.org\/2000\/svg\"><path fill=\"currentColor\" d=\"M224.3 273l-136 136c-9.4 9.4-24.6 9.4-33.9 0l-22.6-22.6c-9.4-9.4-9.4-24.6 0-33.9l96.4-96.4-96.4-96.4c-9.4-9.4-9.4-24.6 0-33.9L54.3 103c9.4-9.4 24.6-9.4 33.9 0l136 136c9.5 9.4 9.5 24.6.1 34z\"><\/path><\/svg><\/span><span class=\"gb-headline-text\"><strong><strong>Integraci\u00f3n y personalizaci\u00f3n sencillas<\/strong><\/strong><\/span><\/p>\n\n\n\n<p class=\"gb-headline gb-headline-816b4cd6\"><span class=\"gb-icon\"><svg aria-hidden=\"true\" role=\"img\" height=\"1em\" width=\"1em\" viewBox=\"0 0 256 512\" xmlns=\"http:\/\/www.w3.org\/2000\/svg\"><path fill=\"currentColor\" d=\"M224.3 273l-136 136c-9.4 9.4-24.6 9.4-33.9 0l-22.6-22.6c-9.4-9.4-9.4-24.6 0-33.9l96.4-96.4-96.4-96.4c-9.4-9.4-9.4-24.6 0-33.9L54.3 103c9.4-9.4 24.6-9.4 33.9 0l136 136c9.5 9.4 9.5 24.6.1 34z\"><\/path><\/svg><\/span><span class=\"gb-headline-text\"><strong><strong>Productos en la nube accesibles y seguros<\/strong><\/strong><\/span><\/p>\n\n<\/div><\/div><\/div>\n<\/div>\n<\/div><\/div>\n\n<div class=\"gb-container gb-container-8a45a45f\"><div class=\"gb-inside-container\">\n<div class=\"gb-grid-wrapper gb-grid-wrapper-cd83db46\">\n<div class=\"gb-grid-column gb-grid-column-c0c76b75\"><div class=\"gb-container gb-container-c0c76b75\"><div class=\"gb-inside-container\">\n\n<h2 class=\"gb-headline gb-headline-dd2f3fd7\"><span class=\"gb-icon\"><svg viewBox=\"0 0 80 42\" xmlns=\"http:\/\/www.w3.org\/2000\/svg\" data-name=\"subtract\"><path d=\"M0 20.06h80v1.87H0z\"><\/path><\/svg><\/span><span class=\"gb-headline-text\">Nuestras capacidades<\/span><\/h2>\n\n\n\n<h2 class=\"wp-block-heading\">Desarrollo e implementaci\u00f3n de la soluci\u00f3n que mejor se adapta a ti<\/h2>\n\n\n\n<p>Somos expertos en adaptar los productos de Zoho a las necesidades espec\u00edficas de cada cliente, a trav\u00e9s de la definici\u00f3n, implementaci\u00f3n y optimizaci\u00f3n de procesos de negocio. Esta especializaci\u00f3n se refleja en cientos de soluciones desarrolladas a lo largo de los a\u00f1os: desde sistemas avanzados de CRM, pasando por herramientas de BI y anal\u00edtica, hasta plataformas de gesti\u00f3n complejas pero eficientes.<\/p>\n\n\n\n<p class=\"gb-headline gb-headline-748c900f\"><span class=\"gb-icon\"><svg aria-hidden=\"true\" role=\"img\" height=\"1em\" width=\"1em\" viewBox=\"0 0 256 512\" xmlns=\"http:\/\/www.w3.org\/2000\/svg\"><path fill=\"currentColor\" d=\"M224.3 273l-136 136c-9.4 9.4-24.6 9.4-33.9 0l-22.6-22.6c-9.4-9.4-9.4-24.6 0-33.9l96.4-96.4-96.4-96.4c-9.4-9.4-9.4-24.6 0-33.9L54.3 103c9.4-9.4 24.6-9.4 33.9 0l136 136c9.5 9.4 9.5 24.6.1 34z\"><\/path><\/svg><\/span><span class=\"gb-headline-text\"><strong>Creatividad tecnol\u00f3gica basada en una amplia experiencia y en la pasi\u00f3n por los desaf\u00edos que enfrentamos<\/strong><\/span><\/p>\n\n\n\n<p class=\"gb-headline gb-headline-837c7ce4\"><span class=\"gb-icon\"><svg aria-hidden=\"true\" role=\"img\" height=\"1em\" width=\"1em\" viewBox=\"0 0 256 512\" xmlns=\"http:\/\/www.w3.org\/2000\/svg\"><path fill=\"currentColor\" d=\"M224.3 273l-136 136c-9.4 9.4-24.6 9.4-33.9 0l-22.6-22.6c-9.4-9.4-9.4-24.6 0-33.9l96.4-96.4-96.4-96.4c-9.4-9.4-9.4-24.6 0-33.9L54.3 103c9.4-9.4 24.6-9.4 33.9 0l136 136c9.5 9.4 9.5 24.6.1 34z\"><\/path><\/svg><\/span><span class=\"gb-headline-text\"><strong>Consolidaci\u00f3n de herramientas de gesti\u00f3n y sistemas de informaci\u00f3n de forma que permitan una gesti\u00f3n hol\u00edstica<\/strong><\/span><\/p>\n\n\n\n<p class=\"gb-headline gb-headline-98e3d2b9\"><span class=\"gb-icon\"><svg aria-hidden=\"true\" role=\"img\" height=\"1em\" width=\"1em\" viewBox=\"0 0 256 512\" xmlns=\"http:\/\/www.w3.org\/2000\/svg\"><path fill=\"currentColor\" d=\"M224.3 273l-136 136c-9.4 9.4-24.6 9.4-33.9 0l-22.6-22.6c-9.4-9.4-9.4-24.6 0-33.9l96.4-96.4-96.4-96.4c-9.4-9.4-9.4-24.6 0-33.9L54.3 103c9.4-9.4 24.6-9.4 33.9 0l136 136c9.5 9.4 9.5 24.6.1 34z\"><\/path><\/svg><\/span><span class=\"gb-headline-text\"><strong>Profundizaci\u00f3n en el uso del sistema Zoho en el \u00e1mbito operativo de la gesti\u00f3n de la organizaci\u00f3n<\/strong><\/span><\/p>\n\n<\/div><\/div><\/div>\n\n<div class=\"gb-grid-column gb-grid-column-a09b2f0a\"><div class=\"gb-container gb-container-a09b2f0a\"><div class=\"gb-inside-container\">\n<div class=\"wp-block-image\">\n<figure class=\"aligncenter size-full\"><img loading=\"lazy\" decoding=\"async\" width=\"483\" height=\"480\" src=\"http:\/\/crmsystems.co.il\/es\/wp-content\/uploads\/2025\/01\/zap-square.png\" alt=\"Zoho Authorized Partner Logo\" class=\"wp-image-1327\" srcset=\"https:\/\/crmsystems.co.il\/es\/wp-content\/uploads\/2025\/01\/zap-square.png 483w, https:\/\/crmsystems.co.il\/es\/wp-content\/uploads\/2025\/01\/zap-square-300x298.png 300w, https:\/\/crmsystems.co.il\/es\/wp-content\/uploads\/2025\/01\/zap-square-150x150.png 150w\" sizes=\"auto, (max-width: 483px) 100vw, 483px\" \/><\/figure><\/div>\n<\/div><\/div><\/div>\n<\/div>\n<\/div><\/div>\n\n<div class=\"gb-container gb-container-91b231bf\"><div class=\"gb-inside-container\">\n<div class=\"gb-grid-wrapper gb-grid-wrapper-409ddfb8\">\n<div class=\"gb-grid-column gb-grid-column-a955004c\"><div class=\"gb-container gb-container-a955004c\"><div class=\"gb-inside-container\">\n\n<h2 class=\"gb-headline gb-headline-539c30d5 gb-headline-text\"><strong>\u00bfC\u00f3mo funciona?<\/strong>How does it <\/h2>\n\n\n\n<h2 class=\"gb-headline gb-headline-a163fdff gb-headline-text\">Todo empieza con una especificaci\u00f3n de calidad<\/h2>\n\n\n\n<p>El an\u00e1lisis exhaustivo de sus requisitos y necesidades empresariales, combinado con la experiencia y el conocimiento profesional que hemos acumulado, nos permite elaborar una especificaci\u00f3n precisa y completa del sistema. Este proceso es fundamental para garantizar que la infraestructura que desarrollemos sea flexible, estable y modular, respondiendo tanto a sus necesidades actuales como a los cambios futuros de la organizaci\u00f3n, y brindando un servicio \u00f3ptimo durante muchos a\u00f1os.<\/p>\n\n<\/div><\/div><\/div>\n\n<div class=\"gb-grid-column gb-grid-column-31111a3b\"><div class=\"gb-container gb-container-31111a3b\"><div class=\"gb-inside-container\">\n\n<h3 class=\"gb-headline gb-headline-42ddb2c0\"><span class=\"gb-icon\"><svg viewBox=\"0 0 384 512\" xmlns=\"http:\/\/www.w3.org\/2000\/svg\"><path d=\"M384 112v352c0 26.51-21.49 48-48 48H48c-26.51 0-48-21.49-48-48V112c0-26.51 21.49-48 48-48h80c0-35.29 28.71-64 64-64s64 28.71 64 64h80c26.51 0 48 21.49 48 48zM192 40c-13.255 0-24 10.745-24 24s10.745 24 24 24 24-10.745 24-24-10.745-24-24-24m96 114v-20a6 6 0 00-6-6H102a6 6 0 00-6 6v20a6 6 0 006 6h180a6 6 0 006-6x\"><\/path><\/svg><\/span><span class=\"gb-headline-text\"><strong>Especificaci\u00f3n<\/strong><\/span><\/h3>\n\n\n\n<p style=\"font-size:15px\">La especificaci\u00f3n se realiza a lo largo de una serie de reuniones, al final de las cuales le presentamos las soluciones propuestas.<\/p>\n\n\n\n<h3 class=\"gb-headline gb-headline-685d1b62\"><span class=\"gb-icon\"><svg viewBox=\"0 0 16 16\" class=\"bi bi-tools\" fill=\"currentColor\" height=\"16\" width=\"16\" xmlns=\"http:\/\/www.w3.org\/2000\/svg\">   <path d=\"M1 0 0 1l2.2 3.081a1 1 0 0 0 .815.419h.07a1 1 0 0 1 .708.293l2.675 2.675-2.617 2.654A3.003 3.003 0 0 0 0 13a3 3 0 1 0 5.878-.851l2.654-2.617.968.968-.305.914a1 1 0 0 0 .242 1.023l3.356 3.356a1 1 0 0 0 1.414 0l1.586-1.586a1 1 0 0 0 0-1.414l-3.356-3.356a1 1 0 0 0-1.023-.242L10.5 9.5l-.96-.96 2.68-2.643A3.005 3.005 0 0 0 16 3c0-.269-.035-.53-.102-.777l-2.14 2.141L12 4l-.364-1.757L13.777.102a3 3 0 0 0-3.675 3.68L7.462 6.46 4.793 3.793a1 1 0 0 1-.293-.707v-.071a1 1 0 0 0-.419-.814L1 0zm9.646 10.646a.5.5 0 0 1 .708 0l3 3a.5.5 0 0 1-.708.708l-3-3a.5.5 0 0 1 0-.708zM3 11l.471.242.529.026.287.445.445.287.026.529L5 13l-.242.471-.026.529-.445.287-.287.445-.529.026L3 15l-.471-.242L2 14.732l-.287-.445L1.268 14l-.026-.529L1 13l.242-.471.026-.529.445-.287.287-.445.529-.026L3 11z\"><\/path> <\/svg><\/span><span class=\"gb-headline-text\"><strong>Planificaci\u00f3n y desarrollo<\/strong><\/span><\/h3>\n\n\n\n<p style=\"font-size:15px\">Una vez aprobada la especificaci\u00f3n, comenzamos con el desarrollo del sistema y su preparaci\u00f3n para la puesta en marcha.<\/p>\n\n\n\n<h3 class=\"gb-headline gb-headline-e229a232\"><span class=\"gb-icon\"><svg viewBox=\"0 0 16 16\" class=\"bi bi-file-earmark-play-fill\" fill=\"currentColor\" height=\"16\" width=\"16\" xmlns=\"http:\/\/www.w3.org\/2000\/svg\">   <path d=\"M9.293 0H4a2 2 0 0 0-2 2v12a2 2 0 0 0 2 2h8a2 2 0 0 0 2-2V4.707A1 1 0 0 0 13.707 4L10 .293A1 1 0 0 0 9.293 0zM9.5 3.5v-2l3 3h-2a1 1 0 0 1-1-1zM6 6.883a.5.5 0 0 1 .757-.429l3.528 2.117a.5.5 0 0 1 0 .858l-3.528 2.117a.5.5 0 0 1-.757-.43V6.884z\"><\/path> <\/svg><\/span><span class=\"gb-headline-text\"><strong>Implementaci\u00f3n<\/strong><\/span><\/h3>\n\n\n\n<p style=\"font-size:15px\">Cuando el sistema est\u00e1 listo, lo ponemos en marcha con nuestro acompa\u00f1amiento y comenzamos a operar.<\/p>\n\n<\/div><\/div><\/div>\n<\/div>\n<\/div><\/div>\n\n<div class=\"gb-container gb-container-9c7c697b\"><div class=\"gb-inside-container\">\n\n<h2 class=\"gb-headline gb-headline-d3fd4111 gb-headline-text\"><strong>\u00bfPor qu\u00e9 elegirnos?<\/strong><\/h2>\n\n\n\n<div class=\"gb-headline gb-headline-66dcc757\"><span class=\"gb-icon\"><svg viewBox=\"0 0 124 124\" xmlns=\"http:\/\/www.w3.org\/2000\/svg\"><path d=\"M112 50H12C5.4 50 0 55.4 0 62s5.4 12 12 12h100c6.6 0 12-5.4 12-12s-5.4-12-12-12z\"><\/path><\/svg><\/span><\/div>\n\n\n<div class=\"gb-grid-wrapper gb-grid-wrapper-5c61dfe2\">\n<div class=\"gb-grid-column gb-grid-column-6ee1d94d\"><div class=\"gb-container gb-container-6ee1d94d column-shadow\"><div class=\"gb-inside-container\">\n\n<h3 class=\"gb-headline gb-headline-6752f12f\"><span class=\"gb-icon\"><svg viewBox=\"0 0 16 16\" class=\"bi bi-calendar-check-fill\" fill=\"currentColor\" height=\"16\" width=\"16\" xmlns=\"http:\/\/www.w3.org\/2000\/svg\">   <path d=\"M4 .5a.5.5 0 0 0-1 0V1H2a2 2 0 0 0-2 2v1h16V3a2 2 0 0 0-2-2h-1V.5a.5.5 0 0 0-1 0V1H4V.5zM16 14V5H0v9a2 2 0 0 0 2 2h12a2 2 0 0 0 2-2zm-5.146-5.146-3 3a.5.5 0 0 1-.708 0l-1.5-1.5a.5.5 0 0 1 .708-.708L7.5 10.793l2.646-2.647a.5.5 0 0 1 .708.708z\"><\/path> <\/svg><\/span><span class=\"gb-headline-text\"><strong>Experiencia<\/strong><\/span><\/h3>\n\n\n\n<p class=\"has-text-align-center\" style=\"font-size:15px\">Llevamos m\u00e1s de una d\u00e9cada dedicados a la implementaci\u00f3n y desarrollo de productos en la nube, incluyendo los productos de Zoho. Pone a su disposici\u00f3n toda esta experiencia.<\/p>\n\n<\/div><\/div><\/div>\n\n<div class=\"gb-grid-column gb-grid-column-666a9e38\"><div class=\"gb-container gb-container-666a9e38 column-shadow\"><div class=\"gb-inside-container\">\n\n<h3 class=\"gb-headline gb-headline-7fdecc99\"><span class=\"gb-icon\"><svg aria-hidden=\"true\" role=\"img\" height=\"1em\" width=\"1em\" viewBox=\"0 0 512 512\" xmlns=\"http:\/\/www.w3.org\/2000\/svg\"><path fill=\"currentColor\" d=\"M173.898 439.404l-166.4-166.4c-9.997-9.997-9.997-26.206 0-36.204l36.203-36.204c9.997-9.998 26.207-9.998 36.204 0L192 312.69 432.095 72.596c9.997-9.997 26.207-9.997 36.204 0l36.203 36.204c9.997 9.997 9.997 26.206 0 36.204l-294.4 294.401c-9.998 9.997-26.207 9.997-36.204-.001z\"><\/path><\/svg><\/span><span class=\"gb-headline-text\"><strong>Confiabilidad<\/strong><\/span><\/h3>\n\n\n\n<p class=\"has-text-align-center\" style=\"font-size:15px\">Nos esforzamos por ofrecer a nuestros clientes un servicio confiable, respetuoso con su tiempo y con pasi\u00f3n por nuestra profesi\u00f3n. Construimos relaciones laborales duraderas con ellos.<\/p>\n\n<\/div><\/div><\/div>\n\n<div class=\"gb-grid-column gb-grid-column-62bbed0e\"><div class=\"gb-container gb-container-62bbed0e column-shadow\"><div class=\"gb-inside-container\">\n\n<h3 class=\"gb-headline gb-headline-e7ef6e91\"><span class=\"gb-icon\"><svg viewBox=\"0 0 16 16\" class=\"bi bi-award-fill\" fill=\"currentColor\" height=\"16\" width=\"16\" xmlns=\"http:\/\/www.w3.org\/2000\/svg\">   <path d=\"m8 0 1.669.864 1.858.282.842 1.68 1.337 1.32L13.4 6l.306 1.854-1.337 1.32-.842 1.68-1.858.282L8 12l-1.669-.864-1.858-.282-.842-1.68-1.337-1.32L2.6 6l-.306-1.854 1.337-1.32.842-1.68L6.331.864 8 0z\"><\/path>   <path d=\"M4 11.794V16l4-1 4 1v-4.206l-2.018.306L8 13.126 6.018 12.1 4 11.794z\"><\/path> <\/svg><\/span><span class=\"gb-headline-text\"><strong>Profesionalismo<\/strong><\/span><\/h3>\n\n\n\n<p class=\"has-text-align-center\" style=\"font-size:15px\">Consideramos el profesionalismo un valor fundamental y nos aseguramos de ofrecer y desarrollar soluciones que respaldamos con total compromiso.<\/p>\n\n<\/div><\/div><\/div>\n<\/div>\n<\/div><\/div>\n\n\n<p><\/p>\n","protected":false},"excerpt":{"rendered":"<p>\u00bfPor qu\u00e9 elegirnos?<\/p>\n","protected":false},"author":1,"featured_media":0,"parent":0,"menu_order":0,"comment_status":"closed","ping_status":"open","template":"","meta":{"footnotes":""},"class_list":["post-816","page","type-page","status-publish"],"yoast_head":"<!-- This site is optimized with the Yoast SEO plugin v25.8 - https:\/\/yoast.com\/wordpress\/plugins\/seo\/ -->\n<title>Cloud CRM Systems - Los expertos en Zoho<\/title>\n<meta name=\"description\" content=\"Adaptaci\u00f3n e implementaci\u00f3n r\u00e1pida de sistemas Zoho CRM. Desarrollo de CRM y sistemas de gesti\u00f3n en la plataforma de Zoho.\" \/>\n<meta name=\"robots\" content=\"index, follow, max-snippet:-1, max-image-preview:large, max-video-preview:-1\" \/>\n<link rel=\"canonical\" href=\"https:\/\/crmsystems.co.il\/es\/\" \/>\n<meta property=\"og:locale\" content=\"en_US\" \/>\n<meta property=\"og:type\" content=\"article\" \/>\n<meta property=\"og:title\" content=\"Cloud CRM Systems - Los expertos en Zoho\" \/>\n<meta property=\"og:description\" content=\"Adaptaci\u00f3n e implementaci\u00f3n r\u00e1pida de sistemas Zoho CRM. Desarrollo de CRM y sistemas de gesti\u00f3n en la plataforma de Zoho.\" \/>\n<meta property=\"og:url\" content=\"https:\/\/crmsystems.co.il\/es\/\" \/>\n<meta property=\"og:site_name\" content=\"Cloud CRM Systems\" \/>\n<meta property=\"article:modified_time\" content=\"2025-09-12T12:52:15+00:00\" \/>\n<meta property=\"og:image\" content=\"http:\/\/crmsystems.co.il\/es\/wp-content\/uploads\/2021\/11\/main-concept.png\" \/>\n<meta name=\"twitter:card\" content=\"summary_large_image\" \/>\n<meta name=\"twitter:label1\" content=\"Est. reading time\" \/>\n\t<meta name=\"twitter:data1\" content=\"3 minutes\" \/>\n<script type=\"application\/ld+json\" class=\"yoast-schema-graph\">{\"@context\":\"https:\/\/schema.org\",\"@graph\":[{\"@type\":\"WebPage\",\"@id\":\"https:\/\/crmsystems.co.il\/es\/\",\"url\":\"https:\/\/crmsystems.co.il\/es\/\",\"name\":\"Cloud CRM Systems - Los expertos en Zoho\",\"isPartOf\":{\"@id\":\"https:\/\/crmsystems.co.il\/es\/#website\"},\"primaryImageOfPage\":{\"@id\":\"https:\/\/crmsystems.co.il\/es\/#primaryimage\"},\"image\":{\"@id\":\"https:\/\/crmsystems.co.il\/es\/#primaryimage\"},\"thumbnailUrl\":\"http:\/\/crmsystems.co.il\/es\/wp-content\/uploads\/2021\/11\/main-concept.png\",\"datePublished\":\"2021-05-30T13:08:16+00:00\",\"dateModified\":\"2025-09-12T12:52:15+00:00\",\"description\":\"Adaptaci\u00f3n e implementaci\u00f3n r\u00e1pida de sistemas Zoho CRM. Desarrollo de CRM y sistemas de gesti\u00f3n en la plataforma de Zoho.\",\"breadcrumb\":{\"@id\":\"https:\/\/crmsystems.co.il\/es\/#breadcrumb\"},\"inLanguage\":\"en\",\"potentialAction\":[{\"@type\":\"ReadAction\",\"target\":[\"https:\/\/crmsystems.co.il\/es\/\"]}]},{\"@type\":\"ImageObject\",\"inLanguage\":\"en\",\"@id\":\"https:\/\/crmsystems.co.il\/es\/#primaryimage\",\"url\":\"http:\/\/crmsystems.co.il\/es\/wp-content\/uploads\/2021\/11\/main-concept.png\",\"contentUrl\":\"http:\/\/crmsystems.co.il\/es\/wp-content\/uploads\/2021\/11\/main-concept.png\"},{\"@type\":\"BreadcrumbList\",\"@id\":\"https:\/\/crmsystems.co.il\/es\/#breadcrumb\",\"itemListElement\":[{\"@type\":\"ListItem\",\"position\":1,\"name\":\"Home\",\"item\":\"https:\/\/crmsystems.co.il\/es\/\"},{\"@type\":\"ListItem\",\"position\":2,\"name\":\"Home\"}]},{\"@type\":\"WebSite\",\"@id\":\"https:\/\/crmsystems.co.il\/es\/#website\",\"url\":\"https:\/\/crmsystems.co.il\/es\/\",\"name\":\"Cloud CRM Systems\",\"description\":\"The Zoho Experts\",\"publisher\":{\"@id\":\"https:\/\/crmsystems.co.il\/es\/#organization\"},\"potentialAction\":[{\"@type\":\"SearchAction\",\"target\":{\"@type\":\"EntryPoint\",\"urlTemplate\":\"https:\/\/crmsystems.co.il\/es\/?s={search_term_string}\"},\"query-input\":{\"@type\":\"PropertyValueSpecification\",\"valueRequired\":true,\"valueName\":\"search_term_string\"}}],\"inLanguage\":\"en\"},{\"@type\":\"Organization\",\"@id\":\"https:\/\/crmsystems.co.il\/es\/#organization\",\"name\":\"Cloud CRM Systems\",\"url\":\"https:\/\/crmsystems.co.il\/es\/\",\"logo\":{\"@type\":\"ImageObject\",\"inLanguage\":\"en\",\"@id\":\"https:\/\/crmsystems.co.il\/es\/#\/schema\/logo\/image\/\",\"url\":\"https:\/\/crmsystems.co.il\/es\/wp-content\/uploads\/2021\/11\/CCS-White-Logo-2.png\",\"contentUrl\":\"https:\/\/crmsystems.co.il\/es\/wp-content\/uploads\/2021\/11\/CCS-White-Logo-2.png\",\"width\":460,\"height\":157,\"caption\":\"Cloud CRM Systems\"},\"image\":{\"@id\":\"https:\/\/crmsystems.co.il\/es\/#\/schema\/logo\/image\/\"}}]}<\/script>\n<!-- \/ Yoast SEO plugin. -->","yoast_head_json":{"title":"Cloud CRM Systems - Los expertos en Zoho","description":"Adaptaci\u00f3n e implementaci\u00f3n r\u00e1pida de sistemas Zoho CRM. Desarrollo de CRM y sistemas de gesti\u00f3n en la plataforma de Zoho.","robots":{"index":"index","follow":"follow","max-snippet":"max-snippet:-1","max-image-preview":"max-image-preview:large","max-video-preview":"max-video-preview:-1"},"canonical":"https:\/\/crmsystems.co.il\/es\/","og_locale":"en_US","og_type":"article","og_title":"Cloud CRM Systems - Los expertos en Zoho","og_description":"Adaptaci\u00f3n e implementaci\u00f3n r\u00e1pida de sistemas Zoho CRM. Desarrollo de CRM y sistemas de gesti\u00f3n en la plataforma de Zoho.","og_url":"https:\/\/crmsystems.co.il\/es\/","og_site_name":"Cloud CRM Systems","article_modified_time":"2025-09-12T12:52:15+00:00","og_image":[{"url":"http:\/\/crmsystems.co.il\/es\/wp-content\/uploads\/2021\/11\/main-concept.png","type":"","width":"","height":""}],"twitter_card":"summary_large_image","twitter_misc":{"Est. reading time":"3 minutes"},"schema":{"@context":"https:\/\/schema.org","@graph":[{"@type":"WebPage","@id":"https:\/\/crmsystems.co.il\/es\/","url":"https:\/\/crmsystems.co.il\/es\/","name":"Cloud CRM Systems - Los expertos en Zoho","isPartOf":{"@id":"https:\/\/crmsystems.co.il\/es\/#website"},"primaryImageOfPage":{"@id":"https:\/\/crmsystems.co.il\/es\/#primaryimage"},"image":{"@id":"https:\/\/crmsystems.co.il\/es\/#primaryimage"},"thumbnailUrl":"http:\/\/crmsystems.co.il\/es\/wp-content\/uploads\/2021\/11\/main-concept.png","datePublished":"2021-05-30T13:08:16+00:00","dateModified":"2025-09-12T12:52:15+00:00","description":"Adaptaci\u00f3n e implementaci\u00f3n r\u00e1pida de sistemas Zoho CRM. Desarrollo de CRM y sistemas de gesti\u00f3n en la plataforma de Zoho.","breadcrumb":{"@id":"https:\/\/crmsystems.co.il\/es\/#breadcrumb"},"inLanguage":"en","potentialAction":[{"@type":"ReadAction","target":["https:\/\/crmsystems.co.il\/es\/"]}]},{"@type":"ImageObject","inLanguage":"en","@id":"https:\/\/crmsystems.co.il\/es\/#primaryimage","url":"http:\/\/crmsystems.co.il\/es\/wp-content\/uploads\/2021\/11\/main-concept.png","contentUrl":"http:\/\/crmsystems.co.il\/es\/wp-content\/uploads\/2021\/11\/main-concept.png"},{"@type":"BreadcrumbList","@id":"https:\/\/crmsystems.co.il\/es\/#breadcrumb","itemListElement":[{"@type":"ListItem","position":1,"name":"Home","item":"https:\/\/crmsystems.co.il\/es\/"},{"@type":"ListItem","position":2,"name":"Home"}]},{"@type":"WebSite","@id":"https:\/\/crmsystems.co.il\/es\/#website","url":"https:\/\/crmsystems.co.il\/es\/","name":"Cloud CRM Systems","description":"The Zoho Experts","publisher":{"@id":"https:\/\/crmsystems.co.il\/es\/#organization"},"potentialAction":[{"@type":"SearchAction","target":{"@type":"EntryPoint","urlTemplate":"https:\/\/crmsystems.co.il\/es\/?s={search_term_string}"},"query-input":{"@type":"PropertyValueSpecification","valueRequired":true,"valueName":"search_term_string"}}],"inLanguage":"en"},{"@type":"Organization","@id":"https:\/\/crmsystems.co.il\/es\/#organization","name":"Cloud CRM Systems","url":"https:\/\/crmsystems.co.il\/es\/","logo":{"@type":"ImageObject","inLanguage":"en","@id":"https:\/\/crmsystems.co.il\/es\/#\/schema\/logo\/image\/","url":"https:\/\/crmsystems.co.il\/es\/wp-content\/uploads\/2021\/11\/CCS-White-Logo-2.png","contentUrl":"https:\/\/crmsystems.co.il\/es\/wp-content\/uploads\/2021\/11\/CCS-White-Logo-2.png","width":460,"height":157,"caption":"Cloud CRM Systems"},"image":{"@id":"https:\/\/crmsystems.co.il\/es\/#\/schema\/logo\/image\/"}}]}},"_links":{"self":[{"href":"https:\/\/crmsystems.co.il\/es\/wp-json\/wp\/v2\/pages\/816","targetHints":{"allow":["GET"]}}],"collection":[{"href":"https:\/\/crmsystems.co.il\/es\/wp-json\/wp\/v2\/pages"}],"about":[{"href":"https:\/\/crmsystems.co.il\/es\/wp-json\/wp\/v2\/types\/page"}],"author":[{"embeddable":true,"href":"https:\/\/crmsystems.co.il\/es\/wp-json\/wp\/v2\/users\/1"}],"replies":[{"embeddable":true,"href":"https:\/\/crmsystems.co.il\/es\/wp-json\/wp\/v2\/comments?post=816"}],"version-history":[{"count":59,"href":"https:\/\/crmsystems.co.il\/es\/wp-json\/wp\/v2\/pages\/816\/revisions"}],"predecessor-version":[{"id":1499,"href":"https:\/\/crmsystems.co.il\/es\/wp-json\/wp\/v2\/pages\/816\/revisions\/1499"}],"wp:attachment":[{"href":"https:\/\/crmsystems.co.il\/es\/wp-json\/wp\/v2\/media?parent=816"}],"curies":[{"name":"wp","href":"https:\/\/api.w.org\/{rel}","templated":true}]}}