{"id":1478,"date":"2025-08-23T19:23:40","date_gmt":"2025-08-23T16:23:40","guid":{"rendered":"https:\/\/crmsystems.co.il\/es\/?page_id=1478"},"modified":"2025-08-23T19:23:41","modified_gmt":"2025-08-23T16:23:41","slug":"sobre-nosotros","status":"publish","type":"page","link":"https:\/\/crmsystems.co.il\/es\/sobre-nosotros\/","title":{"rendered":"Sobre nosotros"},"content":{"rendered":"\n<p>En <strong>Cloud CRM Systems<\/strong> ayudamos a las empresas a optimizar sus procesos comerciales mediante la implantaci\u00f3n y personalizaci\u00f3n de <strong>Zoho CRM<\/strong> y otras aplicaciones de Zoho.<\/p>\n\n\n\n<p>Con m\u00e1s de una d\u00e9cada de experiencia en proyectos de CRM en distintos sectores, hemos acompa\u00f1ado a organizaciones en todas las fases: desde la definici\u00f3n de necesidades hasta la implementaci\u00f3n, formaci\u00f3n y soporte continuo. Nuestro objetivo es siempre el mismo: que la tecnolog\u00eda se adapte al negocio, y no al rev\u00e9s.<\/p>\n\n\n\n<p>Tras consolidar nuestra trayectoria en Israel, hemos abierto una nueva oficina en <strong>Espa\u00f1a<\/strong> para acercar nuestra experiencia y metodolog\u00eda a empresas que buscan transformar su manera de gestionar ventas, marketing, servicio al cliente y operaciones.<\/p>\n\n\n\n<p>En Cloud CRM Systems creemos en las relaciones a largo plazo, la transparencia y la simplicidad en la gesti\u00f3n de proyectos tecnol\u00f3gicos.<\/p>\n\n\n\n<p><strong>Nuestra misi\u00f3n:<\/strong> ayudar a su empresa a aprovechar al m\u00e1ximo el potencial de Zoho, reduciendo costes, aumentando la productividad y creando procesos m\u00e1s eficientes.<\/p>\n","protected":false},"excerpt":{"rendered":"<p>En Cloud CRM Systems ayudamos a las empresas a optimizar sus procesos comerciales mediante la implantaci\u00f3n y personalizaci\u00f3n de Zoho CRM y otras aplicaciones de Zoho. Con m\u00e1s de una d\u00e9cada de experiencia en proyectos de CRM en distintos sectores, hemos acompa\u00f1ado a organizaciones en todas las fases: desde la definici\u00f3n de necesidades hasta la &#8230; <a title=\"Sobre nosotros\" class=\"read-more\" href=\"https:\/\/crmsystems.co.il\/es\/sobre-nosotros\/\" aria-label=\"More on Sobre nosotros\">Read more<\/a><\/p>\n","protected":false},"author":1,"featured_media":0,"parent":0,"menu_order":0,"comment_status":"closed","ping_status":"closed","template":"","meta":{"footnotes":""},"class_list":["post-1478","page","type-page","status-publish"],"yoast_head":"<!-- This site is optimized with the Yoast SEO plugin v25.8 - https:\/\/yoast.com\/wordpress\/plugins\/seo\/ -->\n<title>Sobre nosotros - Cloud CRM Systems<\/title>\n<meta name=\"robots\" content=\"index, follow, max-snippet:-1, max-image-preview:large, max-video-preview:-1\" \/>\n<link rel=\"canonical\" href=\"https:\/\/crmsystems.co.il\/es\/sobre-nosotros\/\" \/>\n<meta property=\"og:locale\" content=\"en_US\" \/>\n<meta property=\"og:type\" content=\"article\" \/>\n<meta property=\"og:title\" content=\"Sobre nosotros - Cloud CRM Systems\" \/>\n<meta property=\"og:description\" content=\"En Cloud CRM Systems ayudamos a las empresas a optimizar sus procesos comerciales mediante la implantaci\u00f3n y personalizaci\u00f3n de Zoho CRM y otras aplicaciones de Zoho. Con m\u00e1s de una d\u00e9cada de experiencia en proyectos de CRM en distintos sectores, hemos acompa\u00f1ado a organizaciones en todas las fases: desde la definici\u00f3n de necesidades hasta la ... Read more\" \/>\n<meta property=\"og:url\" content=\"https:\/\/crmsystems.co.il\/es\/sobre-nosotros\/\" \/>\n<meta property=\"og:site_name\" content=\"Cloud CRM Systems\" \/>\n<meta property=\"article:modified_time\" content=\"2025-08-23T16:23:41+00:00\" \/>\n<meta name=\"twitter:card\" content=\"summary_large_image\" \/>\n<meta name=\"twitter:label1\" content=\"Est. reading time\" \/>\n\t<meta name=\"twitter:data1\" content=\"1 minute\" \/>\n<script type=\"application\/ld+json\" class=\"yoast-schema-graph\">{\"@context\":\"https:\/\/schema.org\",\"@graph\":[{\"@type\":\"WebPage\",\"@id\":\"https:\/\/crmsystems.co.il\/es\/sobre-nosotros\/\",\"url\":\"https:\/\/crmsystems.co.il\/es\/sobre-nosotros\/\",\"name\":\"Sobre nosotros - Cloud CRM Systems\",\"isPartOf\":{\"@id\":\"https:\/\/crmsystems.co.il\/es\/#website\"},\"datePublished\":\"2025-08-23T16:23:40+00:00\",\"dateModified\":\"2025-08-23T16:23:41+00:00\",\"breadcrumb\":{\"@id\":\"https:\/\/crmsystems.co.il\/es\/sobre-nosotros\/#breadcrumb\"},\"inLanguage\":\"en\",\"potentialAction\":[{\"@type\":\"ReadAction\",\"target\":[\"https:\/\/crmsystems.co.il\/es\/sobre-nosotros\/\"]}]},{\"@type\":\"BreadcrumbList\",\"@id\":\"https:\/\/crmsystems.co.il\/es\/sobre-nosotros\/#breadcrumb\",\"itemListElement\":[{\"@type\":\"ListItem\",\"position\":1,\"name\":\"Home\",\"item\":\"https:\/\/crmsystems.co.il\/es\/\"},{\"@type\":\"ListItem\",\"position\":2,\"name\":\"Sobre nosotros\"}]},{\"@type\":\"WebSite\",\"@id\":\"https:\/\/crmsystems.co.il\/es\/#website\",\"url\":\"https:\/\/crmsystems.co.il\/es\/\",\"name\":\"Cloud CRM Systems\",\"description\":\"The Zoho Experts\",\"publisher\":{\"@id\":\"https:\/\/crmsystems.co.il\/es\/#organization\"},\"potentialAction\":[{\"@type\":\"SearchAction\",\"target\":{\"@type\":\"EntryPoint\",\"urlTemplate\":\"https:\/\/crmsystems.co.il\/es\/?s={search_term_string}\"},\"query-input\":{\"@type\":\"PropertyValueSpecification\",\"valueRequired\":true,\"valueName\":\"search_term_string\"}}],\"inLanguage\":\"en\"},{\"@type\":\"Organization\",\"@id\":\"https:\/\/crmsystems.co.il\/es\/#organization\",\"name\":\"Cloud CRM Systems\",\"url\":\"https:\/\/crmsystems.co.il\/es\/\",\"logo\":{\"@type\":\"ImageObject\",\"inLanguage\":\"en\",\"@id\":\"https:\/\/crmsystems.co.il\/es\/#\/schema\/logo\/image\/\",\"url\":\"https:\/\/crmsystems.co.il\/es\/wp-content\/uploads\/2021\/11\/CCS-White-Logo-2.png\",\"contentUrl\":\"https:\/\/crmsystems.co.il\/es\/wp-content\/uploads\/2021\/11\/CCS-White-Logo-2.png\",\"width\":460,\"height\":157,\"caption\":\"Cloud CRM Systems\"},\"image\":{\"@id\":\"https:\/\/crmsystems.co.il\/es\/#\/schema\/logo\/image\/\"}}]}<\/script>\n<!-- \/ Yoast SEO plugin. -->","yoast_head_json":{"title":"Sobre nosotros - Cloud CRM Systems","robots":{"index":"index","follow":"follow","max-snippet":"max-snippet:-1","max-image-preview":"max-image-preview:large","max-video-preview":"max-video-preview:-1"},"canonical":"https:\/\/crmsystems.co.il\/es\/sobre-nosotros\/","og_locale":"en_US","og_type":"article","og_title":"Sobre nosotros - Cloud CRM Systems","og_description":"En Cloud CRM Systems ayudamos a las empresas a optimizar sus procesos comerciales mediante la implantaci\u00f3n y personalizaci\u00f3n de Zoho CRM y otras aplicaciones de Zoho. Con m\u00e1s de una d\u00e9cada de experiencia en proyectos de CRM en distintos sectores, hemos acompa\u00f1ado a organizaciones en todas las fases: desde la definici\u00f3n de necesidades hasta la ... Read more","og_url":"https:\/\/crmsystems.co.il\/es\/sobre-nosotros\/","og_site_name":"Cloud CRM Systems","article_modified_time":"2025-08-23T16:23:41+00:00","twitter_card":"summary_large_image","twitter_misc":{"Est. reading time":"1 minute"},"schema":{"@context":"https:\/\/schema.org","@graph":[{"@type":"WebPage","@id":"https:\/\/crmsystems.co.il\/es\/sobre-nosotros\/","url":"https:\/\/crmsystems.co.il\/es\/sobre-nosotros\/","name":"Sobre nosotros - Cloud CRM Systems","isPartOf":{"@id":"https:\/\/crmsystems.co.il\/es\/#website"},"datePublished":"2025-08-23T16:23:40+00:00","dateModified":"2025-08-23T16:23:41+00:00","breadcrumb":{"@id":"https:\/\/crmsystems.co.il\/es\/sobre-nosotros\/#breadcrumb"},"inLanguage":"en","potentialAction":[{"@type":"ReadAction","target":["https:\/\/crmsystems.co.il\/es\/sobre-nosotros\/"]}]},{"@type":"BreadcrumbList","@id":"https:\/\/crmsystems.co.il\/es\/sobre-nosotros\/#breadcrumb","itemListElement":[{"@type":"ListItem","position":1,"name":"Home","item":"https:\/\/crmsystems.co.il\/es\/"},{"@type":"ListItem","position":2,"name":"Sobre nosotros"}]},{"@type":"WebSite","@id":"https:\/\/crmsystems.co.il\/es\/#website","url":"https:\/\/crmsystems.co.il\/es\/","name":"Cloud CRM Systems","description":"The Zoho Experts","publisher":{"@id":"https:\/\/crmsystems.co.il\/es\/#organization"},"potentialAction":[{"@type":"SearchAction","target":{"@type":"EntryPoint","urlTemplate":"https:\/\/crmsystems.co.il\/es\/?s={search_term_string}"},"query-input":{"@type":"PropertyValueSpecification","valueRequired":true,"valueName":"search_term_string"}}],"inLanguage":"en"},{"@type":"Organization","@id":"https:\/\/crmsystems.co.il\/es\/#organization","name":"Cloud CRM Systems","url":"https:\/\/crmsystems.co.il\/es\/","logo":{"@type":"ImageObject","inLanguage":"en","@id":"https:\/\/crmsystems.co.il\/es\/#\/schema\/logo\/image\/","url":"https:\/\/crmsystems.co.il\/es\/wp-content\/uploads\/2021\/11\/CCS-White-Logo-2.png","contentUrl":"https:\/\/crmsystems.co.il\/es\/wp-content\/uploads\/2021\/11\/CCS-White-Logo-2.png","width":460,"height":157,"caption":"Cloud CRM Systems"},"image":{"@id":"https:\/\/crmsystems.co.il\/es\/#\/schema\/logo\/image\/"}}]}},"_links":{"self":[{"href":"https:\/\/crmsystems.co.il\/es\/wp-json\/wp\/v2\/pages\/1478","targetHints":{"allow":["GET"]}}],"collection":[{"href":"https:\/\/crmsystems.co.il\/es\/wp-json\/wp\/v2\/pages"}],"about":[{"href":"https:\/\/crmsystems.co.il\/es\/wp-json\/wp\/v2\/types\/page"}],"author":[{"embeddable":true,"href":"https:\/\/crmsystems.co.il\/es\/wp-json\/wp\/v2\/users\/1"}],"replies":[{"embeddable":true,"href":"https:\/\/crmsystems.co.il\/es\/wp-json\/wp\/v2\/comments?post=1478"}],"version-history":[{"count":1,"href":"https:\/\/crmsystems.co.il\/es\/wp-json\/wp\/v2\/pages\/1478\/revisions"}],"predecessor-version":[{"id":1479,"href":"https:\/\/crmsystems.co.il\/es\/wp-json\/wp\/v2\/pages\/1478\/revisions\/1479"}],"wp:attachment":[{"href":"https:\/\/crmsystems.co.il\/es\/wp-json\/wp\/v2\/media?parent=1478"}],"curies":[{"name":"wp","href":"https:\/\/api.w.org\/{rel}","templated":true}]}}