{"id":1418,"date":"2025-08-21T10:58:00","date_gmt":"2025-08-21T07:58:00","guid":{"rendered":"https:\/\/crmsystems.co.il\/es\/?page_id=1418"},"modified":"2025-08-23T09:18:19","modified_gmt":"2025-08-23T06:18:19","slug":"funcionalidad-y-personalizacion-de-zoho-crm","status":"publish","type":"page","link":"https:\/\/crmsystems.co.il\/es\/por-que-zoho\/funcionalidad-y-personalizacion-de-zoho-crm\/","title":{"rendered":"Funcionalidad y personalizaci\u00f3n de ZOHO CRM"},"content":{"rendered":"\n<p>La funcionalidad y personalizaci\u00f3n del sistema <strong>ZOHO CRM<\/strong> se componen de tres componentes principales:&nbsp;<\/p>\n\n\n\n<ol class=\"wp-block-list\" start=\"1\">\n<li><strong>Interfaz de administraci\u00f3n<\/strong> \u2013 Funciones de administraci\u00f3n\/configuraci\u00f3n (Administration\/Setup Functions) desde donde se puede acceder a varios complementos para instalarlos con el sistema.&nbsp;<\/li>\n<\/ol>\n\n\n\n<ol class=\"wp-block-list\" start=\"2\">\n<li><strong>Los m\u00f3dulos est\u00e1ndar y las funciones relacionadas con cada m\u00f3dulo<\/strong>&nbsp;<\/li>\n<\/ol>\n\n\n\n<ol class=\"wp-block-list\" start=\"1\">\n<li><strong>Los formularios y las funciones asociadas al formulario<\/strong>&nbsp;<\/li>\n<\/ol>\n\n\n\n<ol class=\"wp-block-list\" start=\"2\">\n<li><strong>Vistas<\/strong> (Views) y las funciones asociadas a la vista&nbsp;<\/li>\n<\/ol>\n\n\n\n<ol class=\"wp-block-list\" start=\"3\">\n<li><strong>Capacidades de personalizaci\u00f3n (Customization) para las necesidades espec\u00edficas de cada organizaci\u00f3n<\/strong>&nbsp;<\/li>\n<\/ol>\n\n\n\n<ol class=\"wp-block-list\" start=\"1\">\n<li>Personalizaci\u00f3n de m\u00f3dulos est\u00e1ndar, creaci\u00f3n de nuevos m\u00f3dulos \u00fanicos sin herramientas de desarrollo (<strong>developer tools<\/strong>) y la construcci\u00f3n de aplicaciones mediante el generador de aplicaciones <strong>Zoho Creator<\/strong>.&nbsp;<\/li>\n<\/ol>\n\n\n\n<ol class=\"wp-block-list\" start=\"2\">\n<li>Personalizaci\u00f3n del uso mediante un sistema de permisos avanzado.&nbsp;<\/li>\n<\/ol>\n\n\n\n<ol class=\"wp-block-list\" start=\"3\">\n<li>Complementos opcionales y capacidades de integraci\u00f3n con otros sistemas <strong>Add-ons and Integrations<\/strong>. Entre los numerosos complementos, destacamos el generador de automatizaci\u00f3n avanzado y flexible, y el sistema de gesti\u00f3n de proyectos dise\u00f1ado especialmente para peque\u00f1as y medianas empresas.&nbsp;<\/li>\n<\/ol>\n\n\n\n<ol class=\"wp-block-list\" start=\"4\">\n<li>Capacidad de trabajar en 20 idiomas.&nbsp;<\/li>\n<\/ol>\n\n\n\n<ol class=\"wp-block-list\" start=\"5\">\n<li>Personalizaci\u00f3n de informes.&nbsp;<\/li>\n<\/ol>\n\n\n\n<ol class=\"wp-block-list\" start=\"6\">\n<li><strong>Formularios<\/strong>&nbsp;<br>Se puede editar la estructura de cualquier formulario. En el formulario, se pueden agregar o eliminar campos (<strong>Customization<\/strong>) y marcar varios campos como obligatorios para el sistema. En la versi\u00f3n gratuita no se pueden agregar campos en el formulario. Esta caracter\u00edstica es muy importante ya que, mediante los campos, se pueden definir los temas que deben tenerse en cuenta y tambi\u00e9n transmitir temas metodol\u00f3gicos a la atenci\u00f3n de los empleados que a menudo se olvidan en el ajetreo del trabajo diario.&nbsp;<\/li>\n<\/ol>\n\n\n\n<ol class=\"wp-block-list\" start=\"7\">\n<li><strong>Vistas (Cortes\/Miradas \u2013 Views)<\/strong>&nbsp;<br>Las vistas permiten gestionar la informaci\u00f3n almacenada en todos los formularios del m\u00f3dulo, analizarla y presentarla en cortes\/vistas que proporcionan la capacidad de sacar conclusiones de la informaci\u00f3n.&nbsp;<br>Control de la creaci\u00f3n de cortes\/vistas secundarias y la capacidad de crear vistas seg\u00fan caracter\u00edsticas predeterminadas utilizando operadores booleanos. En gran medida, las vistas funcionan como informes que reflejan la informaci\u00f3n presente en el m\u00f3dulo y tambi\u00e9n la informaci\u00f3n faltante (si el campo est\u00e1 vac\u00edo, lo cual a veces es a\u00fan m\u00e1s importante).&nbsp;<\/li>\n<\/ol>\n","protected":false},"excerpt":{"rendered":"<p>La funcionalidad y personalizaci\u00f3n del sistema ZOHO CRM se componen de tres componentes principales:&nbsp;<\/p>\n","protected":false},"author":1,"featured_media":0,"parent":1414,"menu_order":0,"comment_status":"closed","ping_status":"closed","template":"","meta":{"footnotes":""},"class_list":["post-1418","page","type-page","status-publish"],"yoast_head":"<!-- This site is optimized with the Yoast SEO plugin v25.8 - https:\/\/yoast.com\/wordpress\/plugins\/seo\/ -->\n<title>Funcionalidad y personalizaci\u00f3n de ZOHO CRM - Cloud CRM Systems<\/title>\n<meta name=\"robots\" content=\"index, follow, max-snippet:-1, max-image-preview:large, max-video-preview:-1\" \/>\n<link rel=\"canonical\" href=\"http:\/\/crmsystems.co.il\/es\/por-que-zoho\/funcionalidad-y-personalizacion-de-zoho-crm\/\" \/>\n<meta property=\"og:locale\" content=\"en_US\" \/>\n<meta property=\"og:type\" content=\"article\" \/>\n<meta property=\"og:title\" content=\"Funcionalidad y personalizaci\u00f3n de ZOHO CRM - Cloud CRM Systems\" \/>\n<meta property=\"og:description\" content=\"La funcionalidad y personalizaci\u00f3n del sistema ZOHO CRM se componen de tres componentes principales:&nbsp;\" \/>\n<meta property=\"og:url\" content=\"http:\/\/crmsystems.co.il\/es\/por-que-zoho\/funcionalidad-y-personalizacion-de-zoho-crm\/\" \/>\n<meta property=\"og:site_name\" content=\"Cloud CRM Systems\" \/>\n<meta property=\"article:modified_time\" content=\"2025-08-23T06:18:19+00:00\" \/>\n<meta name=\"twitter:card\" content=\"summary_large_image\" \/>\n<meta name=\"twitter:label1\" content=\"Est. reading time\" \/>\n\t<meta name=\"twitter:data1\" content=\"2 minutes\" \/>\n<script type=\"application\/ld+json\" class=\"yoast-schema-graph\">{\"@context\":\"https:\/\/schema.org\",\"@graph\":[{\"@type\":\"WebPage\",\"@id\":\"http:\/\/crmsystems.co.il\/es\/por-que-zoho\/funcionalidad-y-personalizacion-de-zoho-crm\/\",\"url\":\"http:\/\/crmsystems.co.il\/es\/por-que-zoho\/funcionalidad-y-personalizacion-de-zoho-crm\/\",\"name\":\"Funcionalidad y personalizaci\u00f3n de ZOHO CRM - Cloud CRM Systems\",\"isPartOf\":{\"@id\":\"https:\/\/crmsystems.co.il\/es\/#website\"},\"datePublished\":\"2025-08-21T07:58:00+00:00\",\"dateModified\":\"2025-08-23T06:18:19+00:00\",\"breadcrumb\":{\"@id\":\"http:\/\/crmsystems.co.il\/es\/por-que-zoho\/funcionalidad-y-personalizacion-de-zoho-crm\/#breadcrumb\"},\"inLanguage\":\"en\",\"potentialAction\":[{\"@type\":\"ReadAction\",\"target\":[\"http:\/\/crmsystems.co.il\/es\/por-que-zoho\/funcionalidad-y-personalizacion-de-zoho-crm\/\"]}]},{\"@type\":\"BreadcrumbList\",\"@id\":\"http:\/\/crmsystems.co.il\/es\/por-que-zoho\/funcionalidad-y-personalizacion-de-zoho-crm\/#breadcrumb\",\"itemListElement\":[{\"@type\":\"ListItem\",\"position\":1,\"name\":\"Home\",\"item\":\"https:\/\/crmsystems.co.il\/es\/\"},{\"@type\":\"ListItem\",\"position\":2,\"name\":\"Por qu\u00e9 ZOHO\",\"item\":\"https:\/\/crmsystems.co.il\/es\/por-que-zoho\/\"},{\"@type\":\"ListItem\",\"position\":3,\"name\":\"Funcionalidad y personalizaci\u00f3n de ZOHO CRM\"}]},{\"@type\":\"WebSite\",\"@id\":\"https:\/\/crmsystems.co.il\/es\/#website\",\"url\":\"https:\/\/crmsystems.co.il\/es\/\",\"name\":\"Cloud CRM Systems\",\"description\":\"The Zoho Experts\",\"publisher\":{\"@id\":\"https:\/\/crmsystems.co.il\/es\/#organization\"},\"potentialAction\":[{\"@type\":\"SearchAction\",\"target\":{\"@type\":\"EntryPoint\",\"urlTemplate\":\"https:\/\/crmsystems.co.il\/es\/?s={search_term_string}\"},\"query-input\":{\"@type\":\"PropertyValueSpecification\",\"valueRequired\":true,\"valueName\":\"search_term_string\"}}],\"inLanguage\":\"en\"},{\"@type\":\"Organization\",\"@id\":\"https:\/\/crmsystems.co.il\/es\/#organization\",\"name\":\"Cloud CRM Systems\",\"url\":\"https:\/\/crmsystems.co.il\/es\/\",\"logo\":{\"@type\":\"ImageObject\",\"inLanguage\":\"en\",\"@id\":\"https:\/\/crmsystems.co.il\/es\/#\/schema\/logo\/image\/\",\"url\":\"https:\/\/crmsystems.co.il\/es\/wp-content\/uploads\/2021\/11\/CCS-White-Logo-2.png\",\"contentUrl\":\"https:\/\/crmsystems.co.il\/es\/wp-content\/uploads\/2021\/11\/CCS-White-Logo-2.png\",\"width\":460,\"height\":157,\"caption\":\"Cloud CRM Systems\"},\"image\":{\"@id\":\"https:\/\/crmsystems.co.il\/es\/#\/schema\/logo\/image\/\"}}]}<\/script>\n<!-- \/ Yoast SEO plugin. -->","yoast_head_json":{"title":"Funcionalidad y personalizaci\u00f3n de ZOHO CRM - Cloud CRM Systems","robots":{"index":"index","follow":"follow","max-snippet":"max-snippet:-1","max-image-preview":"max-image-preview:large","max-video-preview":"max-video-preview:-1"},"canonical":"http:\/\/crmsystems.co.il\/es\/por-que-zoho\/funcionalidad-y-personalizacion-de-zoho-crm\/","og_locale":"en_US","og_type":"article","og_title":"Funcionalidad y personalizaci\u00f3n de ZOHO CRM - Cloud CRM Systems","og_description":"La funcionalidad y personalizaci\u00f3n del sistema ZOHO CRM se componen de tres componentes principales:&nbsp;","og_url":"http:\/\/crmsystems.co.il\/es\/por-que-zoho\/funcionalidad-y-personalizacion-de-zoho-crm\/","og_site_name":"Cloud CRM Systems","article_modified_time":"2025-08-23T06:18:19+00:00","twitter_card":"summary_large_image","twitter_misc":{"Est. reading time":"2 minutes"},"schema":{"@context":"https:\/\/schema.org","@graph":[{"@type":"WebPage","@id":"http:\/\/crmsystems.co.il\/es\/por-que-zoho\/funcionalidad-y-personalizacion-de-zoho-crm\/","url":"http:\/\/crmsystems.co.il\/es\/por-que-zoho\/funcionalidad-y-personalizacion-de-zoho-crm\/","name":"Funcionalidad y personalizaci\u00f3n de ZOHO CRM - Cloud CRM Systems","isPartOf":{"@id":"https:\/\/crmsystems.co.il\/es\/#website"},"datePublished":"2025-08-21T07:58:00+00:00","dateModified":"2025-08-23T06:18:19+00:00","breadcrumb":{"@id":"http:\/\/crmsystems.co.il\/es\/por-que-zoho\/funcionalidad-y-personalizacion-de-zoho-crm\/#breadcrumb"},"inLanguage":"en","potentialAction":[{"@type":"ReadAction","target":["http:\/\/crmsystems.co.il\/es\/por-que-zoho\/funcionalidad-y-personalizacion-de-zoho-crm\/"]}]},{"@type":"BreadcrumbList","@id":"http:\/\/crmsystems.co.il\/es\/por-que-zoho\/funcionalidad-y-personalizacion-de-zoho-crm\/#breadcrumb","itemListElement":[{"@type":"ListItem","position":1,"name":"Home","item":"https:\/\/crmsystems.co.il\/es\/"},{"@type":"ListItem","position":2,"name":"Por qu\u00e9 ZOHO","item":"https:\/\/crmsystems.co.il\/es\/por-que-zoho\/"},{"@type":"ListItem","position":3,"name":"Funcionalidad y personalizaci\u00f3n de ZOHO CRM"}]},{"@type":"WebSite","@id":"https:\/\/crmsystems.co.il\/es\/#website","url":"https:\/\/crmsystems.co.il\/es\/","name":"Cloud CRM Systems","description":"The Zoho Experts","publisher":{"@id":"https:\/\/crmsystems.co.il\/es\/#organization"},"potentialAction":[{"@type":"SearchAction","target":{"@type":"EntryPoint","urlTemplate":"https:\/\/crmsystems.co.il\/es\/?s={search_term_string}"},"query-input":{"@type":"PropertyValueSpecification","valueRequired":true,"valueName":"search_term_string"}}],"inLanguage":"en"},{"@type":"Organization","@id":"https:\/\/crmsystems.co.il\/es\/#organization","name":"Cloud CRM Systems","url":"https:\/\/crmsystems.co.il\/es\/","logo":{"@type":"ImageObject","inLanguage":"en","@id":"https:\/\/crmsystems.co.il\/es\/#\/schema\/logo\/image\/","url":"https:\/\/crmsystems.co.il\/es\/wp-content\/uploads\/2021\/11\/CCS-White-Logo-2.png","contentUrl":"https:\/\/crmsystems.co.il\/es\/wp-content\/uploads\/2021\/11\/CCS-White-Logo-2.png","width":460,"height":157,"caption":"Cloud CRM Systems"},"image":{"@id":"https:\/\/crmsystems.co.il\/es\/#\/schema\/logo\/image\/"}}]}},"_links":{"self":[{"href":"https:\/\/crmsystems.co.il\/es\/wp-json\/wp\/v2\/pages\/1418","targetHints":{"allow":["GET"]}}],"collection":[{"href":"https:\/\/crmsystems.co.il\/es\/wp-json\/wp\/v2\/pages"}],"about":[{"href":"https:\/\/crmsystems.co.il\/es\/wp-json\/wp\/v2\/types\/page"}],"author":[{"embeddable":true,"href":"https:\/\/crmsystems.co.il\/es\/wp-json\/wp\/v2\/users\/1"}],"replies":[{"embeddable":true,"href":"https:\/\/crmsystems.co.il\/es\/wp-json\/wp\/v2\/comments?post=1418"}],"version-history":[{"count":1,"href":"https:\/\/crmsystems.co.il\/es\/wp-json\/wp\/v2\/pages\/1418\/revisions"}],"predecessor-version":[{"id":1419,"href":"https:\/\/crmsystems.co.il\/es\/wp-json\/wp\/v2\/pages\/1418\/revisions\/1419"}],"up":[{"embeddable":true,"href":"https:\/\/crmsystems.co.il\/es\/wp-json\/wp\/v2\/pages\/1414"}],"wp:attachment":[{"href":"https:\/\/crmsystems.co.il\/es\/wp-json\/wp\/v2\/media?parent=1418"}],"curies":[{"name":"wp","href":"https:\/\/api.w.org\/{rel}","templated":true}]}}