{"id":1416,"date":"2025-08-21T10:56:53","date_gmt":"2025-08-21T07:56:53","guid":{"rendered":"https:\/\/crmsystems.co.il\/es\/?page_id=1416"},"modified":"2025-08-23T09:22:13","modified_gmt":"2025-08-23T06:22:13","slug":"versiones-y-precios-de-zoho-crm","status":"publish","type":"page","link":"https:\/\/crmsystems.co.il\/es\/por-que-zoho\/versiones-y-precios-de-zoho-crm\/","title":{"rendered":"Versiones y precios de Zoho CRM"},"content":{"rendered":"\n<p>El sistema <strong>ZOHO CRM<\/strong> se ofrece en cinco ediciones o niveles de especificaci\u00f3n (editions). Todas las configuraciones son compatibles con la aplicaci\u00f3n m\u00f3vil. La transici\u00f3n entre ediciones y la actualizaci\u00f3n del sistema es r\u00e1pida y sencilla. Se recomienda comenzar con una configuraci\u00f3n b\u00e1sica y avanzar progresivamente durante la implementaci\u00f3n. Es importante destacar que la planificaci\u00f3n de la implementaci\u00f3n debe ser lo m\u00e1s completa y previsora posible, teniendo en cuenta las opciones de personalizaci\u00f3n seg\u00fan las necesidades espec\u00edficas de la organizaci\u00f3n. Esa es nuestra especialidad.&nbsp;<\/p>\n\n\n\n<p>Adem\u00e1s, es importante comprender que el precio indicado es \u00fanicamente por la licencia. La implementaci\u00f3n del sistema <strong>ZOHO<\/strong> a trav\u00e9s de nuestro servicio conlleva un costo adicional de implementaci\u00f3n.&nbsp;<\/p>\n\n\n\n<p>Las cinco ediciones son:&nbsp;<\/p>\n\n\n\n<ul class=\"wp-block-list\">\n<li><strong>Versi\u00f3n gratuita<\/strong> (limitada) para hasta 3 usuarios.&nbsp;<\/li>\n<\/ul>\n\n\n\n<ul class=\"wp-block-list\">\n<li><strong>Versi\u00f3n est\u00e1ndar (Standard<\/strong><strong>)<\/strong>: $12 al mes por usuario con pago anual anticipado o $18 al mes con pago mensual.&nbsp;<\/li>\n<\/ul>\n\n\n\n<ul class=\"wp-block-list\">\n<li><strong>Versi\u00f3n profesional (Professional<\/strong><strong>)<\/strong>: $20 al mes por usuario con pago anual anticipado o $30 al mes con pago mensual.&nbsp;<\/li>\n<\/ul>\n\n\n\n<ul class=\"wp-block-list\">\n<li><strong>Versi\u00f3n empresarial (Enterprise<\/strong><strong>)<\/strong>: $35 al mes por usuario con pago anual anticipado o $45 al mes con pago mensual.&nbsp;<\/li>\n<\/ul>\n\n\n\n<ul class=\"wp-block-list\">\n<li><strong>Versi\u00f3n definitiva (Ultimate<\/strong><strong>)<\/strong>: $45 al mes por usuario con pago anual anticipado o $55 al mes con pago mensual.&nbsp;<\/li>\n<\/ul>\n\n\n\n<ul class=\"wp-block-list\">\n<li><strong>Versi\u00f3n CRM Plus<\/strong>: $50 al mes por usuario con pago anual anticipado o $60 al mes con pago mensual.&nbsp;<\/li>\n<\/ul>\n\n\n\n<p><strong>Zoho One<\/strong> tambi\u00e9n ofrece una suscripci\u00f3n con acceso a aproximadamente 40 aplicaciones de <strong>Zoho<\/strong>.&nbsp;<\/p>\n\n\n\n<ul class=\"wp-block-list\">\n<li>Si se registran al menos 5 usuarios, el costo es de $30 al mes por usuario con pago anual anticipado o $35 al mes con pago mensual.&nbsp;<\/li>\n<\/ul>\n\n\n\n<ul class=\"wp-block-list\">\n<li>Si se registran menos de 5 usuarios, el costo es de $75 al mes por usuario con pago anual anticipado o $90 al mes con pago mensual.&nbsp;<\/li>\n<\/ul>\n\n\n\n<p>Si desean probar <strong>Zoho One<\/strong>, pueden abrir una cuenta gratuita sin compromiso. Tengan en cuenta que al hacer clic en el enlace ser\u00e1n redirigidos al sitio web de <strong>Zoho<\/strong> para crear una cuenta.<\/p>\n","protected":false},"excerpt":{"rendered":"<p>El sistema ZOHO CRM se ofrece en cinco ediciones o niveles de especificaci\u00f3n (editions). Todas las configuraciones son compatibles con la aplicaci\u00f3n m\u00f3vil. La transici\u00f3n entre ediciones y la actualizaci\u00f3n del sistema es r\u00e1pida y sencilla. Se recomienda comenzar con una configuraci\u00f3n b\u00e1sica y avanzar progresivamente durante la implementaci\u00f3n. Es importante destacar que la planificaci\u00f3n &#8230; <a title=\"Versiones y precios de Zoho CRM\" class=\"read-more\" href=\"https:\/\/crmsystems.co.il\/es\/por-que-zoho\/versiones-y-precios-de-zoho-crm\/\" aria-label=\"More on Versiones y precios de Zoho CRM\">Read more<\/a><\/p>\n","protected":false},"author":1,"featured_media":0,"parent":1414,"menu_order":0,"comment_status":"closed","ping_status":"closed","template":"","meta":{"footnotes":""},"class_list":["post-1416","page","type-page","status-publish"],"yoast_head":"<!-- This site is optimized with the Yoast SEO plugin v25.8 - https:\/\/yoast.com\/wordpress\/plugins\/seo\/ -->\n<title>Versiones y precios de Zoho CRM - Cloud CRM Systems<\/title>\n<meta name=\"robots\" content=\"index, follow, max-snippet:-1, max-image-preview:large, max-video-preview:-1\" \/>\n<link rel=\"canonical\" href=\"https:\/\/crmsystems.co.il\/es\/por-que-zoho\/versiones-y-precios-de-zoho-crm\/\" \/>\n<meta property=\"og:locale\" content=\"en_US\" \/>\n<meta property=\"og:type\" content=\"article\" \/>\n<meta property=\"og:title\" content=\"Versiones y precios de Zoho CRM - Cloud CRM Systems\" \/>\n<meta property=\"og:description\" content=\"El sistema ZOHO CRM se ofrece en cinco ediciones o niveles de especificaci\u00f3n (editions). Todas las configuraciones son compatibles con la aplicaci\u00f3n m\u00f3vil. La transici\u00f3n entre ediciones y la actualizaci\u00f3n del sistema es r\u00e1pida y sencilla. Se recomienda comenzar con una configuraci\u00f3n b\u00e1sica y avanzar progresivamente durante la implementaci\u00f3n. Es importante destacar que la planificaci\u00f3n ... Read more\" \/>\n<meta property=\"og:url\" content=\"https:\/\/crmsystems.co.il\/es\/por-que-zoho\/versiones-y-precios-de-zoho-crm\/\" \/>\n<meta property=\"og:site_name\" content=\"Cloud CRM Systems\" \/>\n<meta property=\"article:modified_time\" content=\"2025-08-23T06:22:13+00:00\" \/>\n<meta name=\"twitter:card\" content=\"summary_large_image\" \/>\n<meta name=\"twitter:label1\" content=\"Est. reading time\" \/>\n\t<meta name=\"twitter:data1\" content=\"2 minutes\" \/>\n<script type=\"application\/ld+json\" class=\"yoast-schema-graph\">{\"@context\":\"https:\/\/schema.org\",\"@graph\":[{\"@type\":\"WebPage\",\"@id\":\"https:\/\/crmsystems.co.il\/es\/por-que-zoho\/versiones-y-precios-de-zoho-crm\/\",\"url\":\"https:\/\/crmsystems.co.il\/es\/por-que-zoho\/versiones-y-precios-de-zoho-crm\/\",\"name\":\"Versiones y precios de Zoho CRM - Cloud CRM Systems\",\"isPartOf\":{\"@id\":\"https:\/\/crmsystems.co.il\/es\/#website\"},\"datePublished\":\"2025-08-21T07:56:53+00:00\",\"dateModified\":\"2025-08-23T06:22:13+00:00\",\"breadcrumb\":{\"@id\":\"https:\/\/crmsystems.co.il\/es\/por-que-zoho\/versiones-y-precios-de-zoho-crm\/#breadcrumb\"},\"inLanguage\":\"en\",\"potentialAction\":[{\"@type\":\"ReadAction\",\"target\":[\"https:\/\/crmsystems.co.il\/es\/por-que-zoho\/versiones-y-precios-de-zoho-crm\/\"]}]},{\"@type\":\"BreadcrumbList\",\"@id\":\"https:\/\/crmsystems.co.il\/es\/por-que-zoho\/versiones-y-precios-de-zoho-crm\/#breadcrumb\",\"itemListElement\":[{\"@type\":\"ListItem\",\"position\":1,\"name\":\"Home\",\"item\":\"https:\/\/crmsystems.co.il\/es\/\"},{\"@type\":\"ListItem\",\"position\":2,\"name\":\"Por qu\u00e9 ZOHO\",\"item\":\"https:\/\/crmsystems.co.il\/es\/por-que-zoho\/\"},{\"@type\":\"ListItem\",\"position\":3,\"name\":\"Versiones y precios de Zoho CRM\"}]},{\"@type\":\"WebSite\",\"@id\":\"https:\/\/crmsystems.co.il\/es\/#website\",\"url\":\"https:\/\/crmsystems.co.il\/es\/\",\"name\":\"Cloud CRM Systems\",\"description\":\"The Zoho Experts\",\"publisher\":{\"@id\":\"https:\/\/crmsystems.co.il\/es\/#organization\"},\"potentialAction\":[{\"@type\":\"SearchAction\",\"target\":{\"@type\":\"EntryPoint\",\"urlTemplate\":\"https:\/\/crmsystems.co.il\/es\/?s={search_term_string}\"},\"query-input\":{\"@type\":\"PropertyValueSpecification\",\"valueRequired\":true,\"valueName\":\"search_term_string\"}}],\"inLanguage\":\"en\"},{\"@type\":\"Organization\",\"@id\":\"https:\/\/crmsystems.co.il\/es\/#organization\",\"name\":\"Cloud CRM Systems\",\"url\":\"https:\/\/crmsystems.co.il\/es\/\",\"logo\":{\"@type\":\"ImageObject\",\"inLanguage\":\"en\",\"@id\":\"https:\/\/crmsystems.co.il\/es\/#\/schema\/logo\/image\/\",\"url\":\"https:\/\/crmsystems.co.il\/es\/wp-content\/uploads\/2021\/11\/CCS-White-Logo-2.png\",\"contentUrl\":\"https:\/\/crmsystems.co.il\/es\/wp-content\/uploads\/2021\/11\/CCS-White-Logo-2.png\",\"width\":460,\"height\":157,\"caption\":\"Cloud CRM Systems\"},\"image\":{\"@id\":\"https:\/\/crmsystems.co.il\/es\/#\/schema\/logo\/image\/\"}}]}<\/script>\n<!-- \/ Yoast SEO plugin. -->","yoast_head_json":{"title":"Versiones y precios de Zoho CRM - Cloud CRM Systems","robots":{"index":"index","follow":"follow","max-snippet":"max-snippet:-1","max-image-preview":"max-image-preview:large","max-video-preview":"max-video-preview:-1"},"canonical":"https:\/\/crmsystems.co.il\/es\/por-que-zoho\/versiones-y-precios-de-zoho-crm\/","og_locale":"en_US","og_type":"article","og_title":"Versiones y precios de Zoho CRM - Cloud CRM Systems","og_description":"El sistema ZOHO CRM se ofrece en cinco ediciones o niveles de especificaci\u00f3n (editions). Todas las configuraciones son compatibles con la aplicaci\u00f3n m\u00f3vil. La transici\u00f3n entre ediciones y la actualizaci\u00f3n del sistema es r\u00e1pida y sencilla. Se recomienda comenzar con una configuraci\u00f3n b\u00e1sica y avanzar progresivamente durante la implementaci\u00f3n. Es importante destacar que la planificaci\u00f3n ... Read more","og_url":"https:\/\/crmsystems.co.il\/es\/por-que-zoho\/versiones-y-precios-de-zoho-crm\/","og_site_name":"Cloud CRM Systems","article_modified_time":"2025-08-23T06:22:13+00:00","twitter_card":"summary_large_image","twitter_misc":{"Est. reading time":"2 minutes"},"schema":{"@context":"https:\/\/schema.org","@graph":[{"@type":"WebPage","@id":"https:\/\/crmsystems.co.il\/es\/por-que-zoho\/versiones-y-precios-de-zoho-crm\/","url":"https:\/\/crmsystems.co.il\/es\/por-que-zoho\/versiones-y-precios-de-zoho-crm\/","name":"Versiones y precios de Zoho CRM - Cloud CRM Systems","isPartOf":{"@id":"https:\/\/crmsystems.co.il\/es\/#website"},"datePublished":"2025-08-21T07:56:53+00:00","dateModified":"2025-08-23T06:22:13+00:00","breadcrumb":{"@id":"https:\/\/crmsystems.co.il\/es\/por-que-zoho\/versiones-y-precios-de-zoho-crm\/#breadcrumb"},"inLanguage":"en","potentialAction":[{"@type":"ReadAction","target":["https:\/\/crmsystems.co.il\/es\/por-que-zoho\/versiones-y-precios-de-zoho-crm\/"]}]},{"@type":"BreadcrumbList","@id":"https:\/\/crmsystems.co.il\/es\/por-que-zoho\/versiones-y-precios-de-zoho-crm\/#breadcrumb","itemListElement":[{"@type":"ListItem","position":1,"name":"Home","item":"https:\/\/crmsystems.co.il\/es\/"},{"@type":"ListItem","position":2,"name":"Por qu\u00e9 ZOHO","item":"https:\/\/crmsystems.co.il\/es\/por-que-zoho\/"},{"@type":"ListItem","position":3,"name":"Versiones y precios de Zoho CRM"}]},{"@type":"WebSite","@id":"https:\/\/crmsystems.co.il\/es\/#website","url":"https:\/\/crmsystems.co.il\/es\/","name":"Cloud CRM Systems","description":"The Zoho Experts","publisher":{"@id":"https:\/\/crmsystems.co.il\/es\/#organization"},"potentialAction":[{"@type":"SearchAction","target":{"@type":"EntryPoint","urlTemplate":"https:\/\/crmsystems.co.il\/es\/?s={search_term_string}"},"query-input":{"@type":"PropertyValueSpecification","valueRequired":true,"valueName":"search_term_string"}}],"inLanguage":"en"},{"@type":"Organization","@id":"https:\/\/crmsystems.co.il\/es\/#organization","name":"Cloud CRM Systems","url":"https:\/\/crmsystems.co.il\/es\/","logo":{"@type":"ImageObject","inLanguage":"en","@id":"https:\/\/crmsystems.co.il\/es\/#\/schema\/logo\/image\/","url":"https:\/\/crmsystems.co.il\/es\/wp-content\/uploads\/2021\/11\/CCS-White-Logo-2.png","contentUrl":"https:\/\/crmsystems.co.il\/es\/wp-content\/uploads\/2021\/11\/CCS-White-Logo-2.png","width":460,"height":157,"caption":"Cloud CRM Systems"},"image":{"@id":"https:\/\/crmsystems.co.il\/es\/#\/schema\/logo\/image\/"}}]}},"_links":{"self":[{"href":"https:\/\/crmsystems.co.il\/es\/wp-json\/wp\/v2\/pages\/1416","targetHints":{"allow":["GET"]}}],"collection":[{"href":"https:\/\/crmsystems.co.il\/es\/wp-json\/wp\/v2\/pages"}],"about":[{"href":"https:\/\/crmsystems.co.il\/es\/wp-json\/wp\/v2\/types\/page"}],"author":[{"embeddable":true,"href":"https:\/\/crmsystems.co.il\/es\/wp-json\/wp\/v2\/users\/1"}],"replies":[{"embeddable":true,"href":"https:\/\/crmsystems.co.il\/es\/wp-json\/wp\/v2\/comments?post=1416"}],"version-history":[{"count":1,"href":"https:\/\/crmsystems.co.il\/es\/wp-json\/wp\/v2\/pages\/1416\/revisions"}],"predecessor-version":[{"id":1417,"href":"https:\/\/crmsystems.co.il\/es\/wp-json\/wp\/v2\/pages\/1416\/revisions\/1417"}],"up":[{"embeddable":true,"href":"https:\/\/crmsystems.co.il\/es\/wp-json\/wp\/v2\/pages\/1414"}],"wp:attachment":[{"href":"https:\/\/crmsystems.co.il\/es\/wp-json\/wp\/v2\/media?parent=1416"}],"curies":[{"name":"wp","href":"https:\/\/api.w.org\/{rel}","templated":true}]}}