{"id":1414,"date":"2025-08-21T10:55:13","date_gmt":"2025-08-21T07:55:13","guid":{"rendered":"https:\/\/crmsystems.co.il\/es\/?page_id=1414"},"modified":"2025-09-12T16:09:24","modified_gmt":"2025-09-12T13:09:24","slug":"por-que-zoho","status":"publish","type":"page","link":"https:\/\/crmsystems.co.il\/es\/por-que-zoho\/","title":{"rendered":"Por qu\u00e9 ZOHO"},"content":{"rendered":"\n<h3 class=\"wp-block-heading\">No lo decimos nosotros, lo dicen los expertos<\/h3>\n\n\n\n<p>Zoho ha sido nombrado <strong>\u201cBest CRM of 2024\u201d<\/strong> por <em>Forbes Advisor<\/em>, en varias categor\u00edas, incluyendo el CRM m\u00e1s simple y el que ofrece mejor relaci\u00f3n calidad\/precio. <a href=\"https:\/\/www.zoho.com\/crm\/crm-express\/forbesadvisorbestcrmof2024.html?utm_source=chatgpt.com\" target=\"_blank\" rel=\"noreferrer noopener\">Zoho<\/a><\/p>\n\n\n\n<p>En el informe <strong>Magic Quadrant de Gartner 2023<\/strong> para plataformas de automatizaci\u00f3n de fuerzas de ventas (Sales Force Automation, SFA), Zoho fue reconocido como <em>Visionario<\/em> otra vez, destacando sus mejoras recientes en inteligencia artificial y automatizaci\u00f3n. <a href=\"https:\/\/www.zoho.com\/blog\/crm\/zoho-2023-gartner-mq-sfa.html?utm_source=chatgpt.com\" target=\"_blank\" rel=\"noreferrer noopener\">Zoho<\/a><\/p>\n\n\n\n<p>Zoho CRM obtuvo varios reconocimientos de clientes profesionales, como ser <strong>\u201cGold Medalist 2024 en la categor\u00eda CRM-Midmarket\u201d<\/strong> en los premios de <em>SoftwareReviews<\/em>. <a href=\"https:\/\/www.infotech.com\/software-reviews\/products\/zoho-crm?utm_source=chatgpt.com\" target=\"_blank\" rel=\"noreferrer noopener\">Info-Tech Research Group<\/a><\/p>\n\n\n\n<p>Zoho lanz\u00f3 mejoras recientes de \u201cCRM for Everyone\u201d que incorporan IA (Zia) para generar reportes con prompts, dise\u00f1o personalizado, estructuras de workflow m\u00e1s inteligentes, etc. <a href=\"https:\/\/www.businessreviewmea.com\/2025\/06\/30\/zoho-enhances-crm-for-everyone-platform-with-advanced-ai-and-workflow-features\/?utm_source=chatgpt.com\" target=\"_blank\" rel=\"noreferrer noopener\">businessreviewmea.com<\/a><\/p>\n\n\n\n<p>Zoho alcanz\u00f3 el hito de <strong>100 millones de usuarios<\/strong> globales, con fuerte compromiso en privacidad y crecimiento sostenible. <a href=\"https:\/\/elpais.com\/branded_content\/2024-10-03\/zoho-100-millones-de-usuarios-y-un-compromiso-inquebrantable-con-la-privacidad-y-el-crecimiento-sostenible.html?utm_source=chatgpt.com\" target=\"_blank\" rel=\"noreferrer noopener\">El Pa\u00eds<\/a><\/p>\n\n\n\n<h3 class=\"wp-block-heading\">\u00bfPor qu\u00e9 Zoho?<\/h3>\n\n\n\n<ul class=\"wp-block-list\">\n<li><strong>Completo y flexible:<\/strong> m\u00e1s de 50 aplicaciones integradas que abarcan CRM, marketing, servicio al cliente, finanzas, BI, proyectos y mucho m\u00e1s.<\/li>\n\n\n\n<li><strong>Zoho CRM como eje central:<\/strong> la soluci\u00f3n insignia que ayuda a gestionar todo el ciclo de ventas, desde la generaci\u00f3n de leads hasta la fidelizaci\u00f3n de clientes.<\/li>\n\n\n\n<li><strong>Anal\u00edtica avanzada:<\/strong> Zoho Analytics (BI) permite convertir datos en decisiones estrat\u00e9gicas con paneles personalizables y reportes detallados.<\/li>\n\n\n\n<li><strong>Soporte al cliente eficiente:<\/strong> Zoho Desk ofrece un sistema de tickets intuitivo, multicanal y con automatizaci\u00f3n de flujos de trabajo.<\/li>\n\n\n\n<li><strong>Marketing digital integrado:<\/strong> herramientas como Zoho Campaigns y Zoho Social permiten ejecutar campa\u00f1as, medir resultados y gestionar redes sociales desde un mismo lugar.<\/li>\n\n\n\n<li><strong>Escalable:<\/strong> ideal para peque\u00f1as y medianas empresas que buscan crecer, pero lo suficientemente robusto para organizaciones de gran tama\u00f1o.<\/li>\n\n\n\n<li><strong>Movilidad total:<\/strong> todas las aplicaciones est\u00e1n dise\u00f1adas para usarse tambi\u00e9n en dispositivos m\u00f3viles, garantizando productividad en cualquier lugar.<\/li>\n\n\n\n<li><strong>Coste atractivo:<\/strong> licencias competitivas y planes accesibles que ofrecen un excelente retorno de inversi\u00f3n.<\/li>\n<\/ul>\n\n\n\n<h3 class=\"wp-block-heading\">Nuestra experiencia con Zoho<\/h3>\n\n\n\n<p>En Cloud CRM Systems contamos con una amplia trayectoria en:<\/p>\n\n\n\n<ul class=\"wp-block-list\">\n<li><strong>Personalizaci\u00f3n de sistemas<\/strong> para adaptarlos a la realidad de cada empresa.<\/li>\n\n\n\n<li><strong>Implementaciones<\/strong> <strong>r\u00e1pidos y eficientes<\/strong>, minimizando la interrupci\u00f3n en las operaciones diarias.<\/li>\n\n\n\n<li><strong>Integraci\u00f3n completa de plataformas<\/strong>, asegurando que los equipos adopten y aprovechen al m\u00e1ximo las herramientas.<\/li>\n<\/ul>\n\n\n\n<p><\/p>\n","protected":false},"excerpt":{"rendered":"<p>No lo decimos nosotros, lo dicen los expertos Zoho ha sido nombrado \u201cBest CRM of 2024\u201d por Forbes Advisor, en varias categor\u00edas, incluyendo el CRM m\u00e1s simple y el que ofrece mejor relaci\u00f3n calidad\/precio. Zoho En el informe Magic Quadrant de Gartner 2023 para plataformas de automatizaci\u00f3n de fuerzas de ventas (Sales Force Automation, SFA), &#8230; <a title=\"Por qu\u00e9 ZOHO\" class=\"read-more\" href=\"https:\/\/crmsystems.co.il\/es\/por-que-zoho\/\" aria-label=\"More on Por qu\u00e9 ZOHO\">Read more<\/a><\/p>\n","protected":false},"author":1,"featured_media":0,"parent":0,"menu_order":0,"comment_status":"closed","ping_status":"closed","template":"","meta":{"footnotes":""},"class_list":["post-1414","page","type-page","status-publish"],"yoast_head":"<!-- This site is optimized with the Yoast SEO plugin v25.8 - https:\/\/yoast.com\/wordpress\/plugins\/seo\/ -->\n<title>Por qu\u00e9 ZOHO - Cloud CRM Systems<\/title>\n<meta name=\"robots\" content=\"index, follow, max-snippet:-1, max-image-preview:large, max-video-preview:-1\" \/>\n<link rel=\"canonical\" href=\"https:\/\/crmsystems.co.il\/es\/por-que-zoho\/\" \/>\n<meta property=\"og:locale\" content=\"en_US\" \/>\n<meta property=\"og:type\" content=\"article\" \/>\n<meta property=\"og:title\" content=\"Por qu\u00e9 ZOHO - Cloud CRM Systems\" \/>\n<meta property=\"og:description\" content=\"No lo decimos nosotros, lo dicen los expertos Zoho ha sido nombrado \u201cBest CRM of 2024\u201d por Forbes Advisor, en varias categor\u00edas, incluyendo el CRM m\u00e1s simple y el que ofrece mejor relaci\u00f3n calidad\/precio. Zoho En el informe Magic Quadrant de Gartner 2023 para plataformas de automatizaci\u00f3n de fuerzas de ventas (Sales Force Automation, SFA), ... Read more\" \/>\n<meta property=\"og:url\" content=\"https:\/\/crmsystems.co.il\/es\/por-que-zoho\/\" \/>\n<meta property=\"og:site_name\" content=\"Cloud CRM Systems\" \/>\n<meta property=\"article:modified_time\" content=\"2025-09-12T13:09:24+00:00\" \/>\n<meta name=\"twitter:card\" content=\"summary_large_image\" \/>\n<meta name=\"twitter:label1\" content=\"Est. reading time\" \/>\n\t<meta name=\"twitter:data1\" content=\"2 minutes\" \/>\n<script type=\"application\/ld+json\" class=\"yoast-schema-graph\">{\"@context\":\"https:\/\/schema.org\",\"@graph\":[{\"@type\":\"WebPage\",\"@id\":\"https:\/\/crmsystems.co.il\/es\/por-que-zoho\/\",\"url\":\"https:\/\/crmsystems.co.il\/es\/por-que-zoho\/\",\"name\":\"Por qu\u00e9 ZOHO - Cloud CRM Systems\",\"isPartOf\":{\"@id\":\"https:\/\/crmsystems.co.il\/es\/#website\"},\"datePublished\":\"2025-08-21T07:55:13+00:00\",\"dateModified\":\"2025-09-12T13:09:24+00:00\",\"breadcrumb\":{\"@id\":\"https:\/\/crmsystems.co.il\/es\/por-que-zoho\/#breadcrumb\"},\"inLanguage\":\"en\",\"potentialAction\":[{\"@type\":\"ReadAction\",\"target\":[\"https:\/\/crmsystems.co.il\/es\/por-que-zoho\/\"]}]},{\"@type\":\"BreadcrumbList\",\"@id\":\"https:\/\/crmsystems.co.il\/es\/por-que-zoho\/#breadcrumb\",\"itemListElement\":[{\"@type\":\"ListItem\",\"position\":1,\"name\":\"Home\",\"item\":\"https:\/\/crmsystems.co.il\/es\/\"},{\"@type\":\"ListItem\",\"position\":2,\"name\":\"Por qu\u00e9 ZOHO\"}]},{\"@type\":\"WebSite\",\"@id\":\"https:\/\/crmsystems.co.il\/es\/#website\",\"url\":\"https:\/\/crmsystems.co.il\/es\/\",\"name\":\"Cloud CRM Systems\",\"description\":\"The Zoho Experts\",\"publisher\":{\"@id\":\"https:\/\/crmsystems.co.il\/es\/#organization\"},\"potentialAction\":[{\"@type\":\"SearchAction\",\"target\":{\"@type\":\"EntryPoint\",\"urlTemplate\":\"https:\/\/crmsystems.co.il\/es\/?s={search_term_string}\"},\"query-input\":{\"@type\":\"PropertyValueSpecification\",\"valueRequired\":true,\"valueName\":\"search_term_string\"}}],\"inLanguage\":\"en\"},{\"@type\":\"Organization\",\"@id\":\"https:\/\/crmsystems.co.il\/es\/#organization\",\"name\":\"Cloud CRM Systems\",\"url\":\"https:\/\/crmsystems.co.il\/es\/\",\"logo\":{\"@type\":\"ImageObject\",\"inLanguage\":\"en\",\"@id\":\"https:\/\/crmsystems.co.il\/es\/#\/schema\/logo\/image\/\",\"url\":\"https:\/\/crmsystems.co.il\/es\/wp-content\/uploads\/2021\/11\/CCS-White-Logo-2.png\",\"contentUrl\":\"https:\/\/crmsystems.co.il\/es\/wp-content\/uploads\/2021\/11\/CCS-White-Logo-2.png\",\"width\":460,\"height\":157,\"caption\":\"Cloud CRM Systems\"},\"image\":{\"@id\":\"https:\/\/crmsystems.co.il\/es\/#\/schema\/logo\/image\/\"}}]}<\/script>\n<!-- \/ Yoast SEO plugin. -->","yoast_head_json":{"title":"Por qu\u00e9 ZOHO - Cloud CRM Systems","robots":{"index":"index","follow":"follow","max-snippet":"max-snippet:-1","max-image-preview":"max-image-preview:large","max-video-preview":"max-video-preview:-1"},"canonical":"https:\/\/crmsystems.co.il\/es\/por-que-zoho\/","og_locale":"en_US","og_type":"article","og_title":"Por qu\u00e9 ZOHO - Cloud CRM Systems","og_description":"No lo decimos nosotros, lo dicen los expertos Zoho ha sido nombrado \u201cBest CRM of 2024\u201d por Forbes Advisor, en varias categor\u00edas, incluyendo el CRM m\u00e1s simple y el que ofrece mejor relaci\u00f3n calidad\/precio. Zoho En el informe Magic Quadrant de Gartner 2023 para plataformas de automatizaci\u00f3n de fuerzas de ventas (Sales Force Automation, SFA), ... Read more","og_url":"https:\/\/crmsystems.co.il\/es\/por-que-zoho\/","og_site_name":"Cloud CRM Systems","article_modified_time":"2025-09-12T13:09:24+00:00","twitter_card":"summary_large_image","twitter_misc":{"Est. reading time":"2 minutes"},"schema":{"@context":"https:\/\/schema.org","@graph":[{"@type":"WebPage","@id":"https:\/\/crmsystems.co.il\/es\/por-que-zoho\/","url":"https:\/\/crmsystems.co.il\/es\/por-que-zoho\/","name":"Por qu\u00e9 ZOHO - Cloud CRM Systems","isPartOf":{"@id":"https:\/\/crmsystems.co.il\/es\/#website"},"datePublished":"2025-08-21T07:55:13+00:00","dateModified":"2025-09-12T13:09:24+00:00","breadcrumb":{"@id":"https:\/\/crmsystems.co.il\/es\/por-que-zoho\/#breadcrumb"},"inLanguage":"en","potentialAction":[{"@type":"ReadAction","target":["https:\/\/crmsystems.co.il\/es\/por-que-zoho\/"]}]},{"@type":"BreadcrumbList","@id":"https:\/\/crmsystems.co.il\/es\/por-que-zoho\/#breadcrumb","itemListElement":[{"@type":"ListItem","position":1,"name":"Home","item":"https:\/\/crmsystems.co.il\/es\/"},{"@type":"ListItem","position":2,"name":"Por qu\u00e9 ZOHO"}]},{"@type":"WebSite","@id":"https:\/\/crmsystems.co.il\/es\/#website","url":"https:\/\/crmsystems.co.il\/es\/","name":"Cloud CRM Systems","description":"The Zoho Experts","publisher":{"@id":"https:\/\/crmsystems.co.il\/es\/#organization"},"potentialAction":[{"@type":"SearchAction","target":{"@type":"EntryPoint","urlTemplate":"https:\/\/crmsystems.co.il\/es\/?s={search_term_string}"},"query-input":{"@type":"PropertyValueSpecification","valueRequired":true,"valueName":"search_term_string"}}],"inLanguage":"en"},{"@type":"Organization","@id":"https:\/\/crmsystems.co.il\/es\/#organization","name":"Cloud CRM Systems","url":"https:\/\/crmsystems.co.il\/es\/","logo":{"@type":"ImageObject","inLanguage":"en","@id":"https:\/\/crmsystems.co.il\/es\/#\/schema\/logo\/image\/","url":"https:\/\/crmsystems.co.il\/es\/wp-content\/uploads\/2021\/11\/CCS-White-Logo-2.png","contentUrl":"https:\/\/crmsystems.co.il\/es\/wp-content\/uploads\/2021\/11\/CCS-White-Logo-2.png","width":460,"height":157,"caption":"Cloud CRM Systems"},"image":{"@id":"https:\/\/crmsystems.co.il\/es\/#\/schema\/logo\/image\/"}}]}},"_links":{"self":[{"href":"https:\/\/crmsystems.co.il\/es\/wp-json\/wp\/v2\/pages\/1414","targetHints":{"allow":["GET"]}}],"collection":[{"href":"https:\/\/crmsystems.co.il\/es\/wp-json\/wp\/v2\/pages"}],"about":[{"href":"https:\/\/crmsystems.co.il\/es\/wp-json\/wp\/v2\/types\/page"}],"author":[{"embeddable":true,"href":"https:\/\/crmsystems.co.il\/es\/wp-json\/wp\/v2\/users\/1"}],"replies":[{"embeddable":true,"href":"https:\/\/crmsystems.co.il\/es\/wp-json\/wp\/v2\/comments?post=1414"}],"version-history":[{"count":5,"href":"https:\/\/crmsystems.co.il\/es\/wp-json\/wp\/v2\/pages\/1414\/revisions"}],"predecessor-version":[{"id":1504,"href":"https:\/\/crmsystems.co.il\/es\/wp-json\/wp\/v2\/pages\/1414\/revisions\/1504"}],"wp:attachment":[{"href":"https:\/\/crmsystems.co.il\/es\/wp-json\/wp\/v2\/media?parent=1414"}],"curies":[{"name":"wp","href":"https:\/\/api.w.org\/{rel}","templated":true}]}}