{"id":1408,"date":"2025-08-21T10:47:06","date_gmt":"2025-08-21T07:47:06","guid":{"rendered":"https:\/\/crmsystems.co.il\/es\/?page_id=1408"},"modified":"2025-08-23T09:13:15","modified_gmt":"2025-08-23T06:13:15","slug":"marketing-y-ventas-unidos-con-zoho-crm","status":"publish","type":"page","link":"https:\/\/crmsystems.co.il\/es\/sistema-crm\/marketing-y-ventas-unidos-con-zoho-crm\/","title":{"rendered":"Marketing y ventas unidos con Zoho CRM"},"content":{"rendered":"\n<p>Tradicionalmente, el departamento de marketing genera inter\u00e9s en el producto o servicio, mientras que el departamento de ventas convierte ese inter\u00e9s en una transacci\u00f3n. Hoy en d\u00eda, la l\u00ednea entre marketing y ventas es difusa, y las tecnolog\u00edas de gesti\u00f3n avanzadas permiten una sinergia entre los departamentos.&nbsp;<\/p>\n\n\n\n<p>A trav\u00e9s de las herramientas avanzadas de Zoho, la empresa Cloud CRM Systems ofrece a sus clientes una plataforma modular en la nube que mejora la conexi\u00f3n entre los sistemas de marketing y ventas. Entre las herramientas disponibles se incluyen:&nbsp;<\/p>\n\n\n\n<ul class=\"wp-block-list\">\n<li>Integraci\u00f3n con sistemas publicitarios como Google y Facebook, para obtener retroalimentaci\u00f3n del sistema de ventas sobre la efectividad de la publicidad.&nbsp;<\/li>\n<\/ul>\n\n\n\n<ul class=\"wp-block-list\">\n<li>Multicanalidad que permite identificar clientes en diferentes plataformas y enviarles mensajes de marketing y ventas personalizados.&nbsp;<\/li>\n<\/ul>\n\n\n\n<ul class=\"wp-block-list\">\n<li>Gesti\u00f3n de encuestas y recepci\u00f3n de comentarios de clientes, proveedores y socios.&nbsp;<\/li>\n<\/ul>\n\n\n\n<ul class=\"wp-block-list\">\n<li>Herramientas de comunicaci\u00f3n con clientes que sirven a ambos departamentos desde un \u00fanico lugar: correo electr\u00f3nico, SMS, chat e integraci\u00f3n con centrales telef\u00f3nicas.&nbsp;<\/li>\n<\/ul>\n","protected":false},"excerpt":{"rendered":"<p>Tradicionalmente, el departamento de marketing genera inter\u00e9s en el producto o servicio, mientras que el departamento de ventas convierte ese inter\u00e9s en una transacci\u00f3n. Hoy en d\u00eda, la l\u00ednea entre marketing y ventas es difusa, y las tecnolog\u00edas de gesti\u00f3n avanzadas permiten una sinergia entre los departamentos.&nbsp; A trav\u00e9s de las herramientas avanzadas de Zoho, &#8230; <a title=\"Marketing y ventas unidos con Zoho CRM\" class=\"read-more\" href=\"https:\/\/crmsystems.co.il\/es\/sistema-crm\/marketing-y-ventas-unidos-con-zoho-crm\/\" aria-label=\"More on Marketing y ventas unidos con Zoho CRM\">Read more<\/a><\/p>\n","protected":false},"author":1,"featured_media":0,"parent":1396,"menu_order":0,"comment_status":"closed","ping_status":"closed","template":"","meta":{"footnotes":""},"class_list":["post-1408","page","type-page","status-publish"],"yoast_head":"<!-- This site is optimized with the Yoast SEO plugin v25.8 - https:\/\/yoast.com\/wordpress\/plugins\/seo\/ -->\n<title>Marketing y ventas unidos con Zoho CRM - Cloud CRM Systems<\/title>\n<meta name=\"robots\" content=\"index, follow, max-snippet:-1, max-image-preview:large, max-video-preview:-1\" \/>\n<link rel=\"canonical\" href=\"https:\/\/crmsystems.co.il\/es\/sistema-crm\/marketing-y-ventas-unidos-con-zoho-crm\/\" \/>\n<meta property=\"og:locale\" content=\"en_US\" \/>\n<meta property=\"og:type\" content=\"article\" \/>\n<meta property=\"og:title\" content=\"Marketing y ventas unidos con Zoho CRM - Cloud CRM Systems\" \/>\n<meta property=\"og:description\" content=\"Tradicionalmente, el departamento de marketing genera inter\u00e9s en el producto o servicio, mientras que el departamento de ventas convierte ese inter\u00e9s en una transacci\u00f3n. Hoy en d\u00eda, la l\u00ednea entre marketing y ventas es difusa, y las tecnolog\u00edas de gesti\u00f3n avanzadas permiten una sinergia entre los departamentos.&nbsp; A trav\u00e9s de las herramientas avanzadas de Zoho, ... Read more\" \/>\n<meta property=\"og:url\" content=\"https:\/\/crmsystems.co.il\/es\/sistema-crm\/marketing-y-ventas-unidos-con-zoho-crm\/\" \/>\n<meta property=\"og:site_name\" content=\"Cloud CRM Systems\" \/>\n<meta property=\"article:modified_time\" content=\"2025-08-23T06:13:15+00:00\" \/>\n<meta name=\"twitter:card\" content=\"summary_large_image\" \/>\n<meta name=\"twitter:label1\" content=\"Est. reading time\" \/>\n\t<meta name=\"twitter:data1\" content=\"1 minute\" \/>\n<script type=\"application\/ld+json\" class=\"yoast-schema-graph\">{\"@context\":\"https:\/\/schema.org\",\"@graph\":[{\"@type\":\"WebPage\",\"@id\":\"https:\/\/crmsystems.co.il\/es\/sistema-crm\/marketing-y-ventas-unidos-con-zoho-crm\/\",\"url\":\"https:\/\/crmsystems.co.il\/es\/sistema-crm\/marketing-y-ventas-unidos-con-zoho-crm\/\",\"name\":\"Marketing y ventas unidos con Zoho CRM - Cloud CRM Systems\",\"isPartOf\":{\"@id\":\"https:\/\/crmsystems.co.il\/es\/#website\"},\"datePublished\":\"2025-08-21T07:47:06+00:00\",\"dateModified\":\"2025-08-23T06:13:15+00:00\",\"breadcrumb\":{\"@id\":\"https:\/\/crmsystems.co.il\/es\/sistema-crm\/marketing-y-ventas-unidos-con-zoho-crm\/#breadcrumb\"},\"inLanguage\":\"en\",\"potentialAction\":[{\"@type\":\"ReadAction\",\"target\":[\"https:\/\/crmsystems.co.il\/es\/sistema-crm\/marketing-y-ventas-unidos-con-zoho-crm\/\"]}]},{\"@type\":\"BreadcrumbList\",\"@id\":\"https:\/\/crmsystems.co.il\/es\/sistema-crm\/marketing-y-ventas-unidos-con-zoho-crm\/#breadcrumb\",\"itemListElement\":[{\"@type\":\"ListItem\",\"position\":1,\"name\":\"Home\",\"item\":\"https:\/\/crmsystems.co.il\/es\/\"},{\"@type\":\"ListItem\",\"position\":2,\"name\":\"Sistema CRM\",\"item\":\"https:\/\/crmsystems.co.il\/es\/sistema-crm\/\"},{\"@type\":\"ListItem\",\"position\":3,\"name\":\"Marketing y ventas unidos con Zoho CRM\"}]},{\"@type\":\"WebSite\",\"@id\":\"https:\/\/crmsystems.co.il\/es\/#website\",\"url\":\"https:\/\/crmsystems.co.il\/es\/\",\"name\":\"Cloud CRM Systems\",\"description\":\"The Zoho Experts\",\"publisher\":{\"@id\":\"https:\/\/crmsystems.co.il\/es\/#organization\"},\"potentialAction\":[{\"@type\":\"SearchAction\",\"target\":{\"@type\":\"EntryPoint\",\"urlTemplate\":\"https:\/\/crmsystems.co.il\/es\/?s={search_term_string}\"},\"query-input\":{\"@type\":\"PropertyValueSpecification\",\"valueRequired\":true,\"valueName\":\"search_term_string\"}}],\"inLanguage\":\"en\"},{\"@type\":\"Organization\",\"@id\":\"https:\/\/crmsystems.co.il\/es\/#organization\",\"name\":\"Cloud CRM Systems\",\"url\":\"https:\/\/crmsystems.co.il\/es\/\",\"logo\":{\"@type\":\"ImageObject\",\"inLanguage\":\"en\",\"@id\":\"https:\/\/crmsystems.co.il\/es\/#\/schema\/logo\/image\/\",\"url\":\"https:\/\/crmsystems.co.il\/es\/wp-content\/uploads\/2021\/11\/CCS-White-Logo-2.png\",\"contentUrl\":\"https:\/\/crmsystems.co.il\/es\/wp-content\/uploads\/2021\/11\/CCS-White-Logo-2.png\",\"width\":460,\"height\":157,\"caption\":\"Cloud CRM Systems\"},\"image\":{\"@id\":\"https:\/\/crmsystems.co.il\/es\/#\/schema\/logo\/image\/\"}}]}<\/script>\n<!-- \/ Yoast SEO plugin. -->","yoast_head_json":{"title":"Marketing y ventas unidos con Zoho CRM - Cloud CRM Systems","robots":{"index":"index","follow":"follow","max-snippet":"max-snippet:-1","max-image-preview":"max-image-preview:large","max-video-preview":"max-video-preview:-1"},"canonical":"https:\/\/crmsystems.co.il\/es\/sistema-crm\/marketing-y-ventas-unidos-con-zoho-crm\/","og_locale":"en_US","og_type":"article","og_title":"Marketing y ventas unidos con Zoho CRM - Cloud CRM Systems","og_description":"Tradicionalmente, el departamento de marketing genera inter\u00e9s en el producto o servicio, mientras que el departamento de ventas convierte ese inter\u00e9s en una transacci\u00f3n. Hoy en d\u00eda, la l\u00ednea entre marketing y ventas es difusa, y las tecnolog\u00edas de gesti\u00f3n avanzadas permiten una sinergia entre los departamentos.&nbsp; A trav\u00e9s de las herramientas avanzadas de Zoho, ... Read more","og_url":"https:\/\/crmsystems.co.il\/es\/sistema-crm\/marketing-y-ventas-unidos-con-zoho-crm\/","og_site_name":"Cloud CRM Systems","article_modified_time":"2025-08-23T06:13:15+00:00","twitter_card":"summary_large_image","twitter_misc":{"Est. reading time":"1 minute"},"schema":{"@context":"https:\/\/schema.org","@graph":[{"@type":"WebPage","@id":"https:\/\/crmsystems.co.il\/es\/sistema-crm\/marketing-y-ventas-unidos-con-zoho-crm\/","url":"https:\/\/crmsystems.co.il\/es\/sistema-crm\/marketing-y-ventas-unidos-con-zoho-crm\/","name":"Marketing y ventas unidos con Zoho CRM - Cloud CRM Systems","isPartOf":{"@id":"https:\/\/crmsystems.co.il\/es\/#website"},"datePublished":"2025-08-21T07:47:06+00:00","dateModified":"2025-08-23T06:13:15+00:00","breadcrumb":{"@id":"https:\/\/crmsystems.co.il\/es\/sistema-crm\/marketing-y-ventas-unidos-con-zoho-crm\/#breadcrumb"},"inLanguage":"en","potentialAction":[{"@type":"ReadAction","target":["https:\/\/crmsystems.co.il\/es\/sistema-crm\/marketing-y-ventas-unidos-con-zoho-crm\/"]}]},{"@type":"BreadcrumbList","@id":"https:\/\/crmsystems.co.il\/es\/sistema-crm\/marketing-y-ventas-unidos-con-zoho-crm\/#breadcrumb","itemListElement":[{"@type":"ListItem","position":1,"name":"Home","item":"https:\/\/crmsystems.co.il\/es\/"},{"@type":"ListItem","position":2,"name":"Sistema CRM","item":"https:\/\/crmsystems.co.il\/es\/sistema-crm\/"},{"@type":"ListItem","position":3,"name":"Marketing y ventas unidos con Zoho CRM"}]},{"@type":"WebSite","@id":"https:\/\/crmsystems.co.il\/es\/#website","url":"https:\/\/crmsystems.co.il\/es\/","name":"Cloud CRM Systems","description":"The Zoho Experts","publisher":{"@id":"https:\/\/crmsystems.co.il\/es\/#organization"},"potentialAction":[{"@type":"SearchAction","target":{"@type":"EntryPoint","urlTemplate":"https:\/\/crmsystems.co.il\/es\/?s={search_term_string}"},"query-input":{"@type":"PropertyValueSpecification","valueRequired":true,"valueName":"search_term_string"}}],"inLanguage":"en"},{"@type":"Organization","@id":"https:\/\/crmsystems.co.il\/es\/#organization","name":"Cloud CRM Systems","url":"https:\/\/crmsystems.co.il\/es\/","logo":{"@type":"ImageObject","inLanguage":"en","@id":"https:\/\/crmsystems.co.il\/es\/#\/schema\/logo\/image\/","url":"https:\/\/crmsystems.co.il\/es\/wp-content\/uploads\/2021\/11\/CCS-White-Logo-2.png","contentUrl":"https:\/\/crmsystems.co.il\/es\/wp-content\/uploads\/2021\/11\/CCS-White-Logo-2.png","width":460,"height":157,"caption":"Cloud CRM Systems"},"image":{"@id":"https:\/\/crmsystems.co.il\/es\/#\/schema\/logo\/image\/"}}]}},"_links":{"self":[{"href":"https:\/\/crmsystems.co.il\/es\/wp-json\/wp\/v2\/pages\/1408","targetHints":{"allow":["GET"]}}],"collection":[{"href":"https:\/\/crmsystems.co.il\/es\/wp-json\/wp\/v2\/pages"}],"about":[{"href":"https:\/\/crmsystems.co.il\/es\/wp-json\/wp\/v2\/types\/page"}],"author":[{"embeddable":true,"href":"https:\/\/crmsystems.co.il\/es\/wp-json\/wp\/v2\/users\/1"}],"replies":[{"embeddable":true,"href":"https:\/\/crmsystems.co.il\/es\/wp-json\/wp\/v2\/comments?post=1408"}],"version-history":[{"count":2,"href":"https:\/\/crmsystems.co.il\/es\/wp-json\/wp\/v2\/pages\/1408\/revisions"}],"predecessor-version":[{"id":1448,"href":"https:\/\/crmsystems.co.il\/es\/wp-json\/wp\/v2\/pages\/1408\/revisions\/1448"}],"up":[{"embeddable":true,"href":"https:\/\/crmsystems.co.il\/es\/wp-json\/wp\/v2\/pages\/1396"}],"wp:attachment":[{"href":"https:\/\/crmsystems.co.il\/es\/wp-json\/wp\/v2\/media?parent=1408"}],"curies":[{"name":"wp","href":"https:\/\/api.w.org\/{rel}","templated":true}]}}