{"id":1404,"date":"2025-08-21T10:43:14","date_gmt":"2025-08-21T07:43:14","guid":{"rendered":"https:\/\/crmsystems.co.il\/es\/?page_id=1404"},"modified":"2025-08-23T09:13:46","modified_gmt":"2025-08-23T06:13:46","slug":"automatizacion-de-procesos-con-crm","status":"publish","type":"page","link":"https:\/\/crmsystems.co.il\/es\/sistema-crm\/automatizacion-de-procesos-con-crm\/","title":{"rendered":"Automatizaci\u00f3n de procesos con CRM"},"content":{"rendered":"\n<p>La automatizaci\u00f3n de procesos CRM permite a las empresas optimizar flujos de trabajo, ahorrar tiempo y mejorar el intercambio de informaci\u00f3n dentro de la organizaci\u00f3n. El sistema Zoho CRM ofrece herramientas avanzadas de automatizaci\u00f3n, entre ellas:&nbsp;<\/p>\n\n\n\n<p><strong>Workflow (Flujo de trabajo):<\/strong>&nbsp;<\/p>\n\n\n\n<p>Un motor de automatizaci\u00f3n flexible que permite definir desencadenantes basados en eventos o tiempos espec\u00edficos, que activan acciones como:&nbsp;<\/p>\n\n\n\n<ul class=\"wp-block-list\">\n<li>Enviar notificaciones a usuarios, clientes, proveedores o socios.&nbsp;<\/li>\n<\/ul>\n\n\n\n<ul class=\"wp-block-list\">\n<li>Asignar tareas a usuarios.&nbsp;<\/li>\n<\/ul>\n\n\n\n<ul class=\"wp-block-list\">\n<li>Actualizar campos autom\u00e1ticamente.&nbsp;<\/li>\n<\/ul>\n\n\n\n<ul class=\"wp-block-list\">\n<li>Comunicaci\u00f3n con sistemas externos mediante Webhooks.&nbsp;<\/li>\n<\/ul>\n\n\n\n<ul class=\"wp-block-list\">\n<li>Ejecutar funciones personalizadas para realizar acciones complejas.&nbsp;<\/li>\n<\/ul>\n\n\n\n<p><strong>Schedules (Programaciones):<\/strong>&nbsp;<\/p>\n\n\n\n<p>Una herramienta para programar acciones recurrentes en momentos definidos, que permite la ejecuci\u00f3n autom\u00e1tica de funciones personalizadas, ahorrando tiempo de gesti\u00f3n y control.&nbsp;<\/p>\n\n\n\n<p><strong>Actions (Acciones):<\/strong>&nbsp;<\/p>\n\n\n\n<p>Acciones que se pueden definir dentro de Workflows o Schedules, como:&nbsp;<\/p>\n\n\n\n<ul class=\"wp-block-list\">\n<li>Actualizaci\u00f3n autom\u00e1tica de campos.&nbsp;<\/li>\n<\/ul>\n\n\n\n<ul class=\"wp-block-list\">\n<li>Uso de Webhooks para comunicarse con sistemas externos.&nbsp;<\/li>\n<\/ul>\n\n\n\n<ul class=\"wp-block-list\">\n<li>Creaci\u00f3n de tareas.&nbsp;<\/li>\n<\/ul>\n\n\n\n<ul class=\"wp-block-list\">\n<li>Env\u00edo de notificaciones por correo electr\u00f3nico.&nbsp;<\/li>\n<\/ul>\n\n\n\n<p><strong>Assignment Rules (Reglas de asignaci\u00f3n):<\/strong>&nbsp;<\/p>\n\n\n\n<p>Definici\u00f3n de reglas para distribuir leads entre los representantes de ventas de manera autom\u00e1tica, seg\u00fan criterios establecidos.&nbsp;<\/p>\n\n\n\n<p>La adaptaci\u00f3n de la automatizaci\u00f3n a las necesidades de la organizaci\u00f3n se realiza de manera gradual, con el objetivo de mejorar la eficiencia operativa y ajustar el sistema a los procesos comerciales \u00fanicos de cada empresa.&nbsp;<\/p>\n","protected":false},"excerpt":{"rendered":"<p>La automatizaci\u00f3n de procesos CRM permite a las empresas optimizar flujos de trabajo, ahorrar tiempo y mejorar el intercambio de informaci\u00f3n dentro de la organizaci\u00f3n. El sistema Zoho CRM ofrece herramientas avanzadas de automatizaci\u00f3n, entre ellas:&nbsp; Workflow (Flujo de trabajo):&nbsp; Un motor de automatizaci\u00f3n flexible que permite definir desencadenantes basados en eventos o tiempos espec\u00edficos, &#8230; <a title=\"Automatizaci\u00f3n de procesos con CRM\" class=\"read-more\" href=\"https:\/\/crmsystems.co.il\/es\/sistema-crm\/automatizacion-de-procesos-con-crm\/\" aria-label=\"More on Automatizaci\u00f3n de procesos con CRM\">Read more<\/a><\/p>\n","protected":false},"author":1,"featured_media":0,"parent":1396,"menu_order":0,"comment_status":"closed","ping_status":"closed","template":"","meta":{"footnotes":""},"class_list":["post-1404","page","type-page","status-publish"],"yoast_head":"<!-- This site is optimized with the Yoast SEO plugin v25.8 - https:\/\/yoast.com\/wordpress\/plugins\/seo\/ -->\n<title>Automatizaci\u00f3n de procesos con CRM - Cloud CRM Systems<\/title>\n<meta name=\"robots\" content=\"index, follow, max-snippet:-1, max-image-preview:large, max-video-preview:-1\" \/>\n<link rel=\"canonical\" href=\"https:\/\/crmsystems.co.il\/es\/sistema-crm\/automatizacion-de-procesos-con-crm\/\" \/>\n<meta property=\"og:locale\" content=\"en_US\" \/>\n<meta property=\"og:type\" content=\"article\" \/>\n<meta property=\"og:title\" content=\"Automatizaci\u00f3n de procesos con CRM - Cloud CRM Systems\" \/>\n<meta property=\"og:description\" content=\"La automatizaci\u00f3n de procesos CRM permite a las empresas optimizar flujos de trabajo, ahorrar tiempo y mejorar el intercambio de informaci\u00f3n dentro de la organizaci\u00f3n. El sistema Zoho CRM ofrece herramientas avanzadas de automatizaci\u00f3n, entre ellas:&nbsp; Workflow (Flujo de trabajo):&nbsp; Un motor de automatizaci\u00f3n flexible que permite definir desencadenantes basados en eventos o tiempos espec\u00edficos, ... Read more\" \/>\n<meta property=\"og:url\" content=\"https:\/\/crmsystems.co.il\/es\/sistema-crm\/automatizacion-de-procesos-con-crm\/\" \/>\n<meta property=\"og:site_name\" content=\"Cloud CRM Systems\" \/>\n<meta property=\"article:modified_time\" content=\"2025-08-23T06:13:46+00:00\" \/>\n<meta name=\"twitter:card\" content=\"summary_large_image\" \/>\n<meta name=\"twitter:label1\" content=\"Est. reading time\" \/>\n\t<meta name=\"twitter:data1\" content=\"1 minute\" \/>\n<script type=\"application\/ld+json\" class=\"yoast-schema-graph\">{\"@context\":\"https:\/\/schema.org\",\"@graph\":[{\"@type\":\"WebPage\",\"@id\":\"https:\/\/crmsystems.co.il\/es\/sistema-crm\/automatizacion-de-procesos-con-crm\/\",\"url\":\"https:\/\/crmsystems.co.il\/es\/sistema-crm\/automatizacion-de-procesos-con-crm\/\",\"name\":\"Automatizaci\u00f3n de procesos con CRM - Cloud CRM Systems\",\"isPartOf\":{\"@id\":\"https:\/\/crmsystems.co.il\/es\/#website\"},\"datePublished\":\"2025-08-21T07:43:14+00:00\",\"dateModified\":\"2025-08-23T06:13:46+00:00\",\"breadcrumb\":{\"@id\":\"https:\/\/crmsystems.co.il\/es\/sistema-crm\/automatizacion-de-procesos-con-crm\/#breadcrumb\"},\"inLanguage\":\"en\",\"potentialAction\":[{\"@type\":\"ReadAction\",\"target\":[\"https:\/\/crmsystems.co.il\/es\/sistema-crm\/automatizacion-de-procesos-con-crm\/\"]}]},{\"@type\":\"BreadcrumbList\",\"@id\":\"https:\/\/crmsystems.co.il\/es\/sistema-crm\/automatizacion-de-procesos-con-crm\/#breadcrumb\",\"itemListElement\":[{\"@type\":\"ListItem\",\"position\":1,\"name\":\"Home\",\"item\":\"https:\/\/crmsystems.co.il\/es\/\"},{\"@type\":\"ListItem\",\"position\":2,\"name\":\"Sistema CRM\",\"item\":\"https:\/\/crmsystems.co.il\/es\/sistema-crm\/\"},{\"@type\":\"ListItem\",\"position\":3,\"name\":\"Automatizaci\u00f3n de procesos con CRM\"}]},{\"@type\":\"WebSite\",\"@id\":\"https:\/\/crmsystems.co.il\/es\/#website\",\"url\":\"https:\/\/crmsystems.co.il\/es\/\",\"name\":\"Cloud CRM Systems\",\"description\":\"The Zoho Experts\",\"publisher\":{\"@id\":\"https:\/\/crmsystems.co.il\/es\/#organization\"},\"potentialAction\":[{\"@type\":\"SearchAction\",\"target\":{\"@type\":\"EntryPoint\",\"urlTemplate\":\"https:\/\/crmsystems.co.il\/es\/?s={search_term_string}\"},\"query-input\":{\"@type\":\"PropertyValueSpecification\",\"valueRequired\":true,\"valueName\":\"search_term_string\"}}],\"inLanguage\":\"en\"},{\"@type\":\"Organization\",\"@id\":\"https:\/\/crmsystems.co.il\/es\/#organization\",\"name\":\"Cloud CRM Systems\",\"url\":\"https:\/\/crmsystems.co.il\/es\/\",\"logo\":{\"@type\":\"ImageObject\",\"inLanguage\":\"en\",\"@id\":\"https:\/\/crmsystems.co.il\/es\/#\/schema\/logo\/image\/\",\"url\":\"https:\/\/crmsystems.co.il\/es\/wp-content\/uploads\/2021\/11\/CCS-White-Logo-2.png\",\"contentUrl\":\"https:\/\/crmsystems.co.il\/es\/wp-content\/uploads\/2021\/11\/CCS-White-Logo-2.png\",\"width\":460,\"height\":157,\"caption\":\"Cloud CRM Systems\"},\"image\":{\"@id\":\"https:\/\/crmsystems.co.il\/es\/#\/schema\/logo\/image\/\"}}]}<\/script>\n<!-- \/ Yoast SEO plugin. -->","yoast_head_json":{"title":"Automatizaci\u00f3n de procesos con CRM - Cloud CRM Systems","robots":{"index":"index","follow":"follow","max-snippet":"max-snippet:-1","max-image-preview":"max-image-preview:large","max-video-preview":"max-video-preview:-1"},"canonical":"https:\/\/crmsystems.co.il\/es\/sistema-crm\/automatizacion-de-procesos-con-crm\/","og_locale":"en_US","og_type":"article","og_title":"Automatizaci\u00f3n de procesos con CRM - Cloud CRM Systems","og_description":"La automatizaci\u00f3n de procesos CRM permite a las empresas optimizar flujos de trabajo, ahorrar tiempo y mejorar el intercambio de informaci\u00f3n dentro de la organizaci\u00f3n. El sistema Zoho CRM ofrece herramientas avanzadas de automatizaci\u00f3n, entre ellas:&nbsp; Workflow (Flujo de trabajo):&nbsp; Un motor de automatizaci\u00f3n flexible que permite definir desencadenantes basados en eventos o tiempos espec\u00edficos, ... Read more","og_url":"https:\/\/crmsystems.co.il\/es\/sistema-crm\/automatizacion-de-procesos-con-crm\/","og_site_name":"Cloud CRM Systems","article_modified_time":"2025-08-23T06:13:46+00:00","twitter_card":"summary_large_image","twitter_misc":{"Est. reading time":"1 minute"},"schema":{"@context":"https:\/\/schema.org","@graph":[{"@type":"WebPage","@id":"https:\/\/crmsystems.co.il\/es\/sistema-crm\/automatizacion-de-procesos-con-crm\/","url":"https:\/\/crmsystems.co.il\/es\/sistema-crm\/automatizacion-de-procesos-con-crm\/","name":"Automatizaci\u00f3n de procesos con CRM - Cloud CRM Systems","isPartOf":{"@id":"https:\/\/crmsystems.co.il\/es\/#website"},"datePublished":"2025-08-21T07:43:14+00:00","dateModified":"2025-08-23T06:13:46+00:00","breadcrumb":{"@id":"https:\/\/crmsystems.co.il\/es\/sistema-crm\/automatizacion-de-procesos-con-crm\/#breadcrumb"},"inLanguage":"en","potentialAction":[{"@type":"ReadAction","target":["https:\/\/crmsystems.co.il\/es\/sistema-crm\/automatizacion-de-procesos-con-crm\/"]}]},{"@type":"BreadcrumbList","@id":"https:\/\/crmsystems.co.il\/es\/sistema-crm\/automatizacion-de-procesos-con-crm\/#breadcrumb","itemListElement":[{"@type":"ListItem","position":1,"name":"Home","item":"https:\/\/crmsystems.co.il\/es\/"},{"@type":"ListItem","position":2,"name":"Sistema CRM","item":"https:\/\/crmsystems.co.il\/es\/sistema-crm\/"},{"@type":"ListItem","position":3,"name":"Automatizaci\u00f3n de procesos con CRM"}]},{"@type":"WebSite","@id":"https:\/\/crmsystems.co.il\/es\/#website","url":"https:\/\/crmsystems.co.il\/es\/","name":"Cloud CRM Systems","description":"The Zoho Experts","publisher":{"@id":"https:\/\/crmsystems.co.il\/es\/#organization"},"potentialAction":[{"@type":"SearchAction","target":{"@type":"EntryPoint","urlTemplate":"https:\/\/crmsystems.co.il\/es\/?s={search_term_string}"},"query-input":{"@type":"PropertyValueSpecification","valueRequired":true,"valueName":"search_term_string"}}],"inLanguage":"en"},{"@type":"Organization","@id":"https:\/\/crmsystems.co.il\/es\/#organization","name":"Cloud CRM Systems","url":"https:\/\/crmsystems.co.il\/es\/","logo":{"@type":"ImageObject","inLanguage":"en","@id":"https:\/\/crmsystems.co.il\/es\/#\/schema\/logo\/image\/","url":"https:\/\/crmsystems.co.il\/es\/wp-content\/uploads\/2021\/11\/CCS-White-Logo-2.png","contentUrl":"https:\/\/crmsystems.co.il\/es\/wp-content\/uploads\/2021\/11\/CCS-White-Logo-2.png","width":460,"height":157,"caption":"Cloud CRM Systems"},"image":{"@id":"https:\/\/crmsystems.co.il\/es\/#\/schema\/logo\/image\/"}}]}},"_links":{"self":[{"href":"https:\/\/crmsystems.co.il\/es\/wp-json\/wp\/v2\/pages\/1404","targetHints":{"allow":["GET"]}}],"collection":[{"href":"https:\/\/crmsystems.co.il\/es\/wp-json\/wp\/v2\/pages"}],"about":[{"href":"https:\/\/crmsystems.co.il\/es\/wp-json\/wp\/v2\/types\/page"}],"author":[{"embeddable":true,"href":"https:\/\/crmsystems.co.il\/es\/wp-json\/wp\/v2\/users\/1"}],"replies":[{"embeddable":true,"href":"https:\/\/crmsystems.co.il\/es\/wp-json\/wp\/v2\/comments?post=1404"}],"version-history":[{"count":2,"href":"https:\/\/crmsystems.co.il\/es\/wp-json\/wp\/v2\/pages\/1404\/revisions"}],"predecessor-version":[{"id":1449,"href":"https:\/\/crmsystems.co.il\/es\/wp-json\/wp\/v2\/pages\/1404\/revisions\/1449"}],"up":[{"embeddable":true,"href":"https:\/\/crmsystems.co.il\/es\/wp-json\/wp\/v2\/pages\/1396"}],"wp:attachment":[{"href":"https:\/\/crmsystems.co.il\/es\/wp-json\/wp\/v2\/media?parent=1404"}],"curies":[{"name":"wp","href":"https:\/\/api.w.org\/{rel}","templated":true}]}}