{"id":1398,"date":"2025-08-21T10:22:07","date_gmt":"2025-08-21T07:22:07","guid":{"rendered":"https:\/\/crmsystems.co.il\/es\/?page_id=1398"},"modified":"2025-08-23T09:08:00","modified_gmt":"2025-08-23T06:08:00","slug":"cuando-se-necesita-un-sistema-crm","status":"publish","type":"page","link":"https:\/\/crmsystems.co.il\/es\/sistema-crm\/cuando-se-necesita-un-sistema-crm\/","title":{"rendered":"Cu\u00e1ndo se necesita un sistema CRM"},"content":{"rendered":"\n<p>Muchas organizaciones utilizan herramientas como cuadernos, hojas de c\u00e1lculo y programas de correo electr\u00f3nico para gestionar contactos, clientes y transacciones. Sin embargo, a medida que la organizaci\u00f3n crece, estas herramientas pueden volverse menos eficientes. Un estudio de Gartner menciona ocho pilares esenciales para la implementaci\u00f3n de un sistema CRM: visi\u00f3n, estrategia, experiencia del usuario, intercambio de informaci\u00f3n organizacional, procesos comerciales, informaci\u00f3n, medici\u00f3n del rendimiento y tecnolog\u00eda. Un sistema CRM ayuda a implementar estos pilares y mejora la gesti\u00f3n de clientes y transacciones.&nbsp;<\/p>\n\n\n\n<p><strong>Se\u00f1ales de la necesidad de un sistema CRM:<\/strong>&nbsp;<\/p>\n\n\n\n<ol class=\"wp-block-list\" start=\"1\">\n<li>Dificultad para clasificar contactos en categor\u00edas (industria, profesi\u00f3n, regi\u00f3n geogr\u00e1fica).&nbsp;<\/li>\n<\/ol>\n\n\n\n<ol class=\"wp-block-list\" start=\"2\">\n<li>Dificultad para buscar y localizar r\u00e1pidamente contactos y transacciones.&nbsp;<\/li>\n<\/ol>\n\n\n\n<ol class=\"wp-block-list\" start=\"3\">\n<li>Informaci\u00f3n incompleta o dif\u00edcil de recuperar en hojas de c\u00e1lculo.&nbsp;<\/li>\n<\/ol>\n\n\n\n<ol class=\"wp-block-list\" start=\"4\">\n<li>Incapacidad para asociar los resultados de campa\u00f1as con ventas reales.&nbsp;<\/li>\n<\/ol>\n\n\n\n<ol class=\"wp-block-list\" start=\"5\">\n<li>Dificultad para gestionar y supervisar la actividad del equipo de ventas.&nbsp;<\/li>\n<\/ol>\n","protected":false},"excerpt":{"rendered":"<p>Muchas organizaciones utilizan herramientas como cuadernos, hojas de c\u00e1lculo y programas de correo electr\u00f3nico para gestionar contactos, clientes y transacciones. Sin embargo, a medida que la organizaci\u00f3n crece, estas herramientas pueden volverse menos eficientes. Un estudio de Gartner menciona ocho pilares esenciales para la implementaci\u00f3n de un sistema CRM: visi\u00f3n, estrategia, experiencia del usuario, intercambio &#8230; <a title=\"Cu\u00e1ndo se necesita un sistema CRM\" class=\"read-more\" href=\"https:\/\/crmsystems.co.il\/es\/sistema-crm\/cuando-se-necesita-un-sistema-crm\/\" aria-label=\"More on Cu\u00e1ndo se necesita un sistema CRM\">Read more<\/a><\/p>\n","protected":false},"author":1,"featured_media":0,"parent":1396,"menu_order":0,"comment_status":"closed","ping_status":"closed","template":"","meta":{"footnotes":""},"class_list":["post-1398","page","type-page","status-publish"],"yoast_head":"<!-- This site is optimized with the Yoast SEO plugin v25.8 - https:\/\/yoast.com\/wordpress\/plugins\/seo\/ -->\n<title>Cu\u00e1ndo se necesita un sistema CRM - Cloud CRM Systems<\/title>\n<meta name=\"robots\" content=\"index, follow, max-snippet:-1, max-image-preview:large, max-video-preview:-1\" \/>\n<link rel=\"canonical\" href=\"https:\/\/crmsystems.co.il\/es\/sistema-crm\/cuando-se-necesita-un-sistema-crm\/\" \/>\n<meta property=\"og:locale\" content=\"en_US\" \/>\n<meta property=\"og:type\" content=\"article\" \/>\n<meta property=\"og:title\" content=\"Cu\u00e1ndo se necesita un sistema CRM - Cloud CRM Systems\" \/>\n<meta property=\"og:description\" content=\"Muchas organizaciones utilizan herramientas como cuadernos, hojas de c\u00e1lculo y programas de correo electr\u00f3nico para gestionar contactos, clientes y transacciones. Sin embargo, a medida que la organizaci\u00f3n crece, estas herramientas pueden volverse menos eficientes. Un estudio de Gartner menciona ocho pilares esenciales para la implementaci\u00f3n de un sistema CRM: visi\u00f3n, estrategia, experiencia del usuario, intercambio ... Read more\" \/>\n<meta property=\"og:url\" content=\"https:\/\/crmsystems.co.il\/es\/sistema-crm\/cuando-se-necesita-un-sistema-crm\/\" \/>\n<meta property=\"og:site_name\" content=\"Cloud CRM Systems\" \/>\n<meta property=\"article:modified_time\" content=\"2025-08-23T06:08:00+00:00\" \/>\n<meta name=\"twitter:card\" content=\"summary_large_image\" \/>\n<meta name=\"twitter:label1\" content=\"Est. reading time\" \/>\n\t<meta name=\"twitter:data1\" content=\"1 minute\" \/>\n<script type=\"application\/ld+json\" class=\"yoast-schema-graph\">{\"@context\":\"https:\/\/schema.org\",\"@graph\":[{\"@type\":\"WebPage\",\"@id\":\"https:\/\/crmsystems.co.il\/es\/sistema-crm\/cuando-se-necesita-un-sistema-crm\/\",\"url\":\"https:\/\/crmsystems.co.il\/es\/sistema-crm\/cuando-se-necesita-un-sistema-crm\/\",\"name\":\"Cu\u00e1ndo se necesita un sistema CRM - Cloud CRM Systems\",\"isPartOf\":{\"@id\":\"https:\/\/crmsystems.co.il\/es\/#website\"},\"datePublished\":\"2025-08-21T07:22:07+00:00\",\"dateModified\":\"2025-08-23T06:08:00+00:00\",\"breadcrumb\":{\"@id\":\"https:\/\/crmsystems.co.il\/es\/sistema-crm\/cuando-se-necesita-un-sistema-crm\/#breadcrumb\"},\"inLanguage\":\"en\",\"potentialAction\":[{\"@type\":\"ReadAction\",\"target\":[\"https:\/\/crmsystems.co.il\/es\/sistema-crm\/cuando-se-necesita-un-sistema-crm\/\"]}]},{\"@type\":\"BreadcrumbList\",\"@id\":\"https:\/\/crmsystems.co.il\/es\/sistema-crm\/cuando-se-necesita-un-sistema-crm\/#breadcrumb\",\"itemListElement\":[{\"@type\":\"ListItem\",\"position\":1,\"name\":\"Home\",\"item\":\"https:\/\/crmsystems.co.il\/es\/\"},{\"@type\":\"ListItem\",\"position\":2,\"name\":\"Sistema CRM\",\"item\":\"https:\/\/crmsystems.co.il\/es\/sistema-crm\/\"},{\"@type\":\"ListItem\",\"position\":3,\"name\":\"Cu\u00e1ndo se necesita un sistema CRM\"}]},{\"@type\":\"WebSite\",\"@id\":\"https:\/\/crmsystems.co.il\/es\/#website\",\"url\":\"https:\/\/crmsystems.co.il\/es\/\",\"name\":\"Cloud CRM Systems\",\"description\":\"The Zoho Experts\",\"publisher\":{\"@id\":\"https:\/\/crmsystems.co.il\/es\/#organization\"},\"potentialAction\":[{\"@type\":\"SearchAction\",\"target\":{\"@type\":\"EntryPoint\",\"urlTemplate\":\"https:\/\/crmsystems.co.il\/es\/?s={search_term_string}\"},\"query-input\":{\"@type\":\"PropertyValueSpecification\",\"valueRequired\":true,\"valueName\":\"search_term_string\"}}],\"inLanguage\":\"en\"},{\"@type\":\"Organization\",\"@id\":\"https:\/\/crmsystems.co.il\/es\/#organization\",\"name\":\"Cloud CRM Systems\",\"url\":\"https:\/\/crmsystems.co.il\/es\/\",\"logo\":{\"@type\":\"ImageObject\",\"inLanguage\":\"en\",\"@id\":\"https:\/\/crmsystems.co.il\/es\/#\/schema\/logo\/image\/\",\"url\":\"https:\/\/crmsystems.co.il\/es\/wp-content\/uploads\/2021\/11\/CCS-White-Logo-2.png\",\"contentUrl\":\"https:\/\/crmsystems.co.il\/es\/wp-content\/uploads\/2021\/11\/CCS-White-Logo-2.png\",\"width\":460,\"height\":157,\"caption\":\"Cloud CRM Systems\"},\"image\":{\"@id\":\"https:\/\/crmsystems.co.il\/es\/#\/schema\/logo\/image\/\"}}]}<\/script>\n<!-- \/ Yoast SEO plugin. -->","yoast_head_json":{"title":"Cu\u00e1ndo se necesita un sistema CRM - Cloud CRM Systems","robots":{"index":"index","follow":"follow","max-snippet":"max-snippet:-1","max-image-preview":"max-image-preview:large","max-video-preview":"max-video-preview:-1"},"canonical":"https:\/\/crmsystems.co.il\/es\/sistema-crm\/cuando-se-necesita-un-sistema-crm\/","og_locale":"en_US","og_type":"article","og_title":"Cu\u00e1ndo se necesita un sistema CRM - Cloud CRM Systems","og_description":"Muchas organizaciones utilizan herramientas como cuadernos, hojas de c\u00e1lculo y programas de correo electr\u00f3nico para gestionar contactos, clientes y transacciones. Sin embargo, a medida que la organizaci\u00f3n crece, estas herramientas pueden volverse menos eficientes. Un estudio de Gartner menciona ocho pilares esenciales para la implementaci\u00f3n de un sistema CRM: visi\u00f3n, estrategia, experiencia del usuario, intercambio ... Read more","og_url":"https:\/\/crmsystems.co.il\/es\/sistema-crm\/cuando-se-necesita-un-sistema-crm\/","og_site_name":"Cloud CRM Systems","article_modified_time":"2025-08-23T06:08:00+00:00","twitter_card":"summary_large_image","twitter_misc":{"Est. reading time":"1 minute"},"schema":{"@context":"https:\/\/schema.org","@graph":[{"@type":"WebPage","@id":"https:\/\/crmsystems.co.il\/es\/sistema-crm\/cuando-se-necesita-un-sistema-crm\/","url":"https:\/\/crmsystems.co.il\/es\/sistema-crm\/cuando-se-necesita-un-sistema-crm\/","name":"Cu\u00e1ndo se necesita un sistema CRM - Cloud CRM Systems","isPartOf":{"@id":"https:\/\/crmsystems.co.il\/es\/#website"},"datePublished":"2025-08-21T07:22:07+00:00","dateModified":"2025-08-23T06:08:00+00:00","breadcrumb":{"@id":"https:\/\/crmsystems.co.il\/es\/sistema-crm\/cuando-se-necesita-un-sistema-crm\/#breadcrumb"},"inLanguage":"en","potentialAction":[{"@type":"ReadAction","target":["https:\/\/crmsystems.co.il\/es\/sistema-crm\/cuando-se-necesita-un-sistema-crm\/"]}]},{"@type":"BreadcrumbList","@id":"https:\/\/crmsystems.co.il\/es\/sistema-crm\/cuando-se-necesita-un-sistema-crm\/#breadcrumb","itemListElement":[{"@type":"ListItem","position":1,"name":"Home","item":"https:\/\/crmsystems.co.il\/es\/"},{"@type":"ListItem","position":2,"name":"Sistema CRM","item":"https:\/\/crmsystems.co.il\/es\/sistema-crm\/"},{"@type":"ListItem","position":3,"name":"Cu\u00e1ndo se necesita un sistema CRM"}]},{"@type":"WebSite","@id":"https:\/\/crmsystems.co.il\/es\/#website","url":"https:\/\/crmsystems.co.il\/es\/","name":"Cloud CRM Systems","description":"The Zoho Experts","publisher":{"@id":"https:\/\/crmsystems.co.il\/es\/#organization"},"potentialAction":[{"@type":"SearchAction","target":{"@type":"EntryPoint","urlTemplate":"https:\/\/crmsystems.co.il\/es\/?s={search_term_string}"},"query-input":{"@type":"PropertyValueSpecification","valueRequired":true,"valueName":"search_term_string"}}],"inLanguage":"en"},{"@type":"Organization","@id":"https:\/\/crmsystems.co.il\/es\/#organization","name":"Cloud CRM Systems","url":"https:\/\/crmsystems.co.il\/es\/","logo":{"@type":"ImageObject","inLanguage":"en","@id":"https:\/\/crmsystems.co.il\/es\/#\/schema\/logo\/image\/","url":"https:\/\/crmsystems.co.il\/es\/wp-content\/uploads\/2021\/11\/CCS-White-Logo-2.png","contentUrl":"https:\/\/crmsystems.co.il\/es\/wp-content\/uploads\/2021\/11\/CCS-White-Logo-2.png","width":460,"height":157,"caption":"Cloud CRM Systems"},"image":{"@id":"https:\/\/crmsystems.co.il\/es\/#\/schema\/logo\/image\/"}}]}},"_links":{"self":[{"href":"https:\/\/crmsystems.co.il\/es\/wp-json\/wp\/v2\/pages\/1398","targetHints":{"allow":["GET"]}}],"collection":[{"href":"https:\/\/crmsystems.co.il\/es\/wp-json\/wp\/v2\/pages"}],"about":[{"href":"https:\/\/crmsystems.co.il\/es\/wp-json\/wp\/v2\/types\/page"}],"author":[{"embeddable":true,"href":"https:\/\/crmsystems.co.il\/es\/wp-json\/wp\/v2\/users\/1"}],"replies":[{"embeddable":true,"href":"https:\/\/crmsystems.co.il\/es\/wp-json\/wp\/v2\/comments?post=1398"}],"version-history":[{"count":2,"href":"https:\/\/crmsystems.co.il\/es\/wp-json\/wp\/v2\/pages\/1398\/revisions"}],"predecessor-version":[{"id":1443,"href":"https:\/\/crmsystems.co.il\/es\/wp-json\/wp\/v2\/pages\/1398\/revisions\/1443"}],"up":[{"embeddable":true,"href":"https:\/\/crmsystems.co.il\/es\/wp-json\/wp\/v2\/pages\/1396"}],"wp:attachment":[{"href":"https:\/\/crmsystems.co.il\/es\/wp-json\/wp\/v2\/media?parent=1398"}],"curies":[{"name":"wp","href":"https:\/\/api.w.org\/{rel}","templated":true}]}}