{"id":1394,"date":"2025-08-20T16:39:08","date_gmt":"2025-08-20T13:39:08","guid":{"rendered":"https:\/\/crmsystems.co.il\/es\/?page_id=1394"},"modified":"2025-08-20T16:39:09","modified_gmt":"2025-08-20T13:39:09","slug":"conexion-de-zoho-con-whatsapp-business","status":"publish","type":"page","link":"https:\/\/crmsystems.co.il\/es\/conexion-de-zoho-con-whatsapp-business\/","title":{"rendered":"Conexi\u00f3n de Zoho con WhatsApp Business"},"content":{"rendered":"\n<p>Muchas empresas buscan conectar Zoho CRM u otro producto de Zoho con WhatsApp para comunicarse con sus clientes en este canal popular. Aunque existen complementos para Zoho que permiten esta conexi\u00f3n, hemos optado por desarrollar un mecanismo dedicado que se adapta a las necesidades de las empresas y reduce significativamente los costos de mantenimiento de este canal de comunicaci\u00f3n.&nbsp;<\/p>\n\n\n\n<p><strong>\u00bfC\u00f3mo conectar Zoho con WhatsApp?<\/strong>&nbsp;<\/p>\n\n\n\n<p>Para habilitar la conexi\u00f3n, es necesario iniciar el proceso de aprobaci\u00f3n del n\u00famero y obtener acceso a la API de Meta a trav\u00e9s del Business Manager. Despu\u00e9s de la aprobaci\u00f3n, a\u00f1adiremos a su sistema en Zoho caracter\u00edsticas que permiten gestionar conversaciones con contactos o leads directamente desde el sistema, sin necesidad de interfaces adicionales.&nbsp;<\/p>\n\n\n\n<p><strong>\u00bfQu\u00e9 permite esto?<\/strong>&nbsp;<\/p>\n\n\n\n<p>Despu\u00e9s de la conexi\u00f3n, los usuarios pueden chatear con sus clientes directamente desde CRM o Desk. Todas las conversaciones se guardan en el sistema, permitiendo ver el historial de chats con los clientes. Adem\u00e1s, se pueden activar automatizaciones simples o complejas en respuesta a mensajes entrantes espec\u00edficos o enviar mensajes seg\u00fan reglas definidas.&nbsp;<\/p>\n\n\n\n<ul class=\"wp-block-list\">\n<li>Gesti\u00f3n de consultas y cola de conversaciones&nbsp;<\/li>\n<\/ul>\n\n\n\n<ul class=\"wp-block-list\">\n<li>Posibilidad de m\u00faltiples n\u00fameros de WhatsApp seg\u00fan marca, departamento o regi\u00f3n&nbsp;<\/li>\n<\/ul>\n\n\n\n<ul class=\"wp-block-list\">\n<li>Recepci\u00f3n de archivos, im\u00e1genes, videos y grabaciones, con registro autom\u00e1tico&nbsp;<\/li>\n<\/ul>\n\n\n\n<p><strong>La \u00fanica conexi\u00f3n con WhatsApp que le ahorra dinero<\/strong>&nbsp;<\/p>\n\n\n\n<p>En las conexiones existentes con WhatsApp, el propietario de la empresa paga no solo por los mensajes seg\u00fan la tarifa de Meta, sino tambi\u00e9n una suscripci\u00f3n mensual al proveedor de infraestructura que permite la conexi\u00f3n, un costo que puede llegar a miles de shekels al a\u00f1o. Con nuestra conexi\u00f3n, solo paga los costos de configuraci\u00f3n, y luego paga directamente a Meta por los mensajes utilizados.&nbsp;<\/p>\n","protected":false},"excerpt":{"rendered":"<p>Muchas empresas buscan conectar Zoho CRM u otro producto de Zoho con WhatsApp para comunicarse con sus clientes en este canal popular. Aunque existen complementos para Zoho que permiten esta conexi\u00f3n, hemos optado por desarrollar un mecanismo dedicado que se adapta a las necesidades de las empresas y reduce significativamente los costos de mantenimiento de &#8230; <a title=\"Conexi\u00f3n de Zoho con WhatsApp Business\" class=\"read-more\" href=\"https:\/\/crmsystems.co.il\/es\/conexion-de-zoho-con-whatsapp-business\/\" aria-label=\"More on Conexi\u00f3n de Zoho con WhatsApp Business\">Read more<\/a><\/p>\n","protected":false},"author":1,"featured_media":0,"parent":0,"menu_order":0,"comment_status":"closed","ping_status":"closed","template":"","meta":{"footnotes":""},"class_list":["post-1394","page","type-page","status-publish"],"yoast_head":"<!-- This site is optimized with the Yoast SEO plugin v25.8 - https:\/\/yoast.com\/wordpress\/plugins\/seo\/ -->\n<title>Conexi\u00f3n de Zoho con WhatsApp Business - Cloud CRM Systems<\/title>\n<meta name=\"robots\" content=\"index, follow, max-snippet:-1, max-image-preview:large, max-video-preview:-1\" \/>\n<link rel=\"canonical\" href=\"https:\/\/crmsystems.co.il\/es\/conexion-de-zoho-con-whatsapp-business\/\" \/>\n<meta property=\"og:locale\" content=\"en_US\" \/>\n<meta property=\"og:type\" content=\"article\" \/>\n<meta property=\"og:title\" content=\"Conexi\u00f3n de Zoho con WhatsApp Business - Cloud CRM Systems\" \/>\n<meta property=\"og:description\" content=\"Muchas empresas buscan conectar Zoho CRM u otro producto de Zoho con WhatsApp para comunicarse con sus clientes en este canal popular. Aunque existen complementos para Zoho que permiten esta conexi\u00f3n, hemos optado por desarrollar un mecanismo dedicado que se adapta a las necesidades de las empresas y reduce significativamente los costos de mantenimiento de ... Read more\" \/>\n<meta property=\"og:url\" content=\"https:\/\/crmsystems.co.il\/es\/conexion-de-zoho-con-whatsapp-business\/\" \/>\n<meta property=\"og:site_name\" content=\"Cloud CRM Systems\" \/>\n<meta property=\"article:modified_time\" content=\"2025-08-20T13:39:09+00:00\" \/>\n<meta name=\"twitter:card\" content=\"summary_large_image\" \/>\n<meta name=\"twitter:label1\" content=\"Est. reading time\" \/>\n\t<meta name=\"twitter:data1\" content=\"2 minutes\" \/>\n<script type=\"application\/ld+json\" class=\"yoast-schema-graph\">{\"@context\":\"https:\/\/schema.org\",\"@graph\":[{\"@type\":\"WebPage\",\"@id\":\"https:\/\/crmsystems.co.il\/es\/conexion-de-zoho-con-whatsapp-business\/\",\"url\":\"https:\/\/crmsystems.co.il\/es\/conexion-de-zoho-con-whatsapp-business\/\",\"name\":\"Conexi\u00f3n de Zoho con WhatsApp Business - Cloud CRM Systems\",\"isPartOf\":{\"@id\":\"https:\/\/crmsystems.co.il\/es\/#website\"},\"datePublished\":\"2025-08-20T13:39:08+00:00\",\"dateModified\":\"2025-08-20T13:39:09+00:00\",\"breadcrumb\":{\"@id\":\"https:\/\/crmsystems.co.il\/es\/conexion-de-zoho-con-whatsapp-business\/#breadcrumb\"},\"inLanguage\":\"en\",\"potentialAction\":[{\"@type\":\"ReadAction\",\"target\":[\"https:\/\/crmsystems.co.il\/es\/conexion-de-zoho-con-whatsapp-business\/\"]}]},{\"@type\":\"BreadcrumbList\",\"@id\":\"https:\/\/crmsystems.co.il\/es\/conexion-de-zoho-con-whatsapp-business\/#breadcrumb\",\"itemListElement\":[{\"@type\":\"ListItem\",\"position\":1,\"name\":\"Home\",\"item\":\"https:\/\/crmsystems.co.il\/es\/\"},{\"@type\":\"ListItem\",\"position\":2,\"name\":\"Conexi\u00f3n de Zoho con WhatsApp Business\"}]},{\"@type\":\"WebSite\",\"@id\":\"https:\/\/crmsystems.co.il\/es\/#website\",\"url\":\"https:\/\/crmsystems.co.il\/es\/\",\"name\":\"Cloud CRM Systems\",\"description\":\"The Zoho Experts\",\"publisher\":{\"@id\":\"https:\/\/crmsystems.co.il\/es\/#organization\"},\"potentialAction\":[{\"@type\":\"SearchAction\",\"target\":{\"@type\":\"EntryPoint\",\"urlTemplate\":\"https:\/\/crmsystems.co.il\/es\/?s={search_term_string}\"},\"query-input\":{\"@type\":\"PropertyValueSpecification\",\"valueRequired\":true,\"valueName\":\"search_term_string\"}}],\"inLanguage\":\"en\"},{\"@type\":\"Organization\",\"@id\":\"https:\/\/crmsystems.co.il\/es\/#organization\",\"name\":\"Cloud CRM Systems\",\"url\":\"https:\/\/crmsystems.co.il\/es\/\",\"logo\":{\"@type\":\"ImageObject\",\"inLanguage\":\"en\",\"@id\":\"https:\/\/crmsystems.co.il\/es\/#\/schema\/logo\/image\/\",\"url\":\"https:\/\/crmsystems.co.il\/es\/wp-content\/uploads\/2021\/11\/CCS-White-Logo-2.png\",\"contentUrl\":\"https:\/\/crmsystems.co.il\/es\/wp-content\/uploads\/2021\/11\/CCS-White-Logo-2.png\",\"width\":460,\"height\":157,\"caption\":\"Cloud CRM Systems\"},\"image\":{\"@id\":\"https:\/\/crmsystems.co.il\/es\/#\/schema\/logo\/image\/\"}}]}<\/script>\n<!-- \/ Yoast SEO plugin. -->","yoast_head_json":{"title":"Conexi\u00f3n de Zoho con WhatsApp Business - Cloud CRM Systems","robots":{"index":"index","follow":"follow","max-snippet":"max-snippet:-1","max-image-preview":"max-image-preview:large","max-video-preview":"max-video-preview:-1"},"canonical":"https:\/\/crmsystems.co.il\/es\/conexion-de-zoho-con-whatsapp-business\/","og_locale":"en_US","og_type":"article","og_title":"Conexi\u00f3n de Zoho con WhatsApp Business - Cloud CRM Systems","og_description":"Muchas empresas buscan conectar Zoho CRM u otro producto de Zoho con WhatsApp para comunicarse con sus clientes en este canal popular. Aunque existen complementos para Zoho que permiten esta conexi\u00f3n, hemos optado por desarrollar un mecanismo dedicado que se adapta a las necesidades de las empresas y reduce significativamente los costos de mantenimiento de ... Read more","og_url":"https:\/\/crmsystems.co.il\/es\/conexion-de-zoho-con-whatsapp-business\/","og_site_name":"Cloud CRM Systems","article_modified_time":"2025-08-20T13:39:09+00:00","twitter_card":"summary_large_image","twitter_misc":{"Est. reading time":"2 minutes"},"schema":{"@context":"https:\/\/schema.org","@graph":[{"@type":"WebPage","@id":"https:\/\/crmsystems.co.il\/es\/conexion-de-zoho-con-whatsapp-business\/","url":"https:\/\/crmsystems.co.il\/es\/conexion-de-zoho-con-whatsapp-business\/","name":"Conexi\u00f3n de Zoho con WhatsApp Business - Cloud CRM Systems","isPartOf":{"@id":"https:\/\/crmsystems.co.il\/es\/#website"},"datePublished":"2025-08-20T13:39:08+00:00","dateModified":"2025-08-20T13:39:09+00:00","breadcrumb":{"@id":"https:\/\/crmsystems.co.il\/es\/conexion-de-zoho-con-whatsapp-business\/#breadcrumb"},"inLanguage":"en","potentialAction":[{"@type":"ReadAction","target":["https:\/\/crmsystems.co.il\/es\/conexion-de-zoho-con-whatsapp-business\/"]}]},{"@type":"BreadcrumbList","@id":"https:\/\/crmsystems.co.il\/es\/conexion-de-zoho-con-whatsapp-business\/#breadcrumb","itemListElement":[{"@type":"ListItem","position":1,"name":"Home","item":"https:\/\/crmsystems.co.il\/es\/"},{"@type":"ListItem","position":2,"name":"Conexi\u00f3n de Zoho con WhatsApp Business"}]},{"@type":"WebSite","@id":"https:\/\/crmsystems.co.il\/es\/#website","url":"https:\/\/crmsystems.co.il\/es\/","name":"Cloud CRM Systems","description":"The Zoho Experts","publisher":{"@id":"https:\/\/crmsystems.co.il\/es\/#organization"},"potentialAction":[{"@type":"SearchAction","target":{"@type":"EntryPoint","urlTemplate":"https:\/\/crmsystems.co.il\/es\/?s={search_term_string}"},"query-input":{"@type":"PropertyValueSpecification","valueRequired":true,"valueName":"search_term_string"}}],"inLanguage":"en"},{"@type":"Organization","@id":"https:\/\/crmsystems.co.il\/es\/#organization","name":"Cloud CRM Systems","url":"https:\/\/crmsystems.co.il\/es\/","logo":{"@type":"ImageObject","inLanguage":"en","@id":"https:\/\/crmsystems.co.il\/es\/#\/schema\/logo\/image\/","url":"https:\/\/crmsystems.co.il\/es\/wp-content\/uploads\/2021\/11\/CCS-White-Logo-2.png","contentUrl":"https:\/\/crmsystems.co.il\/es\/wp-content\/uploads\/2021\/11\/CCS-White-Logo-2.png","width":460,"height":157,"caption":"Cloud CRM Systems"},"image":{"@id":"https:\/\/crmsystems.co.il\/es\/#\/schema\/logo\/image\/"}}]}},"_links":{"self":[{"href":"https:\/\/crmsystems.co.il\/es\/wp-json\/wp\/v2\/pages\/1394","targetHints":{"allow":["GET"]}}],"collection":[{"href":"https:\/\/crmsystems.co.il\/es\/wp-json\/wp\/v2\/pages"}],"about":[{"href":"https:\/\/crmsystems.co.il\/es\/wp-json\/wp\/v2\/types\/page"}],"author":[{"embeddable":true,"href":"https:\/\/crmsystems.co.il\/es\/wp-json\/wp\/v2\/users\/1"}],"replies":[{"embeddable":true,"href":"https:\/\/crmsystems.co.il\/es\/wp-json\/wp\/v2\/comments?post=1394"}],"version-history":[{"count":1,"href":"https:\/\/crmsystems.co.il\/es\/wp-json\/wp\/v2\/pages\/1394\/revisions"}],"predecessor-version":[{"id":1395,"href":"https:\/\/crmsystems.co.il\/es\/wp-json\/wp\/v2\/pages\/1394\/revisions\/1395"}],"wp:attachment":[{"href":"https:\/\/crmsystems.co.il\/es\/wp-json\/wp\/v2\/media?parent=1394"}],"curies":[{"name":"wp","href":"https:\/\/api.w.org\/{rel}","templated":true}]}}