{"id":1392,"date":"2025-08-20T16:37:32","date_gmt":"2025-08-20T13:37:32","guid":{"rendered":"https:\/\/crmsystems.co.il\/es\/?page_id=1392"},"modified":"2025-08-23T19:14:54","modified_gmt":"2025-08-23T16:14:54","slug":"conexion-de-zoho-con-sistemas-de-contabilidad-y-pasarela-de-pagos","status":"publish","type":"page","link":"https:\/\/crmsystems.co.il\/es\/conexion-de-zoho-con-sistemas-de-contabilidad-y-pasarela-de-pagos\/","title":{"rendered":"Conexi\u00f3n de Zoho con sistemas de contabilidad y pasarela de pagos"},"content":{"rendered":"\n<p>Zoho CRM y otras aplicaciones de Zoho ofrecen amplias capacidades de integraci\u00f3n con pr\u00e1cticamente cualquier aplicaci\u00f3n web que soporte REST API. En Cloud CRM Systems desarrollamos integraciones personalizadas que conectan Zoho con sistemas de contabilidad y procesamiento de pagos. Gracias a estas integraciones, nuestros clientes pueden crear documentos contables directamente desde el CRM, visualizarlos en Zoho, enviarlos de forma autom\u00e1tica o manual, y realizar un seguimiento de pagos y retrasos. Entre los sistemas con los que trabajamos se incluyen plataformas de facturaci\u00f3n, ERPs y pasarelas de pago ampliamente utilizadas en distintos mercados internacionales. Esta soluci\u00f3n reduce costos operativos, aporta transparencia y accesibilidad a la informaci\u00f3n, y simplifica los procesos contables dentro de la gesti\u00f3n empresarial.<\/p>\n","protected":false},"excerpt":{"rendered":"<p>Zoho CRM y otras aplicaciones de Zoho ofrecen amplias capacidades de integraci\u00f3n con pr\u00e1cticamente cualquier aplicaci\u00f3n web que soporte REST API. En Cloud CRM Systems desarrollamos integraciones personalizadas que conectan Zoho con sistemas de contabilidad y procesamiento de pagos. Gracias a estas integraciones, nuestros clientes pueden crear documentos contables directamente desde el CRM, visualizarlos en &#8230; <a title=\"Conexi\u00f3n de Zoho con sistemas de contabilidad y pasarela de pagos\" class=\"read-more\" href=\"https:\/\/crmsystems.co.il\/es\/conexion-de-zoho-con-sistemas-de-contabilidad-y-pasarela-de-pagos\/\" aria-label=\"More on Conexi\u00f3n de Zoho con sistemas de contabilidad y pasarela de pagos\">Read more<\/a><\/p>\n","protected":false},"author":1,"featured_media":0,"parent":0,"menu_order":0,"comment_status":"closed","ping_status":"closed","template":"","meta":{"footnotes":""},"class_list":["post-1392","page","type-page","status-publish"],"yoast_head":"<!-- This site is optimized with the Yoast SEO plugin v25.8 - https:\/\/yoast.com\/wordpress\/plugins\/seo\/ -->\n<title>Conexi\u00f3n de Zoho con sistemas de contabilidad y pasarela de pagos - Cloud CRM Systems<\/title>\n<meta name=\"robots\" content=\"index, follow, max-snippet:-1, max-image-preview:large, max-video-preview:-1\" \/>\n<link rel=\"canonical\" href=\"http:\/\/crmsystems.co.il\/es\/conexion-de-zoho-con-sistemas-de-contabilidad-y-pasarela-de-pagos\/\" \/>\n<meta property=\"og:locale\" content=\"en_US\" \/>\n<meta property=\"og:type\" content=\"article\" \/>\n<meta property=\"og:title\" content=\"Conexi\u00f3n de Zoho con sistemas de contabilidad y pasarela de pagos - Cloud CRM Systems\" \/>\n<meta property=\"og:description\" content=\"Zoho CRM y otras aplicaciones de Zoho ofrecen amplias capacidades de integraci\u00f3n con pr\u00e1cticamente cualquier aplicaci\u00f3n web que soporte REST API. En Cloud CRM Systems desarrollamos integraciones personalizadas que conectan Zoho con sistemas de contabilidad y procesamiento de pagos. Gracias a estas integraciones, nuestros clientes pueden crear documentos contables directamente desde el CRM, visualizarlos en ... Read more\" \/>\n<meta property=\"og:url\" content=\"http:\/\/crmsystems.co.il\/es\/conexion-de-zoho-con-sistemas-de-contabilidad-y-pasarela-de-pagos\/\" \/>\n<meta property=\"og:site_name\" content=\"Cloud CRM Systems\" \/>\n<meta property=\"article:modified_time\" content=\"2025-08-23T16:14:54+00:00\" \/>\n<meta name=\"twitter:card\" content=\"summary_large_image\" \/>\n<meta name=\"twitter:label1\" content=\"Est. reading time\" \/>\n\t<meta name=\"twitter:data1\" content=\"1 minute\" \/>\n<script type=\"application\/ld+json\" class=\"yoast-schema-graph\">{\"@context\":\"https:\/\/schema.org\",\"@graph\":[{\"@type\":\"WebPage\",\"@id\":\"http:\/\/crmsystems.co.il\/es\/conexion-de-zoho-con-sistemas-de-contabilidad-y-pasarela-de-pagos\/\",\"url\":\"http:\/\/crmsystems.co.il\/es\/conexion-de-zoho-con-sistemas-de-contabilidad-y-pasarela-de-pagos\/\",\"name\":\"Conexi\u00f3n de Zoho con sistemas de contabilidad y pasarela de pagos - Cloud CRM Systems\",\"isPartOf\":{\"@id\":\"https:\/\/crmsystems.co.il\/es\/#website\"},\"datePublished\":\"2025-08-20T13:37:32+00:00\",\"dateModified\":\"2025-08-23T16:14:54+00:00\",\"breadcrumb\":{\"@id\":\"http:\/\/crmsystems.co.il\/es\/conexion-de-zoho-con-sistemas-de-contabilidad-y-pasarela-de-pagos\/#breadcrumb\"},\"inLanguage\":\"en\",\"potentialAction\":[{\"@type\":\"ReadAction\",\"target\":[\"http:\/\/crmsystems.co.il\/es\/conexion-de-zoho-con-sistemas-de-contabilidad-y-pasarela-de-pagos\/\"]}]},{\"@type\":\"BreadcrumbList\",\"@id\":\"http:\/\/crmsystems.co.il\/es\/conexion-de-zoho-con-sistemas-de-contabilidad-y-pasarela-de-pagos\/#breadcrumb\",\"itemListElement\":[{\"@type\":\"ListItem\",\"position\":1,\"name\":\"Home\",\"item\":\"https:\/\/crmsystems.co.il\/es\/\"},{\"@type\":\"ListItem\",\"position\":2,\"name\":\"Conexi\u00f3n de Zoho con sistemas de contabilidad y pasarela de pagos\"}]},{\"@type\":\"WebSite\",\"@id\":\"https:\/\/crmsystems.co.il\/es\/#website\",\"url\":\"https:\/\/crmsystems.co.il\/es\/\",\"name\":\"Cloud CRM Systems\",\"description\":\"The Zoho Experts\",\"publisher\":{\"@id\":\"https:\/\/crmsystems.co.il\/es\/#organization\"},\"potentialAction\":[{\"@type\":\"SearchAction\",\"target\":{\"@type\":\"EntryPoint\",\"urlTemplate\":\"https:\/\/crmsystems.co.il\/es\/?s={search_term_string}\"},\"query-input\":{\"@type\":\"PropertyValueSpecification\",\"valueRequired\":true,\"valueName\":\"search_term_string\"}}],\"inLanguage\":\"en\"},{\"@type\":\"Organization\",\"@id\":\"https:\/\/crmsystems.co.il\/es\/#organization\",\"name\":\"Cloud CRM Systems\",\"url\":\"https:\/\/crmsystems.co.il\/es\/\",\"logo\":{\"@type\":\"ImageObject\",\"inLanguage\":\"en\",\"@id\":\"https:\/\/crmsystems.co.il\/es\/#\/schema\/logo\/image\/\",\"url\":\"https:\/\/crmsystems.co.il\/es\/wp-content\/uploads\/2021\/11\/CCS-White-Logo-2.png\",\"contentUrl\":\"https:\/\/crmsystems.co.il\/es\/wp-content\/uploads\/2021\/11\/CCS-White-Logo-2.png\",\"width\":460,\"height\":157,\"caption\":\"Cloud CRM Systems\"},\"image\":{\"@id\":\"https:\/\/crmsystems.co.il\/es\/#\/schema\/logo\/image\/\"}}]}<\/script>\n<!-- \/ Yoast SEO plugin. -->","yoast_head_json":{"title":"Conexi\u00f3n de Zoho con sistemas de contabilidad y pasarela de pagos - Cloud CRM Systems","robots":{"index":"index","follow":"follow","max-snippet":"max-snippet:-1","max-image-preview":"max-image-preview:large","max-video-preview":"max-video-preview:-1"},"canonical":"http:\/\/crmsystems.co.il\/es\/conexion-de-zoho-con-sistemas-de-contabilidad-y-pasarela-de-pagos\/","og_locale":"en_US","og_type":"article","og_title":"Conexi\u00f3n de Zoho con sistemas de contabilidad y pasarela de pagos - Cloud CRM Systems","og_description":"Zoho CRM y otras aplicaciones de Zoho ofrecen amplias capacidades de integraci\u00f3n con pr\u00e1cticamente cualquier aplicaci\u00f3n web que soporte REST API. En Cloud CRM Systems desarrollamos integraciones personalizadas que conectan Zoho con sistemas de contabilidad y procesamiento de pagos. Gracias a estas integraciones, nuestros clientes pueden crear documentos contables directamente desde el CRM, visualizarlos en ... Read more","og_url":"http:\/\/crmsystems.co.il\/es\/conexion-de-zoho-con-sistemas-de-contabilidad-y-pasarela-de-pagos\/","og_site_name":"Cloud CRM Systems","article_modified_time":"2025-08-23T16:14:54+00:00","twitter_card":"summary_large_image","twitter_misc":{"Est. reading time":"1 minute"},"schema":{"@context":"https:\/\/schema.org","@graph":[{"@type":"WebPage","@id":"http:\/\/crmsystems.co.il\/es\/conexion-de-zoho-con-sistemas-de-contabilidad-y-pasarela-de-pagos\/","url":"http:\/\/crmsystems.co.il\/es\/conexion-de-zoho-con-sistemas-de-contabilidad-y-pasarela-de-pagos\/","name":"Conexi\u00f3n de Zoho con sistemas de contabilidad y pasarela de pagos - Cloud CRM Systems","isPartOf":{"@id":"https:\/\/crmsystems.co.il\/es\/#website"},"datePublished":"2025-08-20T13:37:32+00:00","dateModified":"2025-08-23T16:14:54+00:00","breadcrumb":{"@id":"http:\/\/crmsystems.co.il\/es\/conexion-de-zoho-con-sistemas-de-contabilidad-y-pasarela-de-pagos\/#breadcrumb"},"inLanguage":"en","potentialAction":[{"@type":"ReadAction","target":["http:\/\/crmsystems.co.il\/es\/conexion-de-zoho-con-sistemas-de-contabilidad-y-pasarela-de-pagos\/"]}]},{"@type":"BreadcrumbList","@id":"http:\/\/crmsystems.co.il\/es\/conexion-de-zoho-con-sistemas-de-contabilidad-y-pasarela-de-pagos\/#breadcrumb","itemListElement":[{"@type":"ListItem","position":1,"name":"Home","item":"https:\/\/crmsystems.co.il\/es\/"},{"@type":"ListItem","position":2,"name":"Conexi\u00f3n de Zoho con sistemas de contabilidad y pasarela de pagos"}]},{"@type":"WebSite","@id":"https:\/\/crmsystems.co.il\/es\/#website","url":"https:\/\/crmsystems.co.il\/es\/","name":"Cloud CRM Systems","description":"The Zoho Experts","publisher":{"@id":"https:\/\/crmsystems.co.il\/es\/#organization"},"potentialAction":[{"@type":"SearchAction","target":{"@type":"EntryPoint","urlTemplate":"https:\/\/crmsystems.co.il\/es\/?s={search_term_string}"},"query-input":{"@type":"PropertyValueSpecification","valueRequired":true,"valueName":"search_term_string"}}],"inLanguage":"en"},{"@type":"Organization","@id":"https:\/\/crmsystems.co.il\/es\/#organization","name":"Cloud CRM Systems","url":"https:\/\/crmsystems.co.il\/es\/","logo":{"@type":"ImageObject","inLanguage":"en","@id":"https:\/\/crmsystems.co.il\/es\/#\/schema\/logo\/image\/","url":"https:\/\/crmsystems.co.il\/es\/wp-content\/uploads\/2021\/11\/CCS-White-Logo-2.png","contentUrl":"https:\/\/crmsystems.co.il\/es\/wp-content\/uploads\/2021\/11\/CCS-White-Logo-2.png","width":460,"height":157,"caption":"Cloud CRM Systems"},"image":{"@id":"https:\/\/crmsystems.co.il\/es\/#\/schema\/logo\/image\/"}}]}},"_links":{"self":[{"href":"https:\/\/crmsystems.co.il\/es\/wp-json\/wp\/v2\/pages\/1392","targetHints":{"allow":["GET"]}}],"collection":[{"href":"https:\/\/crmsystems.co.il\/es\/wp-json\/wp\/v2\/pages"}],"about":[{"href":"https:\/\/crmsystems.co.il\/es\/wp-json\/wp\/v2\/types\/page"}],"author":[{"embeddable":true,"href":"https:\/\/crmsystems.co.il\/es\/wp-json\/wp\/v2\/users\/1"}],"replies":[{"embeddable":true,"href":"https:\/\/crmsystems.co.il\/es\/wp-json\/wp\/v2\/comments?post=1392"}],"version-history":[{"count":2,"href":"https:\/\/crmsystems.co.il\/es\/wp-json\/wp\/v2\/pages\/1392\/revisions"}],"predecessor-version":[{"id":1466,"href":"https:\/\/crmsystems.co.il\/es\/wp-json\/wp\/v2\/pages\/1392\/revisions\/1466"}],"wp:attachment":[{"href":"https:\/\/crmsystems.co.il\/es\/wp-json\/wp\/v2\/media?parent=1392"}],"curies":[{"name":"wp","href":"https:\/\/api.w.org\/{rel}","templated":true}]}}