{"id":1388,"date":"2025-08-20T16:27:37","date_gmt":"2025-08-20T13:27:37","guid":{"rendered":"https:\/\/crmsystems.co.il\/es\/?page_id=1388"},"modified":"2025-08-23T19:19:41","modified_gmt":"2025-08-23T16:19:41","slug":"zoho-campaigns","status":"publish","type":"page","link":"https:\/\/crmsystems.co.il\/es\/zoho-products\/zoho-campaigns\/","title":{"rendered":"Zoho Campaigns"},"content":{"rendered":"\n<p>Zoho Campaigns es un sistema para gestionar las actividades de correo electr\u00f3nico de la organizaci\u00f3n, integr\u00e1ndose completamente con el CRM. El sistema es sencillo e intuitivo, pero posee capacidades impresionantes y opciones de integraci\u00f3n con diversas fuentes de informaci\u00f3n, con el objetivo de optimizar y centralizar las actividades de correo. El sistema est\u00e1 equipado con herramientas para gestionar listas de distribuci\u00f3n, integraci\u00f3n con Google Analytics y otras caracter\u00edsticas esperadas de un sistema de gesti\u00f3n de correos.&nbsp;<\/p>\n\n\n\n<p>Zoho permite gestionar campa\u00f1as, monitorear e integrar con diversos tipos de medios e infraestructuras de marketing. En muchos casos, la integraci\u00f3n entre los sistemas de Zoho y otros sistemas es parte integral y se realiza de manera sencilla e intuitiva. En otros casos, se requiere ajustar la interfaz y el sistema para maximizar el rendimiento de la actividad de marketing relevante. La conexi\u00f3n entre el sistema de gesti\u00f3n de relaciones con clientes de la organizaci\u00f3n y los esfuerzos de marketing y publicidad permite retroalimentar la informaci\u00f3n acumulada durante la gesti\u00f3n de relaciones hacia los sistemas de publicidad, mejorando as\u00ed los procesos publicitarios y facilitando los procesos de venta.&nbsp;<\/p>\n\n\n\n<p>Adem\u00e1s del sistema de correo, Zoho ofrece caracter\u00edsticas y productos adicionales que ayudan a las organizaciones a gestionar el marketing:&nbsp;<\/p>\n\n\n\n<p><strong>Integraci\u00f3n entre Zoho y Google AdWords<\/strong>&nbsp;<\/p>\n\n\n\n<p>La conexi\u00f3n entre Zoho y Google AdWords es natural. Las diferentes entidades dentro de Zoho pueden recibir la informaci\u00f3n relevante de las campa\u00f1as en Google mediante GCLID, utilizar Web to Lead de Zoho y devolver a AdWords informaci\u00f3n sobre conversiones offline realizadas, desde la generaci\u00f3n de leads, calificaci\u00f3n, hasta el cierre de la transacci\u00f3n. Dentro del sistema de informes de Zoho, es posible ver los datos relevantes de las campa\u00f1as, enfoc\u00e1ndose en los resultados y midiendo el retorno de la inversi\u00f3n publicitaria (ROAI).&nbsp;<\/p>\n\n\n\n<p><strong>Integraci\u00f3n entre Zoho y Facebook<\/strong>&nbsp;<\/p>\n\n\n\n<p>La conexi\u00f3n entre Zoho y Facebook permite gestionar la actividad de Facebook de la organizaci\u00f3n con una fuerte integraci\u00f3n al CRM. Zoho Social es una herramienta poderosa que ayuda en la gesti\u00f3n de relaciones con clientes, manteniendo la comunicaci\u00f3n con ellos en la red social, identificando oportunidades para fortalecer la relaci\u00f3n con los clientes y actuando en consecuencia. La herramienta permite gestionar campa\u00f1as publicitarias en Facebook, enfoc\u00e1ndose en la r\u00e1pida incorporaci\u00f3n de leads al sistema de Zoho. En lo que respecta a la retroalimentaci\u00f3n de conversiones offline, se requiere un trabajo de integraci\u00f3n espec\u00edfico.&nbsp;<\/p>\n\n\n\n<p><strong>Zoho Social<\/strong>&nbsp;<\/p>\n\n\n\n<p>Adem\u00e1s de la integraci\u00f3n con Facebook, Zoho Social permite gestionar y centralizar la actividad social de la organizaci\u00f3n en otros medios, como LinkedIn, Twitter y m\u00e1s.&nbsp;<\/p>\n","protected":false},"excerpt":{"rendered":"<p>Zoho Campaigns es un sistema para gestionar las actividades de correo electr\u00f3nico de la organizaci\u00f3n, integr\u00e1ndose completamente con el CRM. El sistema es sencillo e intuitivo, pero posee capacidades impresionantes y opciones de integraci\u00f3n con diversas fuentes de informaci\u00f3n, con el objetivo de optimizar y centralizar las actividades de correo. El sistema est\u00e1 equipado con &#8230; <a title=\"Zoho Campaigns\" class=\"read-more\" href=\"https:\/\/crmsystems.co.il\/es\/zoho-products\/zoho-campaigns\/\" aria-label=\"More on Zoho Campaigns\">Read more<\/a><\/p>\n","protected":false},"author":1,"featured_media":0,"parent":1359,"menu_order":0,"comment_status":"closed","ping_status":"closed","template":"","meta":{"footnotes":""},"class_list":["post-1388","page","type-page","status-publish"],"yoast_head":"<!-- This site is optimized with the Yoast SEO plugin v25.8 - https:\/\/yoast.com\/wordpress\/plugins\/seo\/ -->\n<title>Zoho Campaigns - Cloud CRM Systems<\/title>\n<meta name=\"robots\" content=\"index, follow, max-snippet:-1, max-image-preview:large, max-video-preview:-1\" \/>\n<link rel=\"canonical\" href=\"https:\/\/crmsystems.co.il\/es\/zoho-products\/zoho-campaigns\/\" \/>\n<meta property=\"og:locale\" content=\"en_US\" \/>\n<meta property=\"og:type\" content=\"article\" \/>\n<meta property=\"og:title\" content=\"Zoho Campaigns - Cloud CRM Systems\" \/>\n<meta property=\"og:description\" content=\"Zoho Campaigns es un sistema para gestionar las actividades de correo electr\u00f3nico de la organizaci\u00f3n, integr\u00e1ndose completamente con el CRM. El sistema es sencillo e intuitivo, pero posee capacidades impresionantes y opciones de integraci\u00f3n con diversas fuentes de informaci\u00f3n, con el objetivo de optimizar y centralizar las actividades de correo. El sistema est\u00e1 equipado con ... Read more\" \/>\n<meta property=\"og:url\" content=\"https:\/\/crmsystems.co.il\/es\/zoho-products\/zoho-campaigns\/\" \/>\n<meta property=\"og:site_name\" content=\"Cloud CRM Systems\" \/>\n<meta property=\"article:modified_time\" content=\"2025-08-23T16:19:41+00:00\" \/>\n<meta name=\"twitter:card\" content=\"summary_large_image\" \/>\n<meta name=\"twitter:label1\" content=\"Est. reading time\" \/>\n\t<meta name=\"twitter:data1\" content=\"2 minutes\" \/>\n<script type=\"application\/ld+json\" class=\"yoast-schema-graph\">{\"@context\":\"https:\/\/schema.org\",\"@graph\":[{\"@type\":\"WebPage\",\"@id\":\"https:\/\/crmsystems.co.il\/es\/zoho-products\/zoho-campaigns\/\",\"url\":\"https:\/\/crmsystems.co.il\/es\/zoho-products\/zoho-campaigns\/\",\"name\":\"Zoho Campaigns - Cloud CRM Systems\",\"isPartOf\":{\"@id\":\"https:\/\/crmsystems.co.il\/es\/#website\"},\"datePublished\":\"2025-08-20T13:27:37+00:00\",\"dateModified\":\"2025-08-23T16:19:41+00:00\",\"breadcrumb\":{\"@id\":\"https:\/\/crmsystems.co.il\/es\/zoho-products\/zoho-campaigns\/#breadcrumb\"},\"inLanguage\":\"en\",\"potentialAction\":[{\"@type\":\"ReadAction\",\"target\":[\"https:\/\/crmsystems.co.il\/es\/zoho-products\/zoho-campaigns\/\"]}]},{\"@type\":\"BreadcrumbList\",\"@id\":\"https:\/\/crmsystems.co.il\/es\/zoho-products\/zoho-campaigns\/#breadcrumb\",\"itemListElement\":[{\"@type\":\"ListItem\",\"position\":1,\"name\":\"Home\",\"item\":\"https:\/\/crmsystems.co.il\/es\/\"},{\"@type\":\"ListItem\",\"position\":2,\"name\":\"Productos de Zoho\",\"item\":\"http:\/\/crmsystems.co.il\/es\/zoho-products\/\"},{\"@type\":\"ListItem\",\"position\":3,\"name\":\"Zoho Campaigns\"}]},{\"@type\":\"WebSite\",\"@id\":\"https:\/\/crmsystems.co.il\/es\/#website\",\"url\":\"https:\/\/crmsystems.co.il\/es\/\",\"name\":\"Cloud CRM Systems\",\"description\":\"The Zoho Experts\",\"publisher\":{\"@id\":\"https:\/\/crmsystems.co.il\/es\/#organization\"},\"potentialAction\":[{\"@type\":\"SearchAction\",\"target\":{\"@type\":\"EntryPoint\",\"urlTemplate\":\"https:\/\/crmsystems.co.il\/es\/?s={search_term_string}\"},\"query-input\":{\"@type\":\"PropertyValueSpecification\",\"valueRequired\":true,\"valueName\":\"search_term_string\"}}],\"inLanguage\":\"en\"},{\"@type\":\"Organization\",\"@id\":\"https:\/\/crmsystems.co.il\/es\/#organization\",\"name\":\"Cloud CRM Systems\",\"url\":\"https:\/\/crmsystems.co.il\/es\/\",\"logo\":{\"@type\":\"ImageObject\",\"inLanguage\":\"en\",\"@id\":\"https:\/\/crmsystems.co.il\/es\/#\/schema\/logo\/image\/\",\"url\":\"https:\/\/crmsystems.co.il\/es\/wp-content\/uploads\/2021\/11\/CCS-White-Logo-2.png\",\"contentUrl\":\"https:\/\/crmsystems.co.il\/es\/wp-content\/uploads\/2021\/11\/CCS-White-Logo-2.png\",\"width\":460,\"height\":157,\"caption\":\"Cloud CRM Systems\"},\"image\":{\"@id\":\"https:\/\/crmsystems.co.il\/es\/#\/schema\/logo\/image\/\"}}]}<\/script>\n<!-- \/ Yoast SEO plugin. -->","yoast_head_json":{"title":"Zoho Campaigns - Cloud CRM Systems","robots":{"index":"index","follow":"follow","max-snippet":"max-snippet:-1","max-image-preview":"max-image-preview:large","max-video-preview":"max-video-preview:-1"},"canonical":"https:\/\/crmsystems.co.il\/es\/zoho-products\/zoho-campaigns\/","og_locale":"en_US","og_type":"article","og_title":"Zoho Campaigns - Cloud CRM Systems","og_description":"Zoho Campaigns es un sistema para gestionar las actividades de correo electr\u00f3nico de la organizaci\u00f3n, integr\u00e1ndose completamente con el CRM. El sistema es sencillo e intuitivo, pero posee capacidades impresionantes y opciones de integraci\u00f3n con diversas fuentes de informaci\u00f3n, con el objetivo de optimizar y centralizar las actividades de correo. El sistema est\u00e1 equipado con ... Read more","og_url":"https:\/\/crmsystems.co.il\/es\/zoho-products\/zoho-campaigns\/","og_site_name":"Cloud CRM Systems","article_modified_time":"2025-08-23T16:19:41+00:00","twitter_card":"summary_large_image","twitter_misc":{"Est. reading time":"2 minutes"},"schema":{"@context":"https:\/\/schema.org","@graph":[{"@type":"WebPage","@id":"https:\/\/crmsystems.co.il\/es\/zoho-products\/zoho-campaigns\/","url":"https:\/\/crmsystems.co.il\/es\/zoho-products\/zoho-campaigns\/","name":"Zoho Campaigns - Cloud CRM Systems","isPartOf":{"@id":"https:\/\/crmsystems.co.il\/es\/#website"},"datePublished":"2025-08-20T13:27:37+00:00","dateModified":"2025-08-23T16:19:41+00:00","breadcrumb":{"@id":"https:\/\/crmsystems.co.il\/es\/zoho-products\/zoho-campaigns\/#breadcrumb"},"inLanguage":"en","potentialAction":[{"@type":"ReadAction","target":["https:\/\/crmsystems.co.il\/es\/zoho-products\/zoho-campaigns\/"]}]},{"@type":"BreadcrumbList","@id":"https:\/\/crmsystems.co.il\/es\/zoho-products\/zoho-campaigns\/#breadcrumb","itemListElement":[{"@type":"ListItem","position":1,"name":"Home","item":"https:\/\/crmsystems.co.il\/es\/"},{"@type":"ListItem","position":2,"name":"Productos de Zoho","item":"http:\/\/crmsystems.co.il\/es\/zoho-products\/"},{"@type":"ListItem","position":3,"name":"Zoho Campaigns"}]},{"@type":"WebSite","@id":"https:\/\/crmsystems.co.il\/es\/#website","url":"https:\/\/crmsystems.co.il\/es\/","name":"Cloud CRM Systems","description":"The Zoho Experts","publisher":{"@id":"https:\/\/crmsystems.co.il\/es\/#organization"},"potentialAction":[{"@type":"SearchAction","target":{"@type":"EntryPoint","urlTemplate":"https:\/\/crmsystems.co.il\/es\/?s={search_term_string}"},"query-input":{"@type":"PropertyValueSpecification","valueRequired":true,"valueName":"search_term_string"}}],"inLanguage":"en"},{"@type":"Organization","@id":"https:\/\/crmsystems.co.il\/es\/#organization","name":"Cloud CRM Systems","url":"https:\/\/crmsystems.co.il\/es\/","logo":{"@type":"ImageObject","inLanguage":"en","@id":"https:\/\/crmsystems.co.il\/es\/#\/schema\/logo\/image\/","url":"https:\/\/crmsystems.co.il\/es\/wp-content\/uploads\/2021\/11\/CCS-White-Logo-2.png","contentUrl":"https:\/\/crmsystems.co.il\/es\/wp-content\/uploads\/2021\/11\/CCS-White-Logo-2.png","width":460,"height":157,"caption":"Cloud CRM Systems"},"image":{"@id":"https:\/\/crmsystems.co.il\/es\/#\/schema\/logo\/image\/"}}]}},"_links":{"self":[{"href":"https:\/\/crmsystems.co.il\/es\/wp-json\/wp\/v2\/pages\/1388","targetHints":{"allow":["GET"]}}],"collection":[{"href":"https:\/\/crmsystems.co.il\/es\/wp-json\/wp\/v2\/pages"}],"about":[{"href":"https:\/\/crmsystems.co.il\/es\/wp-json\/wp\/v2\/types\/page"}],"author":[{"embeddable":true,"href":"https:\/\/crmsystems.co.il\/es\/wp-json\/wp\/v2\/users\/1"}],"replies":[{"embeddable":true,"href":"https:\/\/crmsystems.co.il\/es\/wp-json\/wp\/v2\/comments?post=1388"}],"version-history":[{"count":2,"href":"https:\/\/crmsystems.co.il\/es\/wp-json\/wp\/v2\/pages\/1388\/revisions"}],"predecessor-version":[{"id":1474,"href":"https:\/\/crmsystems.co.il\/es\/wp-json\/wp\/v2\/pages\/1388\/revisions\/1474"}],"up":[{"embeddable":true,"href":"https:\/\/crmsystems.co.il\/es\/wp-json\/wp\/v2\/pages\/1359"}],"wp:attachment":[{"href":"https:\/\/crmsystems.co.il\/es\/wp-json\/wp\/v2\/media?parent=1388"}],"curies":[{"name":"wp","href":"https:\/\/api.w.org\/{rel}","templated":true}]}}