{"id":1386,"date":"2025-08-20T16:07:52","date_gmt":"2025-08-20T13:07:52","guid":{"rendered":"https:\/\/crmsystems.co.il\/es\/?page_id=1386"},"modified":"2025-08-23T19:20:08","modified_gmt":"2025-08-23T16:20:08","slug":"zoho-sales-iq","status":"publish","type":"page","link":"https:\/\/crmsystems.co.il\/es\/zoho-products\/zoho-sales-iq\/","title":{"rendered":"Zoho Sales-IQ"},"content":{"rendered":"\n<p>Zoho SalesIQ es un sistema de interacci\u00f3n con clientes (Customer Engagement) que permite a las empresas comunicarse directamente con sus clientes a trav\u00e9s de un chatbot instalado en el sitio web de la empresa. El sistema puede funcionar de forma independiente o integrarse con Zoho CRM, fortaleciendo as\u00ed la gesti\u00f3n de relaciones con clientes mediante el seguimiento de los usuarios del sitio y la transferencia de informaci\u00f3n al CRM. Esto permite conocer mejor a los clientes y planificar el recorrido del cliente adecuado para cada uno.&nbsp;<\/p>\n\n\n\n<p>El chatbot de Zoho es personalizable e incluye una interfaz de gesti\u00f3n gr\u00e1fica sin necesidad de c\u00f3digo (no code), as\u00ed como la opci\u00f3n de programaci\u00f3n con poco c\u00f3digo (low code). Es especialmente adecuado para sitios con alto tr\u00e1fico y permite transferir conversaciones a representantes de servicio. Gracias a la integraci\u00f3n con Zoho CRM, es f\u00e1cil identificar si el solicitante es un lead existente, un cliente que ya ha comprado o un nuevo cliente.&nbsp;<\/p>\n\n\n\n<p>La capacidad de clasificar solicitudes y comunicarse con los visitantes del sitio es especialmente importante para tiendas en l\u00ednea, empresas B2B y startups que necesitan explicar sus ventajas e identificar las expectativas de los visitantes.<\/p>\n","protected":false},"excerpt":{"rendered":"<p>Zoho SalesIQ es un sistema de interacci\u00f3n con clientes (Customer Engagement) que permite a las empresas comunicarse directamente con sus clientes a trav\u00e9s de un chatbot instalado en el sitio web de la empresa. El sistema puede funcionar de forma independiente o integrarse con Zoho CRM, fortaleciendo as\u00ed la gesti\u00f3n de relaciones con clientes mediante &#8230; <a title=\"Zoho Sales-IQ\" class=\"read-more\" href=\"https:\/\/crmsystems.co.il\/es\/zoho-products\/zoho-sales-iq\/\" aria-label=\"More on Zoho Sales-IQ\">Read more<\/a><\/p>\n","protected":false},"author":1,"featured_media":0,"parent":1359,"menu_order":0,"comment_status":"closed","ping_status":"closed","template":"","meta":{"footnotes":""},"class_list":["post-1386","page","type-page","status-publish"],"yoast_head":"<!-- This site is optimized with the Yoast SEO plugin v25.8 - https:\/\/yoast.com\/wordpress\/plugins\/seo\/ -->\n<title>Zoho Sales-IQ - Cloud CRM Systems<\/title>\n<meta name=\"robots\" content=\"index, follow, max-snippet:-1, max-image-preview:large, max-video-preview:-1\" \/>\n<link rel=\"canonical\" href=\"https:\/\/crmsystems.co.il\/es\/zoho-products\/zoho-sales-iq\/\" \/>\n<meta property=\"og:locale\" content=\"en_US\" \/>\n<meta property=\"og:type\" content=\"article\" \/>\n<meta property=\"og:title\" content=\"Zoho Sales-IQ - Cloud CRM Systems\" \/>\n<meta property=\"og:description\" content=\"Zoho SalesIQ es un sistema de interacci\u00f3n con clientes (Customer Engagement) que permite a las empresas comunicarse directamente con sus clientes a trav\u00e9s de un chatbot instalado en el sitio web de la empresa. El sistema puede funcionar de forma independiente o integrarse con Zoho CRM, fortaleciendo as\u00ed la gesti\u00f3n de relaciones con clientes mediante ... Read more\" \/>\n<meta property=\"og:url\" content=\"https:\/\/crmsystems.co.il\/es\/zoho-products\/zoho-sales-iq\/\" \/>\n<meta property=\"og:site_name\" content=\"Cloud CRM Systems\" \/>\n<meta property=\"article:modified_time\" content=\"2025-08-23T16:20:08+00:00\" \/>\n<meta name=\"twitter:card\" content=\"summary_large_image\" \/>\n<meta name=\"twitter:label1\" content=\"Est. reading time\" \/>\n\t<meta name=\"twitter:data1\" content=\"1 minute\" \/>\n<script type=\"application\/ld+json\" class=\"yoast-schema-graph\">{\"@context\":\"https:\/\/schema.org\",\"@graph\":[{\"@type\":\"WebPage\",\"@id\":\"https:\/\/crmsystems.co.il\/es\/zoho-products\/zoho-sales-iq\/\",\"url\":\"https:\/\/crmsystems.co.il\/es\/zoho-products\/zoho-sales-iq\/\",\"name\":\"Zoho Sales-IQ - Cloud CRM Systems\",\"isPartOf\":{\"@id\":\"https:\/\/crmsystems.co.il\/es\/#website\"},\"datePublished\":\"2025-08-20T13:07:52+00:00\",\"dateModified\":\"2025-08-23T16:20:08+00:00\",\"breadcrumb\":{\"@id\":\"https:\/\/crmsystems.co.il\/es\/zoho-products\/zoho-sales-iq\/#breadcrumb\"},\"inLanguage\":\"en\",\"potentialAction\":[{\"@type\":\"ReadAction\",\"target\":[\"https:\/\/crmsystems.co.il\/es\/zoho-products\/zoho-sales-iq\/\"]}]},{\"@type\":\"BreadcrumbList\",\"@id\":\"https:\/\/crmsystems.co.il\/es\/zoho-products\/zoho-sales-iq\/#breadcrumb\",\"itemListElement\":[{\"@type\":\"ListItem\",\"position\":1,\"name\":\"Home\",\"item\":\"https:\/\/crmsystems.co.il\/es\/\"},{\"@type\":\"ListItem\",\"position\":2,\"name\":\"Productos de Zoho\",\"item\":\"http:\/\/crmsystems.co.il\/es\/zoho-products\/\"},{\"@type\":\"ListItem\",\"position\":3,\"name\":\"Zoho Sales-IQ\"}]},{\"@type\":\"WebSite\",\"@id\":\"https:\/\/crmsystems.co.il\/es\/#website\",\"url\":\"https:\/\/crmsystems.co.il\/es\/\",\"name\":\"Cloud CRM Systems\",\"description\":\"The Zoho Experts\",\"publisher\":{\"@id\":\"https:\/\/crmsystems.co.il\/es\/#organization\"},\"potentialAction\":[{\"@type\":\"SearchAction\",\"target\":{\"@type\":\"EntryPoint\",\"urlTemplate\":\"https:\/\/crmsystems.co.il\/es\/?s={search_term_string}\"},\"query-input\":{\"@type\":\"PropertyValueSpecification\",\"valueRequired\":true,\"valueName\":\"search_term_string\"}}],\"inLanguage\":\"en\"},{\"@type\":\"Organization\",\"@id\":\"https:\/\/crmsystems.co.il\/es\/#organization\",\"name\":\"Cloud CRM Systems\",\"url\":\"https:\/\/crmsystems.co.il\/es\/\",\"logo\":{\"@type\":\"ImageObject\",\"inLanguage\":\"en\",\"@id\":\"https:\/\/crmsystems.co.il\/es\/#\/schema\/logo\/image\/\",\"url\":\"https:\/\/crmsystems.co.il\/es\/wp-content\/uploads\/2021\/11\/CCS-White-Logo-2.png\",\"contentUrl\":\"https:\/\/crmsystems.co.il\/es\/wp-content\/uploads\/2021\/11\/CCS-White-Logo-2.png\",\"width\":460,\"height\":157,\"caption\":\"Cloud CRM Systems\"},\"image\":{\"@id\":\"https:\/\/crmsystems.co.il\/es\/#\/schema\/logo\/image\/\"}}]}<\/script>\n<!-- \/ Yoast SEO plugin. -->","yoast_head_json":{"title":"Zoho Sales-IQ - Cloud CRM Systems","robots":{"index":"index","follow":"follow","max-snippet":"max-snippet:-1","max-image-preview":"max-image-preview:large","max-video-preview":"max-video-preview:-1"},"canonical":"https:\/\/crmsystems.co.il\/es\/zoho-products\/zoho-sales-iq\/","og_locale":"en_US","og_type":"article","og_title":"Zoho Sales-IQ - Cloud CRM Systems","og_description":"Zoho SalesIQ es un sistema de interacci\u00f3n con clientes (Customer Engagement) que permite a las empresas comunicarse directamente con sus clientes a trav\u00e9s de un chatbot instalado en el sitio web de la empresa. El sistema puede funcionar de forma independiente o integrarse con Zoho CRM, fortaleciendo as\u00ed la gesti\u00f3n de relaciones con clientes mediante ... Read more","og_url":"https:\/\/crmsystems.co.il\/es\/zoho-products\/zoho-sales-iq\/","og_site_name":"Cloud CRM Systems","article_modified_time":"2025-08-23T16:20:08+00:00","twitter_card":"summary_large_image","twitter_misc":{"Est. reading time":"1 minute"},"schema":{"@context":"https:\/\/schema.org","@graph":[{"@type":"WebPage","@id":"https:\/\/crmsystems.co.il\/es\/zoho-products\/zoho-sales-iq\/","url":"https:\/\/crmsystems.co.il\/es\/zoho-products\/zoho-sales-iq\/","name":"Zoho Sales-IQ - Cloud CRM Systems","isPartOf":{"@id":"https:\/\/crmsystems.co.il\/es\/#website"},"datePublished":"2025-08-20T13:07:52+00:00","dateModified":"2025-08-23T16:20:08+00:00","breadcrumb":{"@id":"https:\/\/crmsystems.co.il\/es\/zoho-products\/zoho-sales-iq\/#breadcrumb"},"inLanguage":"en","potentialAction":[{"@type":"ReadAction","target":["https:\/\/crmsystems.co.il\/es\/zoho-products\/zoho-sales-iq\/"]}]},{"@type":"BreadcrumbList","@id":"https:\/\/crmsystems.co.il\/es\/zoho-products\/zoho-sales-iq\/#breadcrumb","itemListElement":[{"@type":"ListItem","position":1,"name":"Home","item":"https:\/\/crmsystems.co.il\/es\/"},{"@type":"ListItem","position":2,"name":"Productos de Zoho","item":"http:\/\/crmsystems.co.il\/es\/zoho-products\/"},{"@type":"ListItem","position":3,"name":"Zoho Sales-IQ"}]},{"@type":"WebSite","@id":"https:\/\/crmsystems.co.il\/es\/#website","url":"https:\/\/crmsystems.co.il\/es\/","name":"Cloud CRM Systems","description":"The Zoho Experts","publisher":{"@id":"https:\/\/crmsystems.co.il\/es\/#organization"},"potentialAction":[{"@type":"SearchAction","target":{"@type":"EntryPoint","urlTemplate":"https:\/\/crmsystems.co.il\/es\/?s={search_term_string}"},"query-input":{"@type":"PropertyValueSpecification","valueRequired":true,"valueName":"search_term_string"}}],"inLanguage":"en"},{"@type":"Organization","@id":"https:\/\/crmsystems.co.il\/es\/#organization","name":"Cloud CRM Systems","url":"https:\/\/crmsystems.co.il\/es\/","logo":{"@type":"ImageObject","inLanguage":"en","@id":"https:\/\/crmsystems.co.il\/es\/#\/schema\/logo\/image\/","url":"https:\/\/crmsystems.co.il\/es\/wp-content\/uploads\/2021\/11\/CCS-White-Logo-2.png","contentUrl":"https:\/\/crmsystems.co.il\/es\/wp-content\/uploads\/2021\/11\/CCS-White-Logo-2.png","width":460,"height":157,"caption":"Cloud CRM Systems"},"image":{"@id":"https:\/\/crmsystems.co.il\/es\/#\/schema\/logo\/image\/"}}]}},"_links":{"self":[{"href":"https:\/\/crmsystems.co.il\/es\/wp-json\/wp\/v2\/pages\/1386","targetHints":{"allow":["GET"]}}],"collection":[{"href":"https:\/\/crmsystems.co.il\/es\/wp-json\/wp\/v2\/pages"}],"about":[{"href":"https:\/\/crmsystems.co.il\/es\/wp-json\/wp\/v2\/types\/page"}],"author":[{"embeddable":true,"href":"https:\/\/crmsystems.co.il\/es\/wp-json\/wp\/v2\/users\/1"}],"replies":[{"embeddable":true,"href":"https:\/\/crmsystems.co.il\/es\/wp-json\/wp\/v2\/comments?post=1386"}],"version-history":[{"count":1,"href":"https:\/\/crmsystems.co.il\/es\/wp-json\/wp\/v2\/pages\/1386\/revisions"}],"predecessor-version":[{"id":1387,"href":"https:\/\/crmsystems.co.il\/es\/wp-json\/wp\/v2\/pages\/1386\/revisions\/1387"}],"up":[{"embeddable":true,"href":"https:\/\/crmsystems.co.il\/es\/wp-json\/wp\/v2\/pages\/1359"}],"wp:attachment":[{"href":"https:\/\/crmsystems.co.il\/es\/wp-json\/wp\/v2\/media?parent=1386"}],"curies":[{"name":"wp","href":"https:\/\/api.w.org\/{rel}","templated":true}]}}