{"id":1384,"date":"2025-08-20T16:06:30","date_gmt":"2025-08-20T13:06:30","guid":{"rendered":"https:\/\/crmsystems.co.il\/es\/?page_id=1384"},"modified":"2025-08-23T08:59:04","modified_gmt":"2025-08-23T05:59:04","slug":"zoho-desk","status":"publish","type":"page","link":"https:\/\/crmsystems.co.il\/es\/zoho-products\/zoho-desk\/","title":{"rendered":"Zoho Desk"},"content":{"rendered":"\n<p>Zoho Desk es un sistema de help desk que coloca el servicio al cliente en el centro. El sistema proporciona a los proveedores de servicios una herramienta poderosa que les permite ser m\u00e1s eficientes en su trabajo y ofrecer a los clientes un servicio contextualizado. Los gerentes recibir\u00e1n una herramienta que les ayudar\u00e1 a tomar decisiones significativas que mejorar\u00e1n el nivel de servicio y a identificar fortalezas y debilidades para maximizar el valor de las ventajas y abordar r\u00e1pidamente los problemas. Los clientes disfrutar\u00e1n de un servicio r\u00e1pido, transparente y efectivo.&nbsp;<\/p>\n\n\n\n<p>\u00bfQu\u00e9 se puede hacer con Zoho Desk?&nbsp;<\/p>\n\n\n\n<ol class=\"wp-block-list\" start=\"1\">\n<li>Abrir tickets (solicitudes de servicio).&nbsp;<\/li>\n<\/ol>\n\n\n\n<ol class=\"wp-block-list\" start=\"2\">\n<li>Identificar tendencias en la operaci\u00f3n del servicio.&nbsp;<\/li>\n<\/ol>\n\n\n\n<ol class=\"wp-block-list\" start=\"3\">\n<li>Reflejar tareas y datos de servicio a lo largo y ancho de la organizaci\u00f3n.&nbsp;<\/li>\n<\/ol>\n\n\n\n<ol class=\"wp-block-list\" start=\"4\">\n<li>Proporcionar acceso al servicio en cualquier canal que sea conveniente para el cliente.&nbsp;<\/li>\n<\/ol>\n\n\n\n<ol class=\"wp-block-list\" start=\"5\">\n<li>Crear sistemas de autoservicio y ponerlos a disposici\u00f3n de los clientes para ahorrar recursos de servicio.&nbsp;<\/li>\n<\/ol>\n\n\n\n<ol class=\"wp-block-list\" start=\"6\">\n<li>Adaptar los procesos de servicio como un guante a la medida de su organizaci\u00f3n.&nbsp;<\/li>\n<\/ol>\n\n\n\n<p>En Cloud CRM Systems nos especializamos en la implementaci\u00f3n de Zoho Desk, construyendo procesos de servicio automatizados e integr\u00e1ndonos con otros sistemas organizacionales (tanto de la familia Zoho como sistemas externos). Cont\u00e1ctenos para m\u00e1s informaci\u00f3n.&nbsp;<\/p>\n\n\n\n<p>Si desea probar Zoho Desk, puede abrir una cuenta de forma gratuita y sin compromiso. Tenga en cuenta que al hacer clic en el enlace ser\u00e1 redirigido al sitio de Zoho para crear una cuenta.<\/p>\n","protected":false},"excerpt":{"rendered":"<p>Zoho Desk es un sistema de help desk que coloca el servicio al cliente en el centro. El sistema proporciona a los proveedores de servicios una herramienta poderosa que les permite ser m\u00e1s eficientes en su trabajo y ofrecer a los clientes un servicio contextualizado. Los gerentes recibir\u00e1n una herramienta que les ayudar\u00e1 a tomar &#8230; <a title=\"Zoho Desk\" class=\"read-more\" href=\"https:\/\/crmsystems.co.il\/es\/zoho-products\/zoho-desk\/\" aria-label=\"More on Zoho Desk\">Read more<\/a><\/p>\n","protected":false},"author":1,"featured_media":0,"parent":1359,"menu_order":0,"comment_status":"closed","ping_status":"closed","template":"","meta":{"footnotes":""},"class_list":["post-1384","page","type-page","status-publish"],"yoast_head":"<!-- This site is optimized with the Yoast SEO plugin v25.8 - https:\/\/yoast.com\/wordpress\/plugins\/seo\/ -->\n<title>Zoho Desk - Cloud CRM Systems<\/title>\n<meta name=\"robots\" content=\"index, follow, max-snippet:-1, max-image-preview:large, max-video-preview:-1\" \/>\n<link rel=\"canonical\" href=\"https:\/\/crmsystems.co.il\/es\/zoho-products\/zoho-desk\/\" \/>\n<meta property=\"og:locale\" content=\"en_US\" \/>\n<meta property=\"og:type\" content=\"article\" \/>\n<meta property=\"og:title\" content=\"Zoho Desk - Cloud CRM Systems\" \/>\n<meta property=\"og:description\" content=\"Zoho Desk es un sistema de help desk que coloca el servicio al cliente en el centro. El sistema proporciona a los proveedores de servicios una herramienta poderosa que les permite ser m\u00e1s eficientes en su trabajo y ofrecer a los clientes un servicio contextualizado. Los gerentes recibir\u00e1n una herramienta que les ayudar\u00e1 a tomar ... Read more\" \/>\n<meta property=\"og:url\" content=\"https:\/\/crmsystems.co.il\/es\/zoho-products\/zoho-desk\/\" \/>\n<meta property=\"og:site_name\" content=\"Cloud CRM Systems\" \/>\n<meta property=\"article:modified_time\" content=\"2025-08-23T05:59:04+00:00\" \/>\n<meta name=\"twitter:card\" content=\"summary_large_image\" \/>\n<meta name=\"twitter:label1\" content=\"Est. reading time\" \/>\n\t<meta name=\"twitter:data1\" content=\"2 minutes\" \/>\n<script type=\"application\/ld+json\" class=\"yoast-schema-graph\">{\"@context\":\"https:\/\/schema.org\",\"@graph\":[{\"@type\":\"WebPage\",\"@id\":\"https:\/\/crmsystems.co.il\/es\/zoho-products\/zoho-desk\/\",\"url\":\"https:\/\/crmsystems.co.il\/es\/zoho-products\/zoho-desk\/\",\"name\":\"Zoho Desk - Cloud CRM Systems\",\"isPartOf\":{\"@id\":\"https:\/\/crmsystems.co.il\/es\/#website\"},\"datePublished\":\"2025-08-20T13:06:30+00:00\",\"dateModified\":\"2025-08-23T05:59:04+00:00\",\"breadcrumb\":{\"@id\":\"https:\/\/crmsystems.co.il\/es\/zoho-products\/zoho-desk\/#breadcrumb\"},\"inLanguage\":\"en\",\"potentialAction\":[{\"@type\":\"ReadAction\",\"target\":[\"https:\/\/crmsystems.co.il\/es\/zoho-products\/zoho-desk\/\"]}]},{\"@type\":\"BreadcrumbList\",\"@id\":\"https:\/\/crmsystems.co.il\/es\/zoho-products\/zoho-desk\/#breadcrumb\",\"itemListElement\":[{\"@type\":\"ListItem\",\"position\":1,\"name\":\"Home\",\"item\":\"https:\/\/crmsystems.co.il\/es\/\"},{\"@type\":\"ListItem\",\"position\":2,\"name\":\"Productos de Zoho\",\"item\":\"http:\/\/crmsystems.co.il\/es\/zoho-products\/\"},{\"@type\":\"ListItem\",\"position\":3,\"name\":\"Zoho Desk\"}]},{\"@type\":\"WebSite\",\"@id\":\"https:\/\/crmsystems.co.il\/es\/#website\",\"url\":\"https:\/\/crmsystems.co.il\/es\/\",\"name\":\"Cloud CRM Systems\",\"description\":\"The Zoho Experts\",\"publisher\":{\"@id\":\"https:\/\/crmsystems.co.il\/es\/#organization\"},\"potentialAction\":[{\"@type\":\"SearchAction\",\"target\":{\"@type\":\"EntryPoint\",\"urlTemplate\":\"https:\/\/crmsystems.co.il\/es\/?s={search_term_string}\"},\"query-input\":{\"@type\":\"PropertyValueSpecification\",\"valueRequired\":true,\"valueName\":\"search_term_string\"}}],\"inLanguage\":\"en\"},{\"@type\":\"Organization\",\"@id\":\"https:\/\/crmsystems.co.il\/es\/#organization\",\"name\":\"Cloud CRM Systems\",\"url\":\"https:\/\/crmsystems.co.il\/es\/\",\"logo\":{\"@type\":\"ImageObject\",\"inLanguage\":\"en\",\"@id\":\"https:\/\/crmsystems.co.il\/es\/#\/schema\/logo\/image\/\",\"url\":\"https:\/\/crmsystems.co.il\/es\/wp-content\/uploads\/2021\/11\/CCS-White-Logo-2.png\",\"contentUrl\":\"https:\/\/crmsystems.co.il\/es\/wp-content\/uploads\/2021\/11\/CCS-White-Logo-2.png\",\"width\":460,\"height\":157,\"caption\":\"Cloud CRM Systems\"},\"image\":{\"@id\":\"https:\/\/crmsystems.co.il\/es\/#\/schema\/logo\/image\/\"}}]}<\/script>\n<!-- \/ Yoast SEO plugin. -->","yoast_head_json":{"title":"Zoho Desk - Cloud CRM Systems","robots":{"index":"index","follow":"follow","max-snippet":"max-snippet:-1","max-image-preview":"max-image-preview:large","max-video-preview":"max-video-preview:-1"},"canonical":"https:\/\/crmsystems.co.il\/es\/zoho-products\/zoho-desk\/","og_locale":"en_US","og_type":"article","og_title":"Zoho Desk - Cloud CRM Systems","og_description":"Zoho Desk es un sistema de help desk que coloca el servicio al cliente en el centro. El sistema proporciona a los proveedores de servicios una herramienta poderosa que les permite ser m\u00e1s eficientes en su trabajo y ofrecer a los clientes un servicio contextualizado. Los gerentes recibir\u00e1n una herramienta que les ayudar\u00e1 a tomar ... Read more","og_url":"https:\/\/crmsystems.co.il\/es\/zoho-products\/zoho-desk\/","og_site_name":"Cloud CRM Systems","article_modified_time":"2025-08-23T05:59:04+00:00","twitter_card":"summary_large_image","twitter_misc":{"Est. reading time":"2 minutes"},"schema":{"@context":"https:\/\/schema.org","@graph":[{"@type":"WebPage","@id":"https:\/\/crmsystems.co.il\/es\/zoho-products\/zoho-desk\/","url":"https:\/\/crmsystems.co.il\/es\/zoho-products\/zoho-desk\/","name":"Zoho Desk - Cloud CRM Systems","isPartOf":{"@id":"https:\/\/crmsystems.co.il\/es\/#website"},"datePublished":"2025-08-20T13:06:30+00:00","dateModified":"2025-08-23T05:59:04+00:00","breadcrumb":{"@id":"https:\/\/crmsystems.co.il\/es\/zoho-products\/zoho-desk\/#breadcrumb"},"inLanguage":"en","potentialAction":[{"@type":"ReadAction","target":["https:\/\/crmsystems.co.il\/es\/zoho-products\/zoho-desk\/"]}]},{"@type":"BreadcrumbList","@id":"https:\/\/crmsystems.co.il\/es\/zoho-products\/zoho-desk\/#breadcrumb","itemListElement":[{"@type":"ListItem","position":1,"name":"Home","item":"https:\/\/crmsystems.co.il\/es\/"},{"@type":"ListItem","position":2,"name":"Productos de Zoho","item":"http:\/\/crmsystems.co.il\/es\/zoho-products\/"},{"@type":"ListItem","position":3,"name":"Zoho Desk"}]},{"@type":"WebSite","@id":"https:\/\/crmsystems.co.il\/es\/#website","url":"https:\/\/crmsystems.co.il\/es\/","name":"Cloud CRM Systems","description":"The Zoho Experts","publisher":{"@id":"https:\/\/crmsystems.co.il\/es\/#organization"},"potentialAction":[{"@type":"SearchAction","target":{"@type":"EntryPoint","urlTemplate":"https:\/\/crmsystems.co.il\/es\/?s={search_term_string}"},"query-input":{"@type":"PropertyValueSpecification","valueRequired":true,"valueName":"search_term_string"}}],"inLanguage":"en"},{"@type":"Organization","@id":"https:\/\/crmsystems.co.il\/es\/#organization","name":"Cloud CRM Systems","url":"https:\/\/crmsystems.co.il\/es\/","logo":{"@type":"ImageObject","inLanguage":"en","@id":"https:\/\/crmsystems.co.il\/es\/#\/schema\/logo\/image\/","url":"https:\/\/crmsystems.co.il\/es\/wp-content\/uploads\/2021\/11\/CCS-White-Logo-2.png","contentUrl":"https:\/\/crmsystems.co.il\/es\/wp-content\/uploads\/2021\/11\/CCS-White-Logo-2.png","width":460,"height":157,"caption":"Cloud CRM Systems"},"image":{"@id":"https:\/\/crmsystems.co.il\/es\/#\/schema\/logo\/image\/"}}]}},"_links":{"self":[{"href":"https:\/\/crmsystems.co.il\/es\/wp-json\/wp\/v2\/pages\/1384","targetHints":{"allow":["GET"]}}],"collection":[{"href":"https:\/\/crmsystems.co.il\/es\/wp-json\/wp\/v2\/pages"}],"about":[{"href":"https:\/\/crmsystems.co.il\/es\/wp-json\/wp\/v2\/types\/page"}],"author":[{"embeddable":true,"href":"https:\/\/crmsystems.co.il\/es\/wp-json\/wp\/v2\/users\/1"}],"replies":[{"embeddable":true,"href":"https:\/\/crmsystems.co.il\/es\/wp-json\/wp\/v2\/comments?post=1384"}],"version-history":[{"count":2,"href":"https:\/\/crmsystems.co.il\/es\/wp-json\/wp\/v2\/pages\/1384\/revisions"}],"predecessor-version":[{"id":1434,"href":"https:\/\/crmsystems.co.il\/es\/wp-json\/wp\/v2\/pages\/1384\/revisions\/1434"}],"up":[{"embeddable":true,"href":"https:\/\/crmsystems.co.il\/es\/wp-json\/wp\/v2\/pages\/1359"}],"wp:attachment":[{"href":"https:\/\/crmsystems.co.il\/es\/wp-json\/wp\/v2\/media?parent=1384"}],"curies":[{"name":"wp","href":"https:\/\/api.w.org\/{rel}","templated":true}]}}