{"id":1382,"date":"2025-08-20T16:03:29","date_gmt":"2025-08-20T13:03:29","guid":{"rendered":"https:\/\/crmsystems.co.il\/es\/?page_id=1382"},"modified":"2025-08-23T08:53:28","modified_gmt":"2025-08-23T05:53:28","slug":"zoho-analytics","status":"publish","type":"page","link":"https:\/\/crmsystems.co.il\/es\/zoho-products\/zoho-analytics\/","title":{"rendered":"Zoho Analytics"},"content":{"rendered":"\n<p>La informaci\u00f3n empresarial de muchas organizaciones proviene de diversas fuentes: sitios web, sistemas de publicidad, sistemas corporativos, bases de datos internas y m\u00e1s. Zoho Analytics es un sistema avanzado que permite la consolidaci\u00f3n de informaci\u00f3n proveniente de diferentes fuentes, facilitando la presentaci\u00f3n gr\u00e1fica y el an\u00e1lisis de los datos, ya sea por partes o en su totalidad.<\/p>\n\n\n\n<p>El sistema de informes de Zoho le permite crear paneles de control impresionantes que incluyen gr\u00e1ficos, tablas variadas y filtros avanzados. La construcci\u00f3n de estos paneles y otras herramientas de visualizaci\u00f3n se basa en una interfaz simple y amigable de arrastrar y soltar.<\/p>\n\n\n\n<p>A partir de los informes, es posible obtener insights y considerar indicadores clave de rendimiento (KPI) significativos. El sistema tambi\u00e9n permite realizar pron\u00f3sticos, utilizar inteligencia artificial para analizar la informaci\u00f3n, crear alertas y, lo m\u00e1s importante, establecer un sistema de retroalimentaci\u00f3n cerrado que mida la efectividad de las decisiones tomadas y facilite la adopci\u00f3n de decisiones adicionales relevantes.<\/p>\n\n\n\n<p>Zoho Analytics tiene la capacidad de conectarse a diversas fuentes de informaci\u00f3n a trav\u00e9s de API, y tambi\u00e9n es posible extraer datos del sistema utilizando la API de Zoho. Otra caracter\u00edstica es la posibilidad de escribir consultas personalizadas seg\u00fan sus necesidades utilizando el lenguaje SQL y crear informes basados en las preguntas que desea responder.<\/p>\n\n\n\n<p>Cloud CRM Systems tiene una amplia experiencia en el uso de los sistemas de Zoho en general y de Analytics en particular. De hecho, nos especializamos en crear inteligencia empresarial (BI) para nuestros clientes bas\u00e1ndonos en su informaci\u00f3n comercial mediante Zoho.<\/p>\n\n\n\n<p>Si desea probar el sistema Zoho Analytics, puede abrir una cuenta de forma gratuita y sin compromiso. Tenga en cuenta que al hacer clic en el enlace, ser\u00e1 redirigido al sitio de Zoho para crear una cuenta.<\/p>\n","protected":false},"excerpt":{"rendered":"<p>La informaci\u00f3n empresarial de muchas organizaciones proviene de diversas fuentes: sitios web, sistemas de publicidad, sistemas corporativos, bases de datos internas y m\u00e1s. Zoho Analytics es un sistema avanzado que permite la consolidaci\u00f3n de informaci\u00f3n proveniente de diferentes fuentes, facilitando la presentaci\u00f3n gr\u00e1fica y el an\u00e1lisis de los datos, ya sea por partes o en &#8230; <a title=\"Zoho Analytics\" class=\"read-more\" href=\"https:\/\/crmsystems.co.il\/es\/zoho-products\/zoho-analytics\/\" aria-label=\"More on Zoho Analytics\">Read more<\/a><\/p>\n","protected":false},"author":1,"featured_media":0,"parent":1359,"menu_order":0,"comment_status":"closed","ping_status":"closed","template":"","meta":{"footnotes":""},"class_list":["post-1382","page","type-page","status-publish"],"yoast_head":"<!-- This site is optimized with the Yoast SEO plugin v25.8 - https:\/\/yoast.com\/wordpress\/plugins\/seo\/ -->\n<title>Zoho Analytics - Cloud CRM Systems<\/title>\n<meta name=\"robots\" content=\"index, follow, max-snippet:-1, max-image-preview:large, max-video-preview:-1\" \/>\n<link rel=\"canonical\" href=\"http:\/\/crmsystems.co.il\/es\/zoho-products\/zoho-analytics\/\" \/>\n<meta property=\"og:locale\" content=\"en_US\" \/>\n<meta property=\"og:type\" content=\"article\" \/>\n<meta property=\"og:title\" content=\"Zoho Analytics - Cloud CRM Systems\" \/>\n<meta property=\"og:description\" content=\"La informaci\u00f3n empresarial de muchas organizaciones proviene de diversas fuentes: sitios web, sistemas de publicidad, sistemas corporativos, bases de datos internas y m\u00e1s. Zoho Analytics es un sistema avanzado que permite la consolidaci\u00f3n de informaci\u00f3n proveniente de diferentes fuentes, facilitando la presentaci\u00f3n gr\u00e1fica y el an\u00e1lisis de los datos, ya sea por partes o en ... Read more\" \/>\n<meta property=\"og:url\" content=\"http:\/\/crmsystems.co.il\/es\/zoho-products\/zoho-analytics\/\" \/>\n<meta property=\"og:site_name\" content=\"Cloud CRM Systems\" \/>\n<meta property=\"article:modified_time\" content=\"2025-08-23T05:53:28+00:00\" \/>\n<meta name=\"twitter:card\" content=\"summary_large_image\" \/>\n<meta name=\"twitter:label1\" content=\"Est. reading time\" \/>\n\t<meta name=\"twitter:data1\" content=\"2 minutes\" \/>\n<script type=\"application\/ld+json\" class=\"yoast-schema-graph\">{\"@context\":\"https:\/\/schema.org\",\"@graph\":[{\"@type\":\"WebPage\",\"@id\":\"http:\/\/crmsystems.co.il\/es\/zoho-products\/zoho-analytics\/\",\"url\":\"http:\/\/crmsystems.co.il\/es\/zoho-products\/zoho-analytics\/\",\"name\":\"Zoho Analytics - Cloud CRM Systems\",\"isPartOf\":{\"@id\":\"https:\/\/crmsystems.co.il\/es\/#website\"},\"datePublished\":\"2025-08-20T13:03:29+00:00\",\"dateModified\":\"2025-08-23T05:53:28+00:00\",\"breadcrumb\":{\"@id\":\"http:\/\/crmsystems.co.il\/es\/zoho-products\/zoho-analytics\/#breadcrumb\"},\"inLanguage\":\"en\",\"potentialAction\":[{\"@type\":\"ReadAction\",\"target\":[\"http:\/\/crmsystems.co.il\/es\/zoho-products\/zoho-analytics\/\"]}]},{\"@type\":\"BreadcrumbList\",\"@id\":\"http:\/\/crmsystems.co.il\/es\/zoho-products\/zoho-analytics\/#breadcrumb\",\"itemListElement\":[{\"@type\":\"ListItem\",\"position\":1,\"name\":\"Home\",\"item\":\"https:\/\/crmsystems.co.il\/es\/\"},{\"@type\":\"ListItem\",\"position\":2,\"name\":\"Productos de Zoho\",\"item\":\"http:\/\/crmsystems.co.il\/es\/zoho-products\/\"},{\"@type\":\"ListItem\",\"position\":3,\"name\":\"Zoho Analytics\"}]},{\"@type\":\"WebSite\",\"@id\":\"https:\/\/crmsystems.co.il\/es\/#website\",\"url\":\"https:\/\/crmsystems.co.il\/es\/\",\"name\":\"Cloud CRM Systems\",\"description\":\"The Zoho Experts\",\"publisher\":{\"@id\":\"https:\/\/crmsystems.co.il\/es\/#organization\"},\"potentialAction\":[{\"@type\":\"SearchAction\",\"target\":{\"@type\":\"EntryPoint\",\"urlTemplate\":\"https:\/\/crmsystems.co.il\/es\/?s={search_term_string}\"},\"query-input\":{\"@type\":\"PropertyValueSpecification\",\"valueRequired\":true,\"valueName\":\"search_term_string\"}}],\"inLanguage\":\"en\"},{\"@type\":\"Organization\",\"@id\":\"https:\/\/crmsystems.co.il\/es\/#organization\",\"name\":\"Cloud CRM Systems\",\"url\":\"https:\/\/crmsystems.co.il\/es\/\",\"logo\":{\"@type\":\"ImageObject\",\"inLanguage\":\"en\",\"@id\":\"https:\/\/crmsystems.co.il\/es\/#\/schema\/logo\/image\/\",\"url\":\"https:\/\/crmsystems.co.il\/es\/wp-content\/uploads\/2021\/11\/CCS-White-Logo-2.png\",\"contentUrl\":\"https:\/\/crmsystems.co.il\/es\/wp-content\/uploads\/2021\/11\/CCS-White-Logo-2.png\",\"width\":460,\"height\":157,\"caption\":\"Cloud CRM Systems\"},\"image\":{\"@id\":\"https:\/\/crmsystems.co.il\/es\/#\/schema\/logo\/image\/\"}}]}<\/script>\n<!-- \/ Yoast SEO plugin. -->","yoast_head_json":{"title":"Zoho Analytics - Cloud CRM Systems","robots":{"index":"index","follow":"follow","max-snippet":"max-snippet:-1","max-image-preview":"max-image-preview:large","max-video-preview":"max-video-preview:-1"},"canonical":"http:\/\/crmsystems.co.il\/es\/zoho-products\/zoho-analytics\/","og_locale":"en_US","og_type":"article","og_title":"Zoho Analytics - Cloud CRM Systems","og_description":"La informaci\u00f3n empresarial de muchas organizaciones proviene de diversas fuentes: sitios web, sistemas de publicidad, sistemas corporativos, bases de datos internas y m\u00e1s. Zoho Analytics es un sistema avanzado que permite la consolidaci\u00f3n de informaci\u00f3n proveniente de diferentes fuentes, facilitando la presentaci\u00f3n gr\u00e1fica y el an\u00e1lisis de los datos, ya sea por partes o en ... Read more","og_url":"http:\/\/crmsystems.co.il\/es\/zoho-products\/zoho-analytics\/","og_site_name":"Cloud CRM Systems","article_modified_time":"2025-08-23T05:53:28+00:00","twitter_card":"summary_large_image","twitter_misc":{"Est. reading time":"2 minutes"},"schema":{"@context":"https:\/\/schema.org","@graph":[{"@type":"WebPage","@id":"http:\/\/crmsystems.co.il\/es\/zoho-products\/zoho-analytics\/","url":"http:\/\/crmsystems.co.il\/es\/zoho-products\/zoho-analytics\/","name":"Zoho Analytics - Cloud CRM Systems","isPartOf":{"@id":"https:\/\/crmsystems.co.il\/es\/#website"},"datePublished":"2025-08-20T13:03:29+00:00","dateModified":"2025-08-23T05:53:28+00:00","breadcrumb":{"@id":"http:\/\/crmsystems.co.il\/es\/zoho-products\/zoho-analytics\/#breadcrumb"},"inLanguage":"en","potentialAction":[{"@type":"ReadAction","target":["http:\/\/crmsystems.co.il\/es\/zoho-products\/zoho-analytics\/"]}]},{"@type":"BreadcrumbList","@id":"http:\/\/crmsystems.co.il\/es\/zoho-products\/zoho-analytics\/#breadcrumb","itemListElement":[{"@type":"ListItem","position":1,"name":"Home","item":"https:\/\/crmsystems.co.il\/es\/"},{"@type":"ListItem","position":2,"name":"Productos de Zoho","item":"http:\/\/crmsystems.co.il\/es\/zoho-products\/"},{"@type":"ListItem","position":3,"name":"Zoho Analytics"}]},{"@type":"WebSite","@id":"https:\/\/crmsystems.co.il\/es\/#website","url":"https:\/\/crmsystems.co.il\/es\/","name":"Cloud CRM Systems","description":"The Zoho Experts","publisher":{"@id":"https:\/\/crmsystems.co.il\/es\/#organization"},"potentialAction":[{"@type":"SearchAction","target":{"@type":"EntryPoint","urlTemplate":"https:\/\/crmsystems.co.il\/es\/?s={search_term_string}"},"query-input":{"@type":"PropertyValueSpecification","valueRequired":true,"valueName":"search_term_string"}}],"inLanguage":"en"},{"@type":"Organization","@id":"https:\/\/crmsystems.co.il\/es\/#organization","name":"Cloud CRM Systems","url":"https:\/\/crmsystems.co.il\/es\/","logo":{"@type":"ImageObject","inLanguage":"en","@id":"https:\/\/crmsystems.co.il\/es\/#\/schema\/logo\/image\/","url":"https:\/\/crmsystems.co.il\/es\/wp-content\/uploads\/2021\/11\/CCS-White-Logo-2.png","contentUrl":"https:\/\/crmsystems.co.il\/es\/wp-content\/uploads\/2021\/11\/CCS-White-Logo-2.png","width":460,"height":157,"caption":"Cloud CRM Systems"},"image":{"@id":"https:\/\/crmsystems.co.il\/es\/#\/schema\/logo\/image\/"}}]}},"_links":{"self":[{"href":"https:\/\/crmsystems.co.il\/es\/wp-json\/wp\/v2\/pages\/1382","targetHints":{"allow":["GET"]}}],"collection":[{"href":"https:\/\/crmsystems.co.il\/es\/wp-json\/wp\/v2\/pages"}],"about":[{"href":"https:\/\/crmsystems.co.il\/es\/wp-json\/wp\/v2\/types\/page"}],"author":[{"embeddable":true,"href":"https:\/\/crmsystems.co.il\/es\/wp-json\/wp\/v2\/users\/1"}],"replies":[{"embeddable":true,"href":"https:\/\/crmsystems.co.il\/es\/wp-json\/wp\/v2\/comments?post=1382"}],"version-history":[{"count":2,"href":"https:\/\/crmsystems.co.il\/es\/wp-json\/wp\/v2\/pages\/1382\/revisions"}],"predecessor-version":[{"id":1429,"href":"https:\/\/crmsystems.co.il\/es\/wp-json\/wp\/v2\/pages\/1382\/revisions\/1429"}],"up":[{"embeddable":true,"href":"https:\/\/crmsystems.co.il\/es\/wp-json\/wp\/v2\/pages\/1359"}],"wp:attachment":[{"href":"https:\/\/crmsystems.co.il\/es\/wp-json\/wp\/v2\/media?parent=1382"}],"curies":[{"name":"wp","href":"https:\/\/api.w.org\/{rel}","templated":true}]}}