{"id":1375,"date":"2025-04-21T15:04:07","date_gmt":"2025-04-21T12:04:07","guid":{"rendered":"https:\/\/crmsystems.co.il\/es\/?page_id=1375"},"modified":"2025-04-21T15:41:10","modified_gmt":"2025-04-21T12:41:10","slug":"zoho-crm","status":"publish","type":"page","link":"https:\/\/crmsystems.co.il\/es\/zoho-products\/zoho-crm\/","title":{"rendered":"M\u00e1s all\u00e1 de un sistema de gesti\u00f3n de relaciones con clientes"},"content":{"rendered":"\n<div class=\"wp-block-columns is-layout-flex wp-container-core-columns-is-layout-9d6595d7 wp-block-columns-is-layout-flex\">\n<div class=\"wp-block-column is-vertically-aligned-top is-layout-flow wp-block-column-is-layout-flow\" style=\"flex-basis:33.33%\"><div class=\"wp-block-image\">\n<figure class=\"aligncenter size-thumbnail is-resized\"><img loading=\"lazy\" decoding=\"async\" src=\"https:\/\/crmsystems.co.il\/wp-content\/uploads\/2021\/11\/\u05d6\u05d5\u05d4\u05d5-CRM-150x150.png\" alt=\"\u05dc\u05d5\u05d2\u05d5 \u05e9\u05dc zoho crm\" class=\"wp-image-901\" width=\"113\" height=\"113\" srcset=\"https:\/\/crmsystems.co.il\/es\/wp-content\/uploads\/2021\/11\/\u05d6\u05d5\u05d4\u05d5-CRM-150x150.png 150w, https:\/\/crmsystems.co.il\/es\/wp-content\/uploads\/2021\/11\/\u05d6\u05d5\u05d4\u05d5-CRM-300x300.png 300w, https:\/\/crmsystems.co.il\/es\/wp-content\/uploads\/2021\/11\/\u05d6\u05d5\u05d4\u05d5-CRM.png 512w\" sizes=\"auto, (max-width: 113px) 100vw, 113px\" \/><\/figure><\/div><\/div>\n\n\n\n<div class=\"wp-block-column is-vertically-aligned-center is-layout-flow wp-block-column-is-layout-flow\" style=\"flex-basis:66.66%\">\n<p><strong><strong>El sistema de gesti\u00f3n de relaciones con clientes de Zoho ofrece una soluci\u00f3n flexible y eficaz para administrar las relaciones con los clientes a un precio accesible. Permite que tanto peque\u00f1as como grandes empresas otorguen a sus equipos una ventaja competitiva en los mercados m\u00e1s exigentes, gracias a una serie de funcionalidades clave.<\/strong><\/strong><\/p>\n<\/div>\n<\/div>\n\n\n\n<h2 class=\"wp-block-heading\"><strong>Personalizaci\u00f3n \u2013 Customizaci\u00f3n<\/strong><\/h2>\n\n\n\n<p>Es posible realizar ajustes simples y complejos en el sistema para que Zoho CRM se adapte perfectamente a sus procesos. Las adaptaciones incluyen aspectos b\u00e1sicos como la adici\u00f3n de campos y la edici\u00f3n de plantillas, as\u00ed como personalizaciones m\u00e1s avanzadas como el uso de reglas de flujo de trabajo para automatizar procesos, la escritura de funciones para ejecutar tareas autom\u00e1ticas, la gesti\u00f3n de procesos de aprobaci\u00f3n y m\u00e1s. Consideramos que la capacidad de adaptar Zoho CRM a sus necesidades es nuestro producto estrella, y en ello nos especializamos.<\/p>\n\n\n\n<h2 class=\"wp-block-heading\"><strong>Sistema multicanal<\/strong><\/h2>\n\n\n\n<p>Zoho CRM permite a sus usuarios &#8220;encontrar&#8221; a sus clientes en cualquier lugar, desde lo m\u00e1s obvio como llamadas telef\u00f3nicas, pasando por su sitio web, publicidad pagada, redes sociales y m\u00e1s. La capacidad de operar en m\u00faltiples canales permite una gesti\u00f3n m\u00e1s efectiva de las relaciones con los clientes, quienes hoy en d\u00eda interact\u00faan a trav\u00e9s de diversos medios.<\/p>\n\n\n\n<h2 class=\"wp-block-heading\"><strong>Integraci\u00f3n<\/strong><\/h2>\n\n\n\n<p>Zoho CRM permite la integraci\u00f3n con cualquier otro sistema que tenga una API documentada. Algunas integraciones ya est\u00e1n incluidas en el sistema, como la conexi\u00f3n con productos de Google, Facebook y m\u00e1s. Otras integraciones han sido desarrolladas por terceros, como sistemas de email marketing, plataformas de env\u00edo de SMS y m\u00e1s. Adem\u00e1s, si se requiere una integraci\u00f3n espec\u00edfica, se puede desarrollar de manera r\u00e1pida y eficiente.<\/p>\n\n\n\n<h2 class=\"wp-block-heading\"><strong><strong>Capacidades avanzadas de an\u00e1lisis<\/strong><\/strong><\/h2>\n\n\n\n<p>Zoho ofrece potentes herramientas de generaci\u00f3n de informes y an\u00e1lisis, que permiten extraer informaci\u00f3n valiosa para la toma de decisiones. Se pueden crear f\u00e1cilmente reportes y paneles visuales que respondan a preguntas clave del negocio. Adem\u00e1s, Zoho CRM se integra de forma nativa con Zoho Analytics, una plataforma de BI que permite el desarrollo de informes avanzados para el an\u00e1lisis de datos en profundidad.<\/p>\n\n\n\n<h2 class=\"wp-block-heading\"><strong>Acceso a la informaci\u00f3n clave<\/strong><\/h2>\n\n\n\n<p>Zoho CRM proporciona herramientas de control y monitoreo en tiempo real para una gesti\u00f3n eficiente. El sistema permite recibir alertas, gestionar aprobaciones, supervisar actividades y analizar el desempe\u00f1o del negocio para garantizar la correcta implementaci\u00f3n de decisiones. Tambi\u00e9n permite realizar predicciones sobre el rendimiento del negocio y compararlas con los resultados obtenidos. En Cloud CRM Systems, estamos a su disposici\u00f3n para ayudarle a aprovechar al m\u00e1ximo las capacidades de supervisi\u00f3n y an\u00e1lisis del sistema.<\/p>\n\n\n\n<h2 class=\"wp-block-heading\"><strong>Zoho CRM en cualquier lugar<\/strong><\/h2>\n\n\n\n<p>Los sistemas de Zoho est\u00e1n basados en la nube, lo que permite a los usuarios acceder a la informaci\u00f3n y gestionar el CRM desde cualquier lugar, en cualquier momento y desde cualquier dispositivo. Zoho CRM tambi\u00e9n cuenta con una aplicaci\u00f3n m\u00f3vil, lo que facilita la administraci\u00f3n de las relaciones con clientes incluso fuera de la oficina.<\/p>\n\n\n\n<h2 class=\"wp-block-heading\"><strong>M\u00e1s que solo gesti\u00f3n de relaciones con clientes<\/strong><\/h2>\n\n\n\n<p>Nos especializamos en la personalizaci\u00f3n de Zoho CRM y otros productos de Zoho para que se adapten a diversas necesidades operativas. Esto significa que el sistema no solo gestiona las relaciones con clientes, sino que tambi\u00e9n puede manejar procesos como compras, contratos, servicios avanzados y m\u00e1s. Asimismo, podemos ampliar el sistema para incluir estrategias de marketing, proporcionando una visi\u00f3n completa e integral de las operaciones comerciales.<\/p>\n\n\n\n<h2 class=\"wp-block-heading\"><strong>Principios de desarrollo de Zoho para sistemas CRM<\/strong><\/h2>\n\n\n\n<ol class=\"wp-block-list\">\n<li>Mayor inversi\u00f3n en el desarrollo de productos y soporte al cliente, en lugar de marketing y ventas.<\/li>\n\n\n\n<li>Zoho es una empresa privada, lo que garantiza su compromiso con los clientes y empleados, en lugar de accionistas externos.<\/li>\n\n\n\n<li>Desarrollo hol\u00edstico de los productos para asegurar una integraci\u00f3n fluida y efectiva entre ellos.<\/li>\n<\/ol>\n","protected":false},"excerpt":{"rendered":"<p>El sistema de gesti\u00f3n de relaciones con clientes de Zoho ofrece una soluci\u00f3n flexible y eficaz para administrar las relaciones con los clientes a un precio accesible. Permite que tanto peque\u00f1as como grandes empresas otorguen a sus equipos una ventaja competitiva en los mercados m\u00e1s exigentes, gracias a una serie de funcionalidades clave. Personalizaci\u00f3n \u2013 &#8230; <a title=\"M\u00e1s all\u00e1 de un sistema de gesti\u00f3n de relaciones con clientes\" class=\"read-more\" href=\"https:\/\/crmsystems.co.il\/es\/zoho-products\/zoho-crm\/\" aria-label=\"More on M\u00e1s all\u00e1 de un sistema de gesti\u00f3n de relaciones con clientes\">Read more<\/a><\/p>\n","protected":false},"author":1,"featured_media":0,"parent":1359,"menu_order":0,"comment_status":"closed","ping_status":"closed","template":"","meta":{"footnotes":""},"class_list":["post-1375","page","type-page","status-publish"],"yoast_head":"<!-- This site is optimized with the Yoast SEO plugin v25.8 - https:\/\/yoast.com\/wordpress\/plugins\/seo\/ -->\n<title>Zoho CRM - M\u00e1s all\u00e1 de un sistema de gesti\u00f3n de relaciones con clientes - Cloud CRM Systems<\/title>\n<meta name=\"robots\" content=\"index, follow, max-snippet:-1, max-image-preview:large, max-video-preview:-1\" \/>\n<link rel=\"canonical\" href=\"https:\/\/crmsystems.co.il\/es\/zoho-products\/zoho-crm\/\" \/>\n<meta property=\"og:locale\" content=\"en_US\" \/>\n<meta property=\"og:type\" content=\"article\" \/>\n<meta property=\"og:title\" content=\"Zoho CRM - M\u00e1s all\u00e1 de un sistema de gesti\u00f3n de relaciones con clientes - Cloud CRM Systems\" \/>\n<meta property=\"og:description\" content=\"El sistema de gesti\u00f3n de relaciones con clientes de Zoho ofrece una soluci\u00f3n flexible y eficaz para administrar las relaciones con los clientes a un precio accesible. Permite que tanto peque\u00f1as como grandes empresas otorguen a sus equipos una ventaja competitiva en los mercados m\u00e1s exigentes, gracias a una serie de funcionalidades clave. Personalizaci\u00f3n \u2013 ... Read more\" \/>\n<meta property=\"og:url\" content=\"https:\/\/crmsystems.co.il\/es\/zoho-products\/zoho-crm\/\" \/>\n<meta property=\"og:site_name\" content=\"Cloud CRM Systems\" \/>\n<meta property=\"article:modified_time\" content=\"2025-04-21T12:41:10+00:00\" \/>\n<meta name=\"twitter:card\" content=\"summary_large_image\" \/>\n<meta name=\"twitter:label1\" content=\"Est. reading time\" \/>\n\t<meta name=\"twitter:data1\" content=\"3 minutes\" \/>\n<script type=\"application\/ld+json\" class=\"yoast-schema-graph\">{\"@context\":\"https:\/\/schema.org\",\"@graph\":[{\"@type\":\"WebPage\",\"@id\":\"https:\/\/crmsystems.co.il\/es\/zoho-products\/zoho-crm\/\",\"url\":\"https:\/\/crmsystems.co.il\/es\/zoho-products\/zoho-crm\/\",\"name\":\"Zoho CRM - M\u00e1s all\u00e1 de un sistema de gesti\u00f3n de relaciones con clientes - Cloud CRM Systems\",\"isPartOf\":{\"@id\":\"https:\/\/crmsystems.co.il\/es\/#website\"},\"datePublished\":\"2025-04-21T12:04:07+00:00\",\"dateModified\":\"2025-04-21T12:41:10+00:00\",\"breadcrumb\":{\"@id\":\"https:\/\/crmsystems.co.il\/es\/zoho-products\/zoho-crm\/#breadcrumb\"},\"inLanguage\":\"en\",\"potentialAction\":[{\"@type\":\"ReadAction\",\"target\":[\"https:\/\/crmsystems.co.il\/es\/zoho-products\/zoho-crm\/\"]}]},{\"@type\":\"BreadcrumbList\",\"@id\":\"https:\/\/crmsystems.co.il\/es\/zoho-products\/zoho-crm\/#breadcrumb\",\"itemListElement\":[{\"@type\":\"ListItem\",\"position\":1,\"name\":\"Home\",\"item\":\"https:\/\/crmsystems.co.il\/es\/\"},{\"@type\":\"ListItem\",\"position\":2,\"name\":\"Productos de Zoho\",\"item\":\"http:\/\/crmsystems.co.il\/es\/zoho-products\/\"},{\"@type\":\"ListItem\",\"position\":3,\"name\":\"M\u00e1s all\u00e1 de un sistema de gesti\u00f3n de relaciones con clientes\"}]},{\"@type\":\"WebSite\",\"@id\":\"https:\/\/crmsystems.co.il\/es\/#website\",\"url\":\"https:\/\/crmsystems.co.il\/es\/\",\"name\":\"Cloud CRM Systems\",\"description\":\"The Zoho Experts\",\"publisher\":{\"@id\":\"https:\/\/crmsystems.co.il\/es\/#organization\"},\"potentialAction\":[{\"@type\":\"SearchAction\",\"target\":{\"@type\":\"EntryPoint\",\"urlTemplate\":\"https:\/\/crmsystems.co.il\/es\/?s={search_term_string}\"},\"query-input\":{\"@type\":\"PropertyValueSpecification\",\"valueRequired\":true,\"valueName\":\"search_term_string\"}}],\"inLanguage\":\"en\"},{\"@type\":\"Organization\",\"@id\":\"https:\/\/crmsystems.co.il\/es\/#organization\",\"name\":\"Cloud CRM Systems\",\"url\":\"https:\/\/crmsystems.co.il\/es\/\",\"logo\":{\"@type\":\"ImageObject\",\"inLanguage\":\"en\",\"@id\":\"https:\/\/crmsystems.co.il\/es\/#\/schema\/logo\/image\/\",\"url\":\"https:\/\/crmsystems.co.il\/es\/wp-content\/uploads\/2021\/11\/CCS-White-Logo-2.png\",\"contentUrl\":\"https:\/\/crmsystems.co.il\/es\/wp-content\/uploads\/2021\/11\/CCS-White-Logo-2.png\",\"width\":460,\"height\":157,\"caption\":\"Cloud CRM Systems\"},\"image\":{\"@id\":\"https:\/\/crmsystems.co.il\/es\/#\/schema\/logo\/image\/\"}}]}<\/script>\n<!-- \/ Yoast SEO plugin. -->","yoast_head_json":{"title":"Zoho CRM - M\u00e1s all\u00e1 de un sistema de gesti\u00f3n de relaciones con clientes - Cloud CRM Systems","robots":{"index":"index","follow":"follow","max-snippet":"max-snippet:-1","max-image-preview":"max-image-preview:large","max-video-preview":"max-video-preview:-1"},"canonical":"https:\/\/crmsystems.co.il\/es\/zoho-products\/zoho-crm\/","og_locale":"en_US","og_type":"article","og_title":"Zoho CRM - M\u00e1s all\u00e1 de un sistema de gesti\u00f3n de relaciones con clientes - Cloud CRM Systems","og_description":"El sistema de gesti\u00f3n de relaciones con clientes de Zoho ofrece una soluci\u00f3n flexible y eficaz para administrar las relaciones con los clientes a un precio accesible. Permite que tanto peque\u00f1as como grandes empresas otorguen a sus equipos una ventaja competitiva en los mercados m\u00e1s exigentes, gracias a una serie de funcionalidades clave. Personalizaci\u00f3n \u2013 ... Read more","og_url":"https:\/\/crmsystems.co.il\/es\/zoho-products\/zoho-crm\/","og_site_name":"Cloud CRM Systems","article_modified_time":"2025-04-21T12:41:10+00:00","twitter_card":"summary_large_image","twitter_misc":{"Est. reading time":"3 minutes"},"schema":{"@context":"https:\/\/schema.org","@graph":[{"@type":"WebPage","@id":"https:\/\/crmsystems.co.il\/es\/zoho-products\/zoho-crm\/","url":"https:\/\/crmsystems.co.il\/es\/zoho-products\/zoho-crm\/","name":"Zoho CRM - M\u00e1s all\u00e1 de un sistema de gesti\u00f3n de relaciones con clientes - Cloud CRM Systems","isPartOf":{"@id":"https:\/\/crmsystems.co.il\/es\/#website"},"datePublished":"2025-04-21T12:04:07+00:00","dateModified":"2025-04-21T12:41:10+00:00","breadcrumb":{"@id":"https:\/\/crmsystems.co.il\/es\/zoho-products\/zoho-crm\/#breadcrumb"},"inLanguage":"en","potentialAction":[{"@type":"ReadAction","target":["https:\/\/crmsystems.co.il\/es\/zoho-products\/zoho-crm\/"]}]},{"@type":"BreadcrumbList","@id":"https:\/\/crmsystems.co.il\/es\/zoho-products\/zoho-crm\/#breadcrumb","itemListElement":[{"@type":"ListItem","position":1,"name":"Home","item":"https:\/\/crmsystems.co.il\/es\/"},{"@type":"ListItem","position":2,"name":"Productos de Zoho","item":"http:\/\/crmsystems.co.il\/es\/zoho-products\/"},{"@type":"ListItem","position":3,"name":"M\u00e1s all\u00e1 de un sistema de gesti\u00f3n de relaciones con clientes"}]},{"@type":"WebSite","@id":"https:\/\/crmsystems.co.il\/es\/#website","url":"https:\/\/crmsystems.co.il\/es\/","name":"Cloud CRM Systems","description":"The Zoho Experts","publisher":{"@id":"https:\/\/crmsystems.co.il\/es\/#organization"},"potentialAction":[{"@type":"SearchAction","target":{"@type":"EntryPoint","urlTemplate":"https:\/\/crmsystems.co.il\/es\/?s={search_term_string}"},"query-input":{"@type":"PropertyValueSpecification","valueRequired":true,"valueName":"search_term_string"}}],"inLanguage":"en"},{"@type":"Organization","@id":"https:\/\/crmsystems.co.il\/es\/#organization","name":"Cloud CRM Systems","url":"https:\/\/crmsystems.co.il\/es\/","logo":{"@type":"ImageObject","inLanguage":"en","@id":"https:\/\/crmsystems.co.il\/es\/#\/schema\/logo\/image\/","url":"https:\/\/crmsystems.co.il\/es\/wp-content\/uploads\/2021\/11\/CCS-White-Logo-2.png","contentUrl":"https:\/\/crmsystems.co.il\/es\/wp-content\/uploads\/2021\/11\/CCS-White-Logo-2.png","width":460,"height":157,"caption":"Cloud CRM Systems"},"image":{"@id":"https:\/\/crmsystems.co.il\/es\/#\/schema\/logo\/image\/"}}]}},"_links":{"self":[{"href":"https:\/\/crmsystems.co.il\/es\/wp-json\/wp\/v2\/pages\/1375","targetHints":{"allow":["GET"]}}],"collection":[{"href":"https:\/\/crmsystems.co.il\/es\/wp-json\/wp\/v2\/pages"}],"about":[{"href":"https:\/\/crmsystems.co.il\/es\/wp-json\/wp\/v2\/types\/page"}],"author":[{"embeddable":true,"href":"https:\/\/crmsystems.co.il\/es\/wp-json\/wp\/v2\/users\/1"}],"replies":[{"embeddable":true,"href":"https:\/\/crmsystems.co.il\/es\/wp-json\/wp\/v2\/comments?post=1375"}],"version-history":[{"count":2,"href":"https:\/\/crmsystems.co.il\/es\/wp-json\/wp\/v2\/pages\/1375\/revisions"}],"predecessor-version":[{"id":1378,"href":"https:\/\/crmsystems.co.il\/es\/wp-json\/wp\/v2\/pages\/1375\/revisions\/1378"}],"up":[{"embeddable":true,"href":"https:\/\/crmsystems.co.il\/es\/wp-json\/wp\/v2\/pages\/1359"}],"wp:attachment":[{"href":"https:\/\/crmsystems.co.il\/es\/wp-json\/wp\/v2\/media?parent=1375"}],"curies":[{"name":"wp","href":"https:\/\/api.w.org\/{rel}","templated":true}]}}